{"id":109248,"date":"2025-05-18T20:51:43","date_gmt":"2025-05-18T20:51:43","guid":{"rendered":"https:\/\/staging2.stylingagenten.com\/fi\/produkt\/liu-jo-glam-edp-30ml\/"},"modified":"2026-04-08T15:30:44","modified_gmt":"2026-04-08T15:30:44","slug":"liu-jo-glam-edp-30ml","status":"publish","type":"product","link":"https:\/\/stylingagenten.com\/fi\/tuote\/liu-jo-glam-edp-30ml\/","title":{"rendered":"Liu Jo Glam Edp 30ml"},"content":{"rendered":"<p>Liu Jo Glam -tuoksu avautuu raikkaalla yhdistelm\u00e4ll\u00e4 greippi\u00e4 ja viinimarjaa, jota t\u00e4ydent\u00e4\u00e4 mausteinen inkiv\u00e4\u00e4ri. Hajuveden syd\u00e4mess\u00e4 paljastuu hienostunut kukkakimppu, jossa on pionin, jasmiinin ja freesian s\u00e4vyj\u00e4. Pohjatuoksu yhdist\u00e4\u00e4 itseens\u00e4 meripihkan, vetiverin ja myskin aistikkaat ja intensiiviset vivahteet.<\/p>\n<p>Yl\u00e4nuotit: Greippi, Inkiv\u00e4\u00e4ri, Punaherukka<br \/>Syd\u00e4nnuotit: Pioni, Freesia, Jasmiini<br \/>Pohjanuotit: Meripihka, Vetiver, Myski<\/p>\n<p>30ml<\/p>\n","protected":false},"excerpt":{"rendered":"<p>Liu Jo Glam -tuoksu avautuu raikkaalla yhdistelm\u00e4ll\u00e4 greippi\u00e4 ja viinimarjaa, jota t\u00e4ydent\u00e4\u00e4 mausteinen inkiv\u00e4\u00e4ri. Hajuveden syd\u00e4mess\u00e4 paljastuu hienostunut kukkakimppu, jossa on pionin, jasmiinin ja freesian s\u00e4vyj\u00e4. Pohjatuoksu yhdist\u00e4\u00e4 itseens\u00e4 meripihkan, vetiverin ja myskin aistikkaat ja intensiiviset vivahteet. Yl\u00e4nuotit: Greippi, Inkiv\u00e4\u00e4ri, PunaherukkaSyd\u00e4nnuotit: Pioni, Freesia, JasmiiniPohjanuotit: Meripihka, Vetiver, Myski 30ml<\/p>\n","protected":false},"featured_media":109241,"comment_status":"open","ping_status":"closed","template":"","meta":{"_trash_the_other_posts":false},"product_brand":[],"product_cat":[999,706,735],"product_tag":[3219],"berocket_brand":[1377],"class_list":{"0":"post-109248","1":"product","2":"type-product","3":"status-publish","4":"has-post-thumbnail","6":"product_cat-kampanjatarjous-naiselle","7":"product_cat-naisten-eau-de-parfum","8":"product_cat-kampanjamme","9":"product_tag-liu-jo-glam-edp","10":"pa_brand-liu-jo","11":"pa_variantti-30ml","12":"berocket_brand-liu-jo","14":"first","15":"instock","16":"sale","17":"taxable","18":"shipping-taxable","19":"purchasable","20":"product-type-simple"},"_links":{"self":[{"href":"https:\/\/stylingagenten.com\/fi\/wp-json\/wp\/v2\/product\/109248","targetHints":{"allow":["GET"]}}],"collection":[{"href":"https:\/\/stylingagenten.com\/fi\/wp-json\/wp\/v2\/product"}],"about":[{"href":"https:\/\/stylingagenten.com\/fi\/wp-json\/wp\/v2\/types\/product"}],"replies":[{"embeddable":true,"href":"https:\/\/stylingagenten.com\/fi\/wp-json\/wp\/v2\/comments?post=109248"}],"version-history":[{"count":0,"href":"https:\/\/stylingagenten.com\/fi\/wp-json\/wp\/v2\/product\/109248\/revisions"}],"wp:featuredmedia":[{"embeddable":true,"href":"https:\/\/stylingagenten.com\/fi\/wp-json\/wp\/v2\/media\/109241"}],"wp:attachment":[{"href":"https:\/\/stylingagenten.com\/fi\/wp-json\/wp\/v2\/media?parent=109248"}],"wp:term":[{"taxonomy":"product_brand","embeddable":true,"href":"https:\/\/stylingagenten.com\/fi\/wp-json\/wp\/v2\/product_brand?post=109248"},{"taxonomy":"product_cat","embeddable":true,"href":"https:\/\/stylingagenten.com\/fi\/wp-json\/wp\/v2\/product_cat?post=109248"},{"taxonomy":"product_tag","embeddable":true,"href":"https:\/\/stylingagenten.com\/fi\/wp-json\/wp\/v2\/product_tag?post=109248"},{"taxonomy":"berocket_brand","embeddable":true,"href":"https:\/\/stylingagenten.com\/fi\/wp-json\/wp\/v2\/berocket_brand?post=109248"}],"curies":[{"name":"wp","href":"https:\/\/api.w.org\/{rel}","templated":true}]}}