{"id":109238,"date":"2025-05-18T20:51:40","date_gmt":"2025-05-18T20:51:40","guid":{"rendered":"https:\/\/staging2.stylingagenten.com\/fi\/produkt\/wella-blondor-multi-blonde-800g\/"},"modified":"2025-11-19T11:46:12","modified_gmt":"2025-11-19T11:46:12","slug":"wella-blondor-multi-blonde-800g","status":"publish","type":"product","link":"https:\/\/stylingagenten.com\/fi\/tuote\/wella-blondor-multi-blonde-800g\/","title":{"rendered":"Wella Blondor Multi Blonde 800g"},"content":{"rendered":"<p>F&aring; T\u00e4ydelliseen blondiin s\u00e4vyyn Wella Professionals Blondor Multi Blonde valkaisujauheella, joka tekee hiuksista jopa seitsem\u00e4n s\u00e4vy\u00e4 vaaleammat luotettavalla tuloksella.<\/p>\n<p>Puuteria voidaan k\u00e4ytt\u00e4\u00e4 molemmissa; v\u00e4rj\u00e4tyille ja v\u00e4rj\u00e4\u00e4m\u00e4tt\u00f6mille hiuksille ja siksi t\u00e4ydellinen lis\u00e4varuste kaikkiin hiusten valkaisutekniikoihin. Erityinen Tri-Lightening-tekniikka suojaa my\u00f6s ei-toivotuilta keltaisilta ja oransseilta pigmenteilt\u00e4.<\/p>\n<p>Blondor on useaan otteeseen voittanut parhaan valkaisuaineen palkinnon kansainv\u00e4lisess\u00e4 sarjassa kakkonen &#8221;The Stylist Choice Award&#8221;. ;. 10 % til &#8211; (hidas prosessi, hell\u00e4varaisempi) 20 % vol &#8211; normaaliin valkaisuun 30 % til &#8211; maksimaaliseen nostokykyyn.<\/p>\n<p><strong>Ominaisuudet:<\/strong><\/p>\n<ul type=\"disc\">\n<li>tekee hiuksista jopa seitsem\u00e4n s\u00e4vy\u00e4 vaaleampia<\/li>\n<li>antaa hiuksille kirkkaan ja kiilt\u00e4v\u00e4n v\u00e4rin<\/li>\n<li>poistaa ei-toivotut keltaiset ja oranssit pigmentit<\/li>\n<li> li&gt;\n<li>voidaan k\u00e4ytt\u00e4\u00e4; tuonut t\u00e4nne v\u00e4rillisi\u00e4 ja v\u00e4ritt\u00e4m\u00e4tt\u00f6mi\u00e4<\/li>\n<\/ul>\n<p><strong>Koostelu:<\/strong><\/p>\n<ul type=\"disc\">\n<li> Tri-Lightening &ndash; v\u00e4hent\u00e4\u00e4 keltaisen ja oranssin s\u00e4vyj\u00e4 valkaisun aikana<\/li>\n<\/ul>\n<p><strong>Vain ammattik\u00e4ytt\u00f6\u00f6n kampaamoissa.<\/strong><\/p>\n","protected":false},"excerpt":{"rendered":"<p>F&aring; T\u00e4ydelliseen blondiin s\u00e4vyyn Wella Professionals Blondor Multi Blonde valkaisujauheella, joka tekee hiuksista jopa seitsem\u00e4n s\u00e4vy\u00e4 vaaleammat luotettavalla tuloksella. Puuteria voidaan k\u00e4ytt\u00e4\u00e4 molemmissa; v\u00e4rj\u00e4tyille ja v\u00e4rj\u00e4\u00e4m\u00e4tt\u00f6mille hiuksille ja siksi t\u00e4ydellinen lis\u00e4varuste kaikkiin hiusten valkaisutekniikoihin. Erityinen Tri-Lightening-tekniikka suojaa my\u00f6s ei-toivotuilta keltaisilta ja oransseilta pigmenteilt\u00e4. Blondor on useaan otteeseen voittanut parhaan valkaisuaineen palkinnon kansainv\u00e4lisess\u00e4 sarjassa kakkonen &#8221;The [&hellip;]<\/p>\n","protected":false},"featured_media":109237,"comment_status":"open","ping_status":"closed","template":"","meta":{"_trash_the_other_posts":false},"product_brand":[],"product_cat":[999,735],"product_tag":[],"berocket_brand":[1030],"class_list":{"0":"post-109238","1":"product","2":"type-product","3":"status-publish","4":"has-post-thumbnail","6":"product_cat-kampanjatarjous-naiselle","7":"product_cat-kampanjamme","8":"pa_brand-wella","9":"berocket_brand-wella","11":"first","12":"outofstock","13":"sale","14":"taxable","15":"shipping-taxable","16":"purchasable","17":"product-type-simple"},"_links":{"self":[{"href":"https:\/\/stylingagenten.com\/fi\/wp-json\/wp\/v2\/product\/109238","targetHints":{"allow":["GET"]}}],"collection":[{"href":"https:\/\/stylingagenten.com\/fi\/wp-json\/wp\/v2\/product"}],"about":[{"href":"https:\/\/stylingagenten.com\/fi\/wp-json\/wp\/v2\/types\/product"}],"replies":[{"embeddable":true,"href":"https:\/\/stylingagenten.com\/fi\/wp-json\/wp\/v2\/comments?post=109238"}],"version-history":[{"count":0,"href":"https:\/\/stylingagenten.com\/fi\/wp-json\/wp\/v2\/product\/109238\/revisions"}],"wp:featuredmedia":[{"embeddable":true,"href":"https:\/\/stylingagenten.com\/fi\/wp-json\/wp\/v2\/media\/109237"}],"wp:attachment":[{"href":"https:\/\/stylingagenten.com\/fi\/wp-json\/wp\/v2\/media?parent=109238"}],"wp:term":[{"taxonomy":"product_brand","embeddable":true,"href":"https:\/\/stylingagenten.com\/fi\/wp-json\/wp\/v2\/product_brand?post=109238"},{"taxonomy":"product_cat","embeddable":true,"href":"https:\/\/stylingagenten.com\/fi\/wp-json\/wp\/v2\/product_cat?post=109238"},{"taxonomy":"product_tag","embeddable":true,"href":"https:\/\/stylingagenten.com\/fi\/wp-json\/wp\/v2\/product_tag?post=109238"},{"taxonomy":"berocket_brand","embeddable":true,"href":"https:\/\/stylingagenten.com\/fi\/wp-json\/wp\/v2\/berocket_brand?post=109238"}],"curies":[{"name":"wp","href":"https:\/\/api.w.org\/{rel}","templated":true}]}}