{"id":109234,"date":"2025-05-18T20:51:38","date_gmt":"2025-05-18T20:51:38","guid":{"rendered":"https:\/\/staging2.stylingagenten.com\/fi\/produkt\/giftset-acqua-di-parma-camelia-edp-7ml-yuzu-edp-7ml-osmanthus-edp-7ml\/"},"modified":"2026-03-23T11:27:36","modified_gmt":"2026-03-23T11:27:36","slug":"giftset-acqua-di-parma-camelia-edp-7ml-yuzu-edp-7ml-osmanthus-edp-7ml","status":"publish","type":"product","link":"https:\/\/stylingagenten.com\/fi\/tuote\/giftset-acqua-di-parma-camelia-edp-7ml-yuzu-edp-7ml-osmanthus-edp-7ml\/","title":{"rendered":"Giftset Acqua Di Parma Camelia Edp 7ml + Yuzu Edp 7ml + Osmanthus Edp 7ml"},"content":{"rendered":"<p>Acqua di Parma Miniatures -lahjasetti sis\u00e4lt\u00e4\u00e4 3 eau de parfum -tuoksua. T\u00e4ydellinen joulu- tai syntym\u00e4p\u00e4iv\u00e4lahja. Sis\u00e4lt\u00f6: Acqua Di Parma Camelia Edp 7 ml Acqua Di Parma Osmanthus Edp 7 ml Acqua Di Parma Yuzu Osmanthus 7 ml<\/p>\n","protected":false},"excerpt":{"rendered":"<p>Acqua di Parma Miniatures -lahjasetti sis\u00e4lt\u00e4\u00e4 3 eau de parfum -tuoksua. T\u00e4ydellinen joulu- tai syntym\u00e4p\u00e4iv\u00e4lahja. Sis\u00e4lt\u00f6: Acqua Di Parma Camelia Edp 7 ml Acqua Di Parma Osmanthus Edp 7 ml Acqua Di Parma Yuzu Osmanthus 7 ml<\/p>\n","protected":false},"featured_media":109231,"comment_status":"open","ping_status":"closed","template":"","meta":{"_trash_the_other_posts":false},"product_brand":[],"product_cat":[999,544,1003,735],"product_tag":[],"berocket_brand":[1161],"class_list":{"0":"post-109234","1":"product","2":"type-product","3":"status-publish","4":"has-post-thumbnail","6":"product_cat-kampanjatarjous-naiselle","7":"product_cat-gave-parfyme-dame","8":"product_cat-myydyimmat","9":"product_cat-kampanjamme","10":"pa_brand-acqua-di-parma","11":"berocket_brand-acqua-di-parma","13":"first","14":"instock","15":"sale","16":"taxable","17":"shipping-taxable","18":"purchasable","19":"product-type-simple"},"_links":{"self":[{"href":"https:\/\/stylingagenten.com\/fi\/wp-json\/wp\/v2\/product\/109234","targetHints":{"allow":["GET"]}}],"collection":[{"href":"https:\/\/stylingagenten.com\/fi\/wp-json\/wp\/v2\/product"}],"about":[{"href":"https:\/\/stylingagenten.com\/fi\/wp-json\/wp\/v2\/types\/product"}],"replies":[{"embeddable":true,"href":"https:\/\/stylingagenten.com\/fi\/wp-json\/wp\/v2\/comments?post=109234"}],"version-history":[{"count":0,"href":"https:\/\/stylingagenten.com\/fi\/wp-json\/wp\/v2\/product\/109234\/revisions"}],"wp:featuredmedia":[{"embeddable":true,"href":"https:\/\/stylingagenten.com\/fi\/wp-json\/wp\/v2\/media\/109231"}],"wp:attachment":[{"href":"https:\/\/stylingagenten.com\/fi\/wp-json\/wp\/v2\/media?parent=109234"}],"wp:term":[{"taxonomy":"product_brand","embeddable":true,"href":"https:\/\/stylingagenten.com\/fi\/wp-json\/wp\/v2\/product_brand?post=109234"},{"taxonomy":"product_cat","embeddable":true,"href":"https:\/\/stylingagenten.com\/fi\/wp-json\/wp\/v2\/product_cat?post=109234"},{"taxonomy":"product_tag","embeddable":true,"href":"https:\/\/stylingagenten.com\/fi\/wp-json\/wp\/v2\/product_tag?post=109234"},{"taxonomy":"berocket_brand","embeddable":true,"href":"https:\/\/stylingagenten.com\/fi\/wp-json\/wp\/v2\/berocket_brand?post=109234"}],"curies":[{"name":"wp","href":"https:\/\/api.w.org\/{rel}","templated":true}]}}