{"id":109221,"date":"2025-05-18T20:51:35","date_gmt":"2025-05-18T20:51:35","guid":{"rendered":"https:\/\/staging2.stylingagenten.com\/fi\/produkt\/giftset-paco-rabanne-olympea-edp-80ml-body-lotion-100ml\/"},"modified":"2026-03-11T22:05:13","modified_gmt":"2026-03-11T22:05:13","slug":"giftset-paco-rabanne-olympea-edp-80ml-body-lotion-100ml","status":"publish","type":"product","link":"https:\/\/stylingagenten.com\/fi\/tuote\/giftset-paco-rabanne-olympea-edp-80ml-body-lotion-100ml\/","title":{"rendered":"Giftset Paco Rabanne Olympea Edp 80ml + Body Lotion 100ml"},"content":{"rendered":"<p>Lahjasetti Paco Rabanne Olympea Edp 80ml + vartalovoide 100ml<\/p>\n<p>TUOKSU:<br \/>Alkutuoksu: Vihre\u00e4 mandariini, vesijasmiini, inkiv\u00e4\u00e4rikukka<br \/>Keskituoksu: suolainen vanilja<br \/>Pohjatuoksu: Ambra, kashmirpuu<\/p>\n<p>Sis\u00e4lt\u00e4\u00e4:<br \/>Paco Rabanne Olympea Edp 80ml<br \/>Paco Rabanne Olympea Body Lotion 100ml<\/p>\n","protected":false},"excerpt":{"rendered":"<p>Lahjasetti Paco Rabanne Olympea Edp 80ml + vartalovoide 100ml TUOKSU:Alkutuoksu: Vihre\u00e4 mandariini, vesijasmiini, inkiv\u00e4\u00e4rikukkaKeskituoksu: suolainen vaniljaPohjatuoksu: Ambra, kashmirpuu Sis\u00e4lt\u00e4\u00e4:Paco Rabanne Olympea Edp 80mlPaco Rabanne Olympea Body Lotion 100ml<\/p>\n","protected":false},"featured_media":109219,"comment_status":"open","ping_status":"closed","template":"","meta":{"_trash_the_other_posts":false},"product_brand":[],"product_cat":[999,548,1003,735],"product_tag":[],"berocket_brand":[1048],"class_list":{"0":"post-109221","1":"product","2":"type-product","3":"status-publish","4":"has-post-thumbnail","6":"product_cat-kampanjatarjous-naiselle","7":"product_cat-gave-parfyme-herre","8":"product_cat-myydyimmat","9":"product_cat-kampanjamme","10":"pa_brand-paco-rabanne","11":"berocket_brand-paco-rabanne","13":"first","14":"instock","15":"sale","16":"taxable","17":"shipping-taxable","18":"purchasable","19":"product-type-simple"},"_links":{"self":[{"href":"https:\/\/stylingagenten.com\/fi\/wp-json\/wp\/v2\/product\/109221","targetHints":{"allow":["GET"]}}],"collection":[{"href":"https:\/\/stylingagenten.com\/fi\/wp-json\/wp\/v2\/product"}],"about":[{"href":"https:\/\/stylingagenten.com\/fi\/wp-json\/wp\/v2\/types\/product"}],"replies":[{"embeddable":true,"href":"https:\/\/stylingagenten.com\/fi\/wp-json\/wp\/v2\/comments?post=109221"}],"version-history":[{"count":0,"href":"https:\/\/stylingagenten.com\/fi\/wp-json\/wp\/v2\/product\/109221\/revisions"}],"wp:featuredmedia":[{"embeddable":true,"href":"https:\/\/stylingagenten.com\/fi\/wp-json\/wp\/v2\/media\/109219"}],"wp:attachment":[{"href":"https:\/\/stylingagenten.com\/fi\/wp-json\/wp\/v2\/media?parent=109221"}],"wp:term":[{"taxonomy":"product_brand","embeddable":true,"href":"https:\/\/stylingagenten.com\/fi\/wp-json\/wp\/v2\/product_brand?post=109221"},{"taxonomy":"product_cat","embeddable":true,"href":"https:\/\/stylingagenten.com\/fi\/wp-json\/wp\/v2\/product_cat?post=109221"},{"taxonomy":"product_tag","embeddable":true,"href":"https:\/\/stylingagenten.com\/fi\/wp-json\/wp\/v2\/product_tag?post=109221"},{"taxonomy":"berocket_brand","embeddable":true,"href":"https:\/\/stylingagenten.com\/fi\/wp-json\/wp\/v2\/berocket_brand?post=109221"}],"curies":[{"name":"wp","href":"https:\/\/api.w.org\/{rel}","templated":true}]}}