{"id":109210,"date":"2025-05-18T20:51:32","date_gmt":"2025-05-18T20:51:32","guid":{"rendered":"https:\/\/staging2.stylingagenten.com\/fi\/produkt\/giftset-marc-jacobs-perfect-edp-50ml-body-lotion-75ml\/"},"modified":"2026-03-11T22:04:59","modified_gmt":"2026-03-11T22:04:59","slug":"giftset-marc-jacobs-perfect-edp-50ml-body-lotion-75ml","status":"publish","type":"product","link":"https:\/\/stylingagenten.com\/fi\/tuote\/giftset-marc-jacobs-perfect-edp-50ml-body-lotion-75ml\/","title":{"rendered":"Giftset Marc Jacobs Perfect Edp 50ml + Body Lotion 75ml"},"content":{"rendered":"<p>Sis\u00e4lt\u00e4\u00e4: Marc Jacobs Perfect Edp 50ml + Body Lotion 75ml<\/p>\n<p>Moderni, kevyt ja naisellinen. Tutustu Marc Jacobsin uuteen Perfect Eau de Parfumiin, leikkis\u00e4\u00e4n ja koukuttavaan kukkaistuoksuun, jonka on luonut parfyymi Domitille Michalon-Bertier. T\u00e4ydellinen on kunnianosoitus itsellesi, itsens\u00e4 hyv\u00e4ksymiselle ja omaper\u00e4isyydelle. Kuten Marc Jacobsin &#8221;t\u00e4ydellinen&#8221; ranteessa oleva tatuointi, tuoksu kannattaa &#8211; olet t\u00e4ydellinen sellaisena kuin olet.<br \/>&#8211;<br \/>Perfect Eau de Parfum on odottamaton ja samalla harmoninen hajuvesi, jossa tuoreet kukat kohtaavat harmonisen , pehme\u00e4t tuoksusoinnut. Tuoksu avautuu mehukkaan raparperin ja narsissin vivahteilla, ja syd\u00e4mest\u00e4 l\u00f6ytyy kermainen mantelimaito. T\u00e4ydellist\u00e4 ei ole mit\u00e4\u00e4n, mit\u00e4 odotat, mutta kaikki mit\u00e4 tarvitset.<br \/>&#8211;<br \/>Yl\u00e4osa: raparperi, narsissi<br \/>Syd\u00e4n: mantelimaito<br \/>pohja: setripuu, ka\u0161meraani<\/p>\n","protected":false},"excerpt":{"rendered":"<p>Sis\u00e4lt\u00e4\u00e4: Marc Jacobs Perfect Edp 50ml + Body Lotion 75ml Moderni, kevyt ja naisellinen. Tutustu Marc Jacobsin uuteen Perfect Eau de Parfumiin, leikkis\u00e4\u00e4n ja koukuttavaan kukkaistuoksuun, jonka on luonut parfyymi Domitille Michalon-Bertier. T\u00e4ydellinen on kunnianosoitus itsellesi, itsens\u00e4 hyv\u00e4ksymiselle ja omaper\u00e4isyydelle. Kuten Marc Jacobsin &#8221;t\u00e4ydellinen&#8221; ranteessa oleva tatuointi, tuoksu kannattaa &#8211; olet t\u00e4ydellinen sellaisena kuin olet.&#8211;Perfect [&hellip;]<\/p>\n","protected":false},"featured_media":109209,"comment_status":"open","ping_status":"closed","template":"","meta":{"_trash_the_other_posts":false},"product_brand":[],"product_cat":[999,544,1005,735],"product_tag":[],"berocket_brand":[1069],"class_list":{"0":"post-109210","1":"product","2":"type-product","3":"status-publish","4":"has-post-thumbnail","6":"product_cat-kampanjatarjous-naiselle","7":"product_cat-gave-parfyme-dame","8":"product_cat-outlet","9":"product_cat-kampanjamme","10":"pa_brand-marc-jacobs","11":"berocket_brand-marc-jacobs","13":"first","14":"instock","15":"sale","16":"taxable","17":"shipping-taxable","18":"purchasable","19":"product-type-simple"},"_links":{"self":[{"href":"https:\/\/stylingagenten.com\/fi\/wp-json\/wp\/v2\/product\/109210","targetHints":{"allow":["GET"]}}],"collection":[{"href":"https:\/\/stylingagenten.com\/fi\/wp-json\/wp\/v2\/product"}],"about":[{"href":"https:\/\/stylingagenten.com\/fi\/wp-json\/wp\/v2\/types\/product"}],"replies":[{"embeddable":true,"href":"https:\/\/stylingagenten.com\/fi\/wp-json\/wp\/v2\/comments?post=109210"}],"version-history":[{"count":0,"href":"https:\/\/stylingagenten.com\/fi\/wp-json\/wp\/v2\/product\/109210\/revisions"}],"wp:featuredmedia":[{"embeddable":true,"href":"https:\/\/stylingagenten.com\/fi\/wp-json\/wp\/v2\/media\/109209"}],"wp:attachment":[{"href":"https:\/\/stylingagenten.com\/fi\/wp-json\/wp\/v2\/media?parent=109210"}],"wp:term":[{"taxonomy":"product_brand","embeddable":true,"href":"https:\/\/stylingagenten.com\/fi\/wp-json\/wp\/v2\/product_brand?post=109210"},{"taxonomy":"product_cat","embeddable":true,"href":"https:\/\/stylingagenten.com\/fi\/wp-json\/wp\/v2\/product_cat?post=109210"},{"taxonomy":"product_tag","embeddable":true,"href":"https:\/\/stylingagenten.com\/fi\/wp-json\/wp\/v2\/product_tag?post=109210"},{"taxonomy":"berocket_brand","embeddable":true,"href":"https:\/\/stylingagenten.com\/fi\/wp-json\/wp\/v2\/berocket_brand?post=109210"}],"curies":[{"name":"wp","href":"https:\/\/api.w.org\/{rel}","templated":true}]}}