{"id":109199,"date":"2025-05-18T20:51:26","date_gmt":"2025-05-18T20:51:26","guid":{"rendered":"https:\/\/staging2.stylingagenten.com\/fi\/produkt\/giftset-mexx-woman-edt-20ml-shower-gel-50ml\/"},"modified":"2026-03-11T21:46:24","modified_gmt":"2026-03-11T21:46:24","slug":"giftset-mexx-woman-edt-20ml-shower-gel-50ml","status":"publish","type":"product","link":"https:\/\/stylingagenten.com\/fi\/tuote\/giftset-mexx-woman-edt-20ml-shower-gel-50ml\/","title":{"rendered":"Giftset Mexx Woman Edt 20ml + Shower Gel 50ml"},"content":{"rendered":"<p>Mexx Woman Eau de Toilette on Eau de Toilette naisille. Bergamotin ja sitruunan p\u00e4\u00e4nuotit antavat positiivisen alun p\u00e4iv\u00e4\u00e4si. Jasmiinin, kielon ja ruusujen kukkakimppu tuoksun syd\u00e4mess\u00e4 antaa inspiraatiota. L\u00e4mmin, puumainen s\u00e4vy setripuusta, meripihkasta ja santelipuusta antaa t\u00e4ytel\u00e4isen, naisellisen ja elegantin tunteen.<\/p>\n<p>Sarja sis\u00e4lt\u00e4\u00e4: Mexx Woman Edt 20ml + Suihkugeeli 50ml<\/p>\n","protected":false},"excerpt":{"rendered":"<p>Mexx Woman Eau de Toilette on Eau de Toilette naisille. Bergamotin ja sitruunan p\u00e4\u00e4nuotit antavat positiivisen alun p\u00e4iv\u00e4\u00e4si. Jasmiinin, kielon ja ruusujen kukkakimppu tuoksun syd\u00e4mess\u00e4 antaa inspiraatiota. L\u00e4mmin, puumainen s\u00e4vy setripuusta, meripihkasta ja santelipuusta antaa t\u00e4ytel\u00e4isen, naisellisen ja elegantin tunteen. Sarja sis\u00e4lt\u00e4\u00e4: Mexx Woman Edt 20ml + Suihkugeeli 50ml<\/p>\n","protected":false},"featured_media":109195,"comment_status":"open","ping_status":"closed","template":"","meta":{"_trash_the_other_posts":false},"product_brand":[],"product_cat":[999,544,1003,735],"product_tag":[],"berocket_brand":[1138],"class_list":{"0":"post-109199","1":"product","2":"type-product","3":"status-publish","4":"has-post-thumbnail","6":"product_cat-kampanjatarjous-naiselle","7":"product_cat-gave-parfyme-dame","8":"product_cat-myydyimmat","9":"product_cat-kampanjamme","10":"pa_brand-mexx","11":"berocket_brand-mexx","13":"first","14":"instock","15":"sale","16":"taxable","17":"shipping-taxable","18":"purchasable","19":"product-type-simple"},"_links":{"self":[{"href":"https:\/\/stylingagenten.com\/fi\/wp-json\/wp\/v2\/product\/109199","targetHints":{"allow":["GET"]}}],"collection":[{"href":"https:\/\/stylingagenten.com\/fi\/wp-json\/wp\/v2\/product"}],"about":[{"href":"https:\/\/stylingagenten.com\/fi\/wp-json\/wp\/v2\/types\/product"}],"replies":[{"embeddable":true,"href":"https:\/\/stylingagenten.com\/fi\/wp-json\/wp\/v2\/comments?post=109199"}],"version-history":[{"count":0,"href":"https:\/\/stylingagenten.com\/fi\/wp-json\/wp\/v2\/product\/109199\/revisions"}],"wp:featuredmedia":[{"embeddable":true,"href":"https:\/\/stylingagenten.com\/fi\/wp-json\/wp\/v2\/media\/109195"}],"wp:attachment":[{"href":"https:\/\/stylingagenten.com\/fi\/wp-json\/wp\/v2\/media?parent=109199"}],"wp:term":[{"taxonomy":"product_brand","embeddable":true,"href":"https:\/\/stylingagenten.com\/fi\/wp-json\/wp\/v2\/product_brand?post=109199"},{"taxonomy":"product_cat","embeddable":true,"href":"https:\/\/stylingagenten.com\/fi\/wp-json\/wp\/v2\/product_cat?post=109199"},{"taxonomy":"product_tag","embeddable":true,"href":"https:\/\/stylingagenten.com\/fi\/wp-json\/wp\/v2\/product_tag?post=109199"},{"taxonomy":"berocket_brand","embeddable":true,"href":"https:\/\/stylingagenten.com\/fi\/wp-json\/wp\/v2\/berocket_brand?post=109199"}],"curies":[{"name":"wp","href":"https:\/\/api.w.org\/{rel}","templated":true}]}}