{"id":109194,"date":"2025-05-18T20:51:25","date_gmt":"2025-05-18T20:51:25","guid":{"rendered":"https:\/\/staging2.stylingagenten.com\/fi\/produkt\/giftset-replay-signature-lovers-woman-edt-100ml-pochette\/"},"modified":"2026-02-27T11:56:50","modified_gmt":"2026-02-27T11:56:50","slug":"giftset-replay-signature-lovers-woman-edt-100ml-pochette","status":"publish","type":"product","link":"https:\/\/stylingagenten.com\/fi\/tuote\/giftset-replay-signature-lovers-woman-edt-100ml-pochette\/","title":{"rendered":"Giftset Replay Signature Lovers Woman Edt 100ml + Pochette"},"content":{"rendered":"<p>Replay Signature Lovers Woman on poikkeuksellinen luomus, jossa pakkaukseen luodut tatuoinnit eiv\u00e4t ole prameita, vaan pikemminkin elementti, joka v\u00e4litt\u00e4\u00e4 rakkauden viestin. Tuoksu avautuu elegantilla ruusulla yhdistettyn\u00e4 intohimoiseen gardeniaan, joka sulautuu syd\u00e4ntuoksuihin kukkakimpussa. T\u00e4m\u00e4 naisellinen vetovoima p\u00e4\u00e4ttyy pehme\u00e4sti orkideaan ja ylellisiin seoksiin harvinaista meripihkaa ja vaniljaa.<\/p>\n<p>Yl\u00e4tuoksut: Vadelma, Mandariini, Ruusupippuri, Bergamotti<br \/>\n<br \/>Syd\u00e4ntuoksut: Gardenia, Ruusu, Ylang Ylang, Jasmin Sambac<br \/>\n<br \/>Pohjatuoksut: Vaniljaorkidea, Meripihka, Santelipuu, Patchouli<\/p>\n<p>Lahjasetti sis\u00e4lt\u00e4\u00e4:<br \/>\n<br \/>Replay Signature Lovers Woman Edt 100ml<br \/>\n<br \/>Replay Denim Pochette<\/p>\n","protected":false},"excerpt":{"rendered":"<p>Replay Signature Lovers Woman on poikkeuksellinen luomus, jossa pakkaukseen luodut tatuoinnit eiv\u00e4t ole prameita, vaan pikemminkin elementti, joka v\u00e4litt\u00e4\u00e4 rakkauden viestin. Tuoksu avautuu elegantilla ruusulla yhdistettyn\u00e4 intohimoiseen gardeniaan, joka sulautuu syd\u00e4ntuoksuihin kukkakimpussa. T\u00e4m\u00e4 naisellinen vetovoima p\u00e4\u00e4ttyy pehme\u00e4sti orkideaan ja ylellisiin seoksiin harvinaista meripihkaa ja vaniljaa. Yl\u00e4tuoksut: Vadelma, Mandariini, Ruusupippuri, Bergamotti Syd\u00e4ntuoksut: Gardenia, Ruusu, Ylang Ylang, [&hellip;]<\/p>\n","protected":false},"featured_media":109189,"comment_status":"open","ping_status":"closed","template":"","meta":{"_trash_the_other_posts":false},"product_brand":[],"product_cat":[999,544,706,735],"product_tag":[],"berocket_brand":[1120],"class_list":{"0":"post-109194","1":"product","2":"type-product","3":"status-publish","4":"has-post-thumbnail","6":"product_cat-kampanjatarjous-naiselle","7":"product_cat-gave-parfyme-dame","8":"product_cat-naisten-eau-de-parfum","9":"product_cat-kampanjamme","10":"pa_brand-replay","11":"berocket_brand-replay","13":"first","14":"instock","15":"sale","16":"taxable","17":"shipping-taxable","18":"purchasable","19":"product-type-simple"},"_links":{"self":[{"href":"https:\/\/stylingagenten.com\/fi\/wp-json\/wp\/v2\/product\/109194","targetHints":{"allow":["GET"]}}],"collection":[{"href":"https:\/\/stylingagenten.com\/fi\/wp-json\/wp\/v2\/product"}],"about":[{"href":"https:\/\/stylingagenten.com\/fi\/wp-json\/wp\/v2\/types\/product"}],"replies":[{"embeddable":true,"href":"https:\/\/stylingagenten.com\/fi\/wp-json\/wp\/v2\/comments?post=109194"}],"version-history":[{"count":0,"href":"https:\/\/stylingagenten.com\/fi\/wp-json\/wp\/v2\/product\/109194\/revisions"}],"wp:featuredmedia":[{"embeddable":true,"href":"https:\/\/stylingagenten.com\/fi\/wp-json\/wp\/v2\/media\/109189"}],"wp:attachment":[{"href":"https:\/\/stylingagenten.com\/fi\/wp-json\/wp\/v2\/media?parent=109194"}],"wp:term":[{"taxonomy":"product_brand","embeddable":true,"href":"https:\/\/stylingagenten.com\/fi\/wp-json\/wp\/v2\/product_brand?post=109194"},{"taxonomy":"product_cat","embeddable":true,"href":"https:\/\/stylingagenten.com\/fi\/wp-json\/wp\/v2\/product_cat?post=109194"},{"taxonomy":"product_tag","embeddable":true,"href":"https:\/\/stylingagenten.com\/fi\/wp-json\/wp\/v2\/product_tag?post=109194"},{"taxonomy":"berocket_brand","embeddable":true,"href":"https:\/\/stylingagenten.com\/fi\/wp-json\/wp\/v2\/berocket_brand?post=109194"}],"curies":[{"name":"wp","href":"https:\/\/api.w.org\/{rel}","templated":true}]}}