{"id":109187,"date":"2025-05-18T20:51:23","date_gmt":"2025-05-18T20:51:23","guid":{"rendered":"https:\/\/staging2.stylingagenten.com\/fi\/produkt\/giftset-replay-signature-secret-woman-edt-100ml-pochette\/"},"modified":"2026-04-04T16:48:44","modified_gmt":"2026-04-04T16:48:44","slug":"giftset-replay-signature-secret-woman-edt-100ml-pochette","status":"publish","type":"product","link":"https:\/\/stylingagenten.com\/fi\/tuote\/giftset-replay-signature-secret-woman-edt-100ml-pochette\/","title":{"rendered":"Giftset Replay Signature Secret Woman Edt 100ml + Pochette"},"content":{"rendered":"<p>Replay Signature Secret for Woman on uusi tuoksu, joka rikastuttaa Replay Signature -sarjaa. Idyllicinen puutarha koristaa pulloa ja kutsuu kauniiseen luontoon. T\u00e4m\u00e4 luomus juhlistaa naisten mystist\u00e4, lempe\u00e4\u00e4 ja idyllist\u00e4 sielua. Tuoksu on energinen yhdistelm\u00e4, joka avautuu lumoavalla harmonialla s\u00e4ihkyv\u00e4\u00e4 bergamottia ja mehukasta p\u00e4\u00e4ryn\u00e4\u00e4. Syd\u00e4ntuoksu heijastaa voimakkaan ja vahvan naisen feminiinisyytt\u00e4 kukkakimpulla, jossa on raikasta freesiaa ja aistillista sambacjasmiinia. L\u00e4mmin ja pehme\u00e4 pohjatuoksu samettisesta kashmirpuusta ja kermainen vanilja sitovat koko koostumuksen yhteen.<\/p>\n<p>Yl\u00e4tuoksut: Bergamotti, P\u00e4\u00e4ryn\u00e4, Petitgrain<br \/>\n<br \/>Syd\u00e4ntuoksut: Freesia, Sambacjasmiini, Appelsiininkukka<br \/>\n<br \/>Pohjatuoksut: Valkoinen Myski, Vanilja, Kashmirpuu<\/p>\n<p>Lahjasetti sis\u00e4lt\u00e4\u00e4:<br \/>\n<br \/>Replay Signature Secret Woman Edt 100ml<br \/>\n<br \/>Replay Denim Pochette<\/p>\n","protected":false},"excerpt":{"rendered":"<p>Replay Signature Secret for Woman on uusi tuoksu, joka rikastuttaa Replay Signature -sarjaa. Idyllicinen puutarha koristaa pulloa ja kutsuu kauniiseen luontoon. T\u00e4m\u00e4 luomus juhlistaa naisten mystist\u00e4, lempe\u00e4\u00e4 ja idyllist\u00e4 sielua. Tuoksu on energinen yhdistelm\u00e4, joka avautuu lumoavalla harmonialla s\u00e4ihkyv\u00e4\u00e4 bergamottia ja mehukasta p\u00e4\u00e4ryn\u00e4\u00e4. Syd\u00e4ntuoksu heijastaa voimakkaan ja vahvan naisen feminiinisyytt\u00e4 kukkakimpulla, jossa on raikasta freesiaa [&hellip;]<\/p>\n","protected":false},"featured_media":109181,"comment_status":"open","ping_status":"closed","template":"","meta":{"_trash_the_other_posts":false},"product_brand":[],"product_cat":[999,544,706,735],"product_tag":[],"berocket_brand":[1120],"class_list":{"0":"post-109187","1":"product","2":"type-product","3":"status-publish","4":"has-post-thumbnail","6":"product_cat-kampanjatarjous-naiselle","7":"product_cat-gave-parfyme-dame","8":"product_cat-naisten-eau-de-parfum","9":"product_cat-kampanjamme","10":"pa_brand-replay","11":"berocket_brand-replay","13":"first","14":"instock","15":"sale","16":"taxable","17":"shipping-taxable","18":"purchasable","19":"product-type-simple"},"_links":{"self":[{"href":"https:\/\/stylingagenten.com\/fi\/wp-json\/wp\/v2\/product\/109187","targetHints":{"allow":["GET"]}}],"collection":[{"href":"https:\/\/stylingagenten.com\/fi\/wp-json\/wp\/v2\/product"}],"about":[{"href":"https:\/\/stylingagenten.com\/fi\/wp-json\/wp\/v2\/types\/product"}],"replies":[{"embeddable":true,"href":"https:\/\/stylingagenten.com\/fi\/wp-json\/wp\/v2\/comments?post=109187"}],"version-history":[{"count":0,"href":"https:\/\/stylingagenten.com\/fi\/wp-json\/wp\/v2\/product\/109187\/revisions"}],"wp:featuredmedia":[{"embeddable":true,"href":"https:\/\/stylingagenten.com\/fi\/wp-json\/wp\/v2\/media\/109181"}],"wp:attachment":[{"href":"https:\/\/stylingagenten.com\/fi\/wp-json\/wp\/v2\/media?parent=109187"}],"wp:term":[{"taxonomy":"product_brand","embeddable":true,"href":"https:\/\/stylingagenten.com\/fi\/wp-json\/wp\/v2\/product_brand?post=109187"},{"taxonomy":"product_cat","embeddable":true,"href":"https:\/\/stylingagenten.com\/fi\/wp-json\/wp\/v2\/product_cat?post=109187"},{"taxonomy":"product_tag","embeddable":true,"href":"https:\/\/stylingagenten.com\/fi\/wp-json\/wp\/v2\/product_tag?post=109187"},{"taxonomy":"berocket_brand","embeddable":true,"href":"https:\/\/stylingagenten.com\/fi\/wp-json\/wp\/v2\/berocket_brand?post=109187"}],"curies":[{"name":"wp","href":"https:\/\/api.w.org\/{rel}","templated":true}]}}