{"id":109175,"date":"2025-05-18T20:51:19","date_gmt":"2025-05-18T20:51:19","guid":{"rendered":"https:\/\/staging2.stylingagenten.com\/fi\/produkt\/giftset-replay-green-on-me-woman-edp-100ml-pochette\/"},"modified":"2026-03-23T05:37:26","modified_gmt":"2026-03-23T05:37:26","slug":"giftset-replay-green-on-me-woman-edp-100ml-pochette","status":"publish","type":"product","link":"https:\/\/stylingagenten.com\/fi\/tuote\/giftset-replay-green-on-me-woman-edp-100ml-pochette\/","title":{"rendered":"Giftset Replay Green On Me Woman Edp 100ml + Pochette"},"content":{"rendered":"<p>Replay Green On Me Woman Edp her\u00e4tt\u00e4\u00e4 tunteet kasvihuoneesta aikaisena aamuna. Auringons\u00e4teet alkavat suodattua ikkunoiden l\u00e4pi, jotka ovat yh\u00e4 sumuisia edellisen iltap\u00e4iv\u00e4n l\u00e4mm\u00f6st\u00e4. Kukat, jotka ovat viel\u00e4 kosteita kasteesta, alkavat avautua ja paljastavat varovasti kirkkaat v\u00e4rit samalla, kun ne levitt\u00e4v\u00e4t luonnon hurmaavaa tuoksua.<\/p>\n<p>Yl\u00e4tuoksut: Bergamotti, Keltainen mandariini, Muratti<br \/>\n<br \/>Syd\u00e4ntuoksut: Heliotrooppinen, Appelsiininkukka, Vihre\u00e4 omena<br \/>\n<br \/>Pohjatuoksut: Vanilja, Santelipuu, Patchoulilehdet<\/p>\n<p>Lahjasetti sis\u00e4lt\u00e4\u00e4:<br \/>\n<br \/>Replay Green On Me Woman Edp 100ml<br \/>\n<br \/>Replay Denim Pochette<\/p>\n","protected":false},"excerpt":{"rendered":"<p>Replay Green On Me Woman Edp her\u00e4tt\u00e4\u00e4 tunteet kasvihuoneesta aikaisena aamuna. Auringons\u00e4teet alkavat suodattua ikkunoiden l\u00e4pi, jotka ovat yh\u00e4 sumuisia edellisen iltap\u00e4iv\u00e4n l\u00e4mm\u00f6st\u00e4. Kukat, jotka ovat viel\u00e4 kosteita kasteesta, alkavat avautua ja paljastavat varovasti kirkkaat v\u00e4rit samalla, kun ne levitt\u00e4v\u00e4t luonnon hurmaavaa tuoksua. Yl\u00e4tuoksut: Bergamotti, Keltainen mandariini, Muratti Syd\u00e4ntuoksut: Heliotrooppinen, Appelsiininkukka, Vihre\u00e4 omena Pohjatuoksut: Vanilja, [&hellip;]<\/p>\n","protected":false},"featured_media":109163,"comment_status":"open","ping_status":"closed","template":"","meta":{"_trash_the_other_posts":false},"product_brand":[],"product_cat":[999,544,706,735],"product_tag":[],"berocket_brand":[1120],"class_list":{"0":"post-109175","1":"product","2":"type-product","3":"status-publish","4":"has-post-thumbnail","6":"product_cat-kampanjatarjous-naiselle","7":"product_cat-gave-parfyme-dame","8":"product_cat-naisten-eau-de-parfum","9":"product_cat-kampanjamme","10":"pa_brand-replay","11":"berocket_brand-replay","13":"first","14":"instock","15":"sale","16":"taxable","17":"shipping-taxable","18":"purchasable","19":"product-type-simple"},"_links":{"self":[{"href":"https:\/\/stylingagenten.com\/fi\/wp-json\/wp\/v2\/product\/109175","targetHints":{"allow":["GET"]}}],"collection":[{"href":"https:\/\/stylingagenten.com\/fi\/wp-json\/wp\/v2\/product"}],"about":[{"href":"https:\/\/stylingagenten.com\/fi\/wp-json\/wp\/v2\/types\/product"}],"replies":[{"embeddable":true,"href":"https:\/\/stylingagenten.com\/fi\/wp-json\/wp\/v2\/comments?post=109175"}],"version-history":[{"count":0,"href":"https:\/\/stylingagenten.com\/fi\/wp-json\/wp\/v2\/product\/109175\/revisions"}],"wp:featuredmedia":[{"embeddable":true,"href":"https:\/\/stylingagenten.com\/fi\/wp-json\/wp\/v2\/media\/109163"}],"wp:attachment":[{"href":"https:\/\/stylingagenten.com\/fi\/wp-json\/wp\/v2\/media?parent=109175"}],"wp:term":[{"taxonomy":"product_brand","embeddable":true,"href":"https:\/\/stylingagenten.com\/fi\/wp-json\/wp\/v2\/product_brand?post=109175"},{"taxonomy":"product_cat","embeddable":true,"href":"https:\/\/stylingagenten.com\/fi\/wp-json\/wp\/v2\/product_cat?post=109175"},{"taxonomy":"product_tag","embeddable":true,"href":"https:\/\/stylingagenten.com\/fi\/wp-json\/wp\/v2\/product_tag?post=109175"},{"taxonomy":"berocket_brand","embeddable":true,"href":"https:\/\/stylingagenten.com\/fi\/wp-json\/wp\/v2\/berocket_brand?post=109175"}],"curies":[{"name":"wp","href":"https:\/\/api.w.org\/{rel}","templated":true}]}}