{"id":109167,"date":"2025-05-18T20:51:17","date_gmt":"2025-05-18T20:51:17","guid":{"rendered":"https:\/\/staging2.stylingagenten.com\/fi\/produkt\/giftset-replay-signature-woman-edp-100ml-pochette\/"},"modified":"2026-03-30T08:48:41","modified_gmt":"2026-03-30T08:48:41","slug":"giftset-replay-signature-woman-edp-100ml-pochette","status":"publish","type":"product","link":"https:\/\/stylingagenten.com\/fi\/tuote\/giftset-replay-signature-woman-edp-100ml-pochette\/","title":{"rendered":"Giftset Replay Signature Woman Edp 100ml + Pochette"},"content":{"rendered":"<p>Innovatiivisella muotoilullaan Replay Signature pyrkii siirt\u00e4m\u00e4\u00e4n Replay-malliston hengen hajuvesimaailmaan. Pullon ikonista muotoa korostavat niitit molemmilla puolilla. Kukkaismotiivi koristaa koko pulloa, mik\u00e4 tekee siit\u00e4 uskomattoman elegantin. Tuoksu on ainutlaatuinen chypre-luomus, jossa yhdistyv\u00e4t moderni feminiinisyys ja viettelev\u00e4 voima. Alkutuoksussa sitrushedelm\u00e4t levitt\u00e4v\u00e4t arominsa luoden luonnollisen raikkauden tunteen. Ilmassa tuoksuvat makea mandariini ja mehukas nektariini. Lumoava syd\u00e4ntuoksu yhdist\u00e4\u00e4 sensuellin geraniumin, vangitsevan jasmiinin ja eksoottisen ylang ylangin, jotka sulautuvat yhteen ja s\u00e4teilev\u00e4t puhdasta vieh\u00e4tyst\u00e4. Tyylik\u00e4s pohjatuoksu, jossa on tummaa vetiveri\u00e4, maanl\u00e4heist\u00e4 patchoulia, jaloa meripihkaa ja puhdasta myski\u00e4, harmonisoi t\u00e4m\u00e4n poikkeuksellisen mestariteoksen.<\/p>\n<p>Yl\u00e4tuoksut: Nektariini, Mandariini, Sitrus<br \/>\n<br \/>Syd\u00e4ntuoksut: Ylang Ylang, Jasmiini, Geranium<br \/>\n<br \/>Pohjatuoksut: Patchouli, Myski, Meripihka, Vetiver<\/p>\n<p>Lahjasetti sis\u00e4lt\u00e4\u00e4:<br \/>\n<br \/>Replay Signature Woman Edp 100ml<br \/>\n<br \/>Replay Denim Pochette<\/p>\n","protected":false},"excerpt":{"rendered":"<p>Innovatiivisella muotoilullaan Replay Signature pyrkii siirt\u00e4m\u00e4\u00e4n Replay-malliston hengen hajuvesimaailmaan. Pullon ikonista muotoa korostavat niitit molemmilla puolilla. Kukkaismotiivi koristaa koko pulloa, mik\u00e4 tekee siit\u00e4 uskomattoman elegantin. Tuoksu on ainutlaatuinen chypre-luomus, jossa yhdistyv\u00e4t moderni feminiinisyys ja viettelev\u00e4 voima. Alkutuoksussa sitrushedelm\u00e4t levitt\u00e4v\u00e4t arominsa luoden luonnollisen raikkauden tunteen. Ilmassa tuoksuvat makea mandariini ja mehukas nektariini. Lumoava syd\u00e4ntuoksu yhdist\u00e4\u00e4 sensuellin [&hellip;]<\/p>\n","protected":false},"featured_media":109161,"comment_status":"open","ping_status":"closed","template":"","meta":{"_trash_the_other_posts":false},"product_brand":[],"product_cat":[999,544,706,735],"product_tag":[],"berocket_brand":[1120],"class_list":{"0":"post-109167","1":"product","2":"type-product","3":"status-publish","4":"has-post-thumbnail","6":"product_cat-kampanjatarjous-naiselle","7":"product_cat-gave-parfyme-dame","8":"product_cat-naisten-eau-de-parfum","9":"product_cat-kampanjamme","10":"pa_brand-replay","11":"berocket_brand-replay","13":"first","14":"instock","15":"sale","16":"taxable","17":"shipping-taxable","18":"purchasable","19":"product-type-simple"},"_links":{"self":[{"href":"https:\/\/stylingagenten.com\/fi\/wp-json\/wp\/v2\/product\/109167","targetHints":{"allow":["GET"]}}],"collection":[{"href":"https:\/\/stylingagenten.com\/fi\/wp-json\/wp\/v2\/product"}],"about":[{"href":"https:\/\/stylingagenten.com\/fi\/wp-json\/wp\/v2\/types\/product"}],"replies":[{"embeddable":true,"href":"https:\/\/stylingagenten.com\/fi\/wp-json\/wp\/v2\/comments?post=109167"}],"version-history":[{"count":0,"href":"https:\/\/stylingagenten.com\/fi\/wp-json\/wp\/v2\/product\/109167\/revisions"}],"wp:featuredmedia":[{"embeddable":true,"href":"https:\/\/stylingagenten.com\/fi\/wp-json\/wp\/v2\/media\/109161"}],"wp:attachment":[{"href":"https:\/\/stylingagenten.com\/fi\/wp-json\/wp\/v2\/media?parent=109167"}],"wp:term":[{"taxonomy":"product_brand","embeddable":true,"href":"https:\/\/stylingagenten.com\/fi\/wp-json\/wp\/v2\/product_brand?post=109167"},{"taxonomy":"product_cat","embeddable":true,"href":"https:\/\/stylingagenten.com\/fi\/wp-json\/wp\/v2\/product_cat?post=109167"},{"taxonomy":"product_tag","embeddable":true,"href":"https:\/\/stylingagenten.com\/fi\/wp-json\/wp\/v2\/product_tag?post=109167"},{"taxonomy":"berocket_brand","embeddable":true,"href":"https:\/\/stylingagenten.com\/fi\/wp-json\/wp\/v2\/berocket_brand?post=109167"}],"curies":[{"name":"wp","href":"https:\/\/api.w.org\/{rel}","templated":true}]}}