{"id":109140,"date":"2025-05-18T20:51:10","date_gmt":"2025-05-18T20:51:10","guid":{"rendered":"https:\/\/staging2.stylingagenten.com\/fi\/produkt\/2-pack-elizabeth-arden-green-tea-cream-deodorant-40ml\/"},"modified":"2026-03-28T21:38:42","modified_gmt":"2026-03-28T21:38:42","slug":"2-pack-elizabeth-arden-green-tea-cream-deodorant-40ml","status":"publish","type":"product","link":"https:\/\/stylingagenten.com\/fi\/tuote\/2-pack-elizabeth-arden-green-tea-cream-deodorant-40ml\/","title":{"rendered":"2-pack Elizabeth Arden Green Tea Cream Deodorant 40ml"},"content":{"rendered":"<p>Elizabeth Arden Green Tea Cream Deodorant on ihanan raikas kermadeodorantti, joka on rikastettu vihre\u00e4ll\u00e4 teell\u00e4 puhtaan ja raikkaan tunteen saamiseksi. Deodorantissa on kohottava tuoksu, joka energisoi ja pirist\u00e4\u00e4 aistejasi.<\/p>\n","protected":false},"excerpt":{"rendered":"<p>Elizabeth Arden Green Tea Cream Deodorant on ihanan raikas kermadeodorantti, joka on rikastettu vihre\u00e4ll\u00e4 teell\u00e4 puhtaan ja raikkaan tunteen saamiseksi. Deodorantissa on kohottava tuoksu, joka energisoi ja pirist\u00e4\u00e4 aistejasi.<\/p>\n","protected":false},"featured_media":109139,"comment_status":"open","ping_status":"closed","template":"","meta":{"_trash_the_other_posts":false},"product_brand":[],"product_cat":[759,1000,999,670,735],"product_tag":[],"berocket_brand":[1303],"class_list":{"0":"post-109140","1":"product","2":"type-product","3":"status-publish","4":"has-post-thumbnail","6":"product_cat-elizabeth-arden-green-tea","7":"product_cat-kampanjatarjous-miehelle","8":"product_cat-kampanjatarjous-naiselle","9":"product_cat-monipakkausdeodorantti","10":"product_cat-kampanjamme","11":"pa_brand-elizabeth-arden","12":"berocket_brand-elizabeth-arden","14":"first","15":"outofstock","16":"sale","17":"taxable","18":"shipping-taxable","19":"purchasable","20":"product-type-simple"},"_links":{"self":[{"href":"https:\/\/stylingagenten.com\/fi\/wp-json\/wp\/v2\/product\/109140","targetHints":{"allow":["GET"]}}],"collection":[{"href":"https:\/\/stylingagenten.com\/fi\/wp-json\/wp\/v2\/product"}],"about":[{"href":"https:\/\/stylingagenten.com\/fi\/wp-json\/wp\/v2\/types\/product"}],"replies":[{"embeddable":true,"href":"https:\/\/stylingagenten.com\/fi\/wp-json\/wp\/v2\/comments?post=109140"}],"version-history":[{"count":0,"href":"https:\/\/stylingagenten.com\/fi\/wp-json\/wp\/v2\/product\/109140\/revisions"}],"wp:featuredmedia":[{"embeddable":true,"href":"https:\/\/stylingagenten.com\/fi\/wp-json\/wp\/v2\/media\/109139"}],"wp:attachment":[{"href":"https:\/\/stylingagenten.com\/fi\/wp-json\/wp\/v2\/media?parent=109140"}],"wp:term":[{"taxonomy":"product_brand","embeddable":true,"href":"https:\/\/stylingagenten.com\/fi\/wp-json\/wp\/v2\/product_brand?post=109140"},{"taxonomy":"product_cat","embeddable":true,"href":"https:\/\/stylingagenten.com\/fi\/wp-json\/wp\/v2\/product_cat?post=109140"},{"taxonomy":"product_tag","embeddable":true,"href":"https:\/\/stylingagenten.com\/fi\/wp-json\/wp\/v2\/product_tag?post=109140"},{"taxonomy":"berocket_brand","embeddable":true,"href":"https:\/\/stylingagenten.com\/fi\/wp-json\/wp\/v2\/berocket_brand?post=109140"}],"curies":[{"name":"wp","href":"https:\/\/api.w.org\/{rel}","templated":true}]}}