{"id":109138,"date":"2025-05-18T20:51:08","date_gmt":"2025-05-18T20:51:08","guid":{"rendered":"https:\/\/staging2.stylingagenten.com\/fi\/produkt\/babor-hy-ol-phyto-hy-ol-booster-reactivating-set\/"},"modified":"2026-03-24T12:17:40","modified_gmt":"2026-03-24T12:17:40","slug":"babor-hy-ol-phyto-hy-ol-booster-reactivating-set","status":"publish","type":"product","link":"https:\/\/stylingagenten.com\/fi\/tuote\/babor-hy-ol-phyto-hy-ol-booster-reactivating-set\/","title":{"rendered":"BABOR HY-\u00d6L &amp; Phyto HY-\u00d6L Booster Reactivating Set"},"content":{"rendered":"<p>BABOR HY-\u00d6L &amp; Phyto HY-\u00d6L Booster Reactivating Set \u2013 kaksikko HY-\u00d6L\u00ae- ja Phyto Booster Reactivating -puhdistustuotteita!<\/p>\n<p>BABORin ainutlaatuinen 2-vaiheinen puhdistusaine, patentoitu vuodesta 1955. Dr. Michael BABOR oli ensimm\u00e4inen, joka l\u00f6ysi \u00f6ljyn ja veden yhdistelm\u00e4n tarjoaman ihanteellisen syv\u00e4puhdistavan vaikutuksen iholle. Hydrofiiliset, vett\u00e4 rakastavat kasvi\u00f6ljyt yhdess\u00e4 Phyto HY-\u00d6L\u00ae Boosterin kanssa sitovat ja poistavat iholta sek\u00e4 vesi- ett\u00e4 rasvaliukoiset ep\u00e4puhtaudet. Tehokas syv\u00e4puhdistus, joka s\u00e4ilytt\u00e4\u00e4 ihon luonnollisen suojabarri\u00e4\u00e4rin. Iho puhdistuu t\u00e4ydellisesti ilman rasvaista tai kire\u00e4\u00e4 tunnetta \u2013 iho on tasapainoinen ja ennen kaikkea puhdas. Sopii kaikille ihotyypeille ja ihotiloille.<\/p>\n<p>Phyto HY-\u00d6L\u00ae Booster t\u00e4ydent\u00e4\u00e4 HY-\u00d6L\u00ae-puhdistuksen. Reactivating, vaativalle ja ik\u00e4\u00e4ntyv\u00e4lle iholle, sis\u00e4lt\u00e4\u00e4 valikoituja valkoisen teen, ginsengin ja ginkgo biloban uutteita, jotka elvytt\u00e4v\u00e4t ihoa jo puhdistuksen aikana. Samalla ihon luonnollinen suojakerros s\u00e4ilyy ja mikrobiomi pysyy tasapainossa. Moringansiemenproteiiniuute suojaa ihoa ymp\u00e4rist\u00f6n haittavaikutuksilta, ja kaurauute auttaa s\u00e4ilytt\u00e4m\u00e4\u00e4n kosteuden ihossa.<\/p>\n<p>Setti sis\u00e4lt\u00e4\u00e4:<br \/>BABOR HY-\u00d6L Cleanser 200ml<br \/>BABOR Phyto HY-\u00d6L Booster Reactivating 100ml<\/p>\n","protected":false},"excerpt":{"rendered":"<p>BABOR HY-\u00d6L &amp; Phyto HY-\u00d6L Booster Reactivating Set \u2013 kaksikko HY-\u00d6L\u00ae- ja Phyto Booster Reactivating -puhdistustuotteita! BABORin ainutlaatuinen 2-vaiheinen puhdistusaine, patentoitu vuodesta 1955. Dr. Michael BABOR oli ensimm\u00e4inen, joka l\u00f6ysi \u00f6ljyn ja veden yhdistelm\u00e4n tarjoaman ihanteellisen syv\u00e4puhdistavan vaikutuksen iholle. Hydrofiiliset, vett\u00e4 rakastavat kasvi\u00f6ljyt yhdess\u00e4 Phyto HY-\u00d6L\u00ae Boosterin kanssa sitovat ja poistavat iholta sek\u00e4 vesi- ett\u00e4 [&hellip;]<\/p>\n","protected":false},"featured_media":109134,"comment_status":"open","ping_status":"closed","template":"","meta":{"_trash_the_other_posts":false},"product_brand":[],"product_cat":[1000,999,666,735],"product_tag":[],"berocket_brand":[1987],"class_list":{"0":"post-109138","1":"product","2":"type-product","3":"status-publish","4":"has-post-thumbnail","6":"product_cat-kampanjatarjous-miehelle","7":"product_cat-kampanjatarjous-naiselle","8":"product_cat-lahjasetti-ihonhoito","9":"product_cat-kampanjamme","10":"pa_brand-babor","11":"berocket_brand-babor","13":"first","14":"instock","15":"sale","16":"taxable","17":"shipping-taxable","18":"purchasable","19":"product-type-simple"},"_links":{"self":[{"href":"https:\/\/stylingagenten.com\/fi\/wp-json\/wp\/v2\/product\/109138","targetHints":{"allow":["GET"]}}],"collection":[{"href":"https:\/\/stylingagenten.com\/fi\/wp-json\/wp\/v2\/product"}],"about":[{"href":"https:\/\/stylingagenten.com\/fi\/wp-json\/wp\/v2\/types\/product"}],"replies":[{"embeddable":true,"href":"https:\/\/stylingagenten.com\/fi\/wp-json\/wp\/v2\/comments?post=109138"}],"version-history":[{"count":0,"href":"https:\/\/stylingagenten.com\/fi\/wp-json\/wp\/v2\/product\/109138\/revisions"}],"wp:featuredmedia":[{"embeddable":true,"href":"https:\/\/stylingagenten.com\/fi\/wp-json\/wp\/v2\/media\/109134"}],"wp:attachment":[{"href":"https:\/\/stylingagenten.com\/fi\/wp-json\/wp\/v2\/media?parent=109138"}],"wp:term":[{"taxonomy":"product_brand","embeddable":true,"href":"https:\/\/stylingagenten.com\/fi\/wp-json\/wp\/v2\/product_brand?post=109138"},{"taxonomy":"product_cat","embeddable":true,"href":"https:\/\/stylingagenten.com\/fi\/wp-json\/wp\/v2\/product_cat?post=109138"},{"taxonomy":"product_tag","embeddable":true,"href":"https:\/\/stylingagenten.com\/fi\/wp-json\/wp\/v2\/product_tag?post=109138"},{"taxonomy":"berocket_brand","embeddable":true,"href":"https:\/\/stylingagenten.com\/fi\/wp-json\/wp\/v2\/berocket_brand?post=109138"}],"curies":[{"name":"wp","href":"https:\/\/api.w.org\/{rel}","templated":true}]}}