{"id":109136,"date":"2025-05-18T20:51:08","date_gmt":"2025-05-18T20:51:08","guid":{"rendered":"https:\/\/staging2.stylingagenten.com\/fi\/produkt\/3-pack-elizabeth-arden-green-tea-cream-deodorant-40ml\/"},"modified":"2026-03-24T19:27:41","modified_gmt":"2026-03-24T19:27:41","slug":"3-pack-elizabeth-arden-green-tea-cream-deodorant-40ml","status":"publish","type":"product","link":"https:\/\/stylingagenten.com\/fi\/tuote\/3-pack-elizabeth-arden-green-tea-cream-deodorant-40ml\/","title":{"rendered":"3-pack Elizabeth Arden Green Tea Cream Deodorant 40ml"},"content":{"rendered":"<p>Elizabeth Arden Green Tea Cream Deodorant on ihanan raikas kermadeodorantti, joka on rikastettu vihre\u00e4ll\u00e4 teell\u00e4 puhtaan ja raikkaan tunteen saamiseksi. Deodorantissa on kohottava tuoksu, joka energisoi ja pirist\u00e4\u00e4 aistejasi.<\/p>\n","protected":false},"excerpt":{"rendered":"<p>Elizabeth Arden Green Tea Cream Deodorant on ihanan raikas kermadeodorantti, joka on rikastettu vihre\u00e4ll\u00e4 teell\u00e4 puhtaan ja raikkaan tunteen saamiseksi. Deodorantissa on kohottava tuoksu, joka energisoi ja pirist\u00e4\u00e4 aistejasi.<\/p>\n","protected":false},"featured_media":109135,"comment_status":"open","ping_status":"closed","template":"","meta":{"_trash_the_other_posts":false},"product_brand":[],"product_cat":[999,670,1003,735],"product_tag":[],"berocket_brand":[1303],"class_list":{"0":"post-109136","1":"product","2":"type-product","3":"status-publish","4":"has-post-thumbnail","6":"product_cat-kampanjatarjous-naiselle","7":"product_cat-monipakkausdeodorantti","8":"product_cat-myydyimmat","9":"product_cat-kampanjamme","10":"pa_brand-elizabeth-arden","11":"berocket_brand-elizabeth-arden","13":"first","14":"outofstock","15":"sale","16":"taxable","17":"shipping-taxable","18":"purchasable","19":"product-type-simple"},"_links":{"self":[{"href":"https:\/\/stylingagenten.com\/fi\/wp-json\/wp\/v2\/product\/109136","targetHints":{"allow":["GET"]}}],"collection":[{"href":"https:\/\/stylingagenten.com\/fi\/wp-json\/wp\/v2\/product"}],"about":[{"href":"https:\/\/stylingagenten.com\/fi\/wp-json\/wp\/v2\/types\/product"}],"replies":[{"embeddable":true,"href":"https:\/\/stylingagenten.com\/fi\/wp-json\/wp\/v2\/comments?post=109136"}],"version-history":[{"count":0,"href":"https:\/\/stylingagenten.com\/fi\/wp-json\/wp\/v2\/product\/109136\/revisions"}],"wp:featuredmedia":[{"embeddable":true,"href":"https:\/\/stylingagenten.com\/fi\/wp-json\/wp\/v2\/media\/109135"}],"wp:attachment":[{"href":"https:\/\/stylingagenten.com\/fi\/wp-json\/wp\/v2\/media?parent=109136"}],"wp:term":[{"taxonomy":"product_brand","embeddable":true,"href":"https:\/\/stylingagenten.com\/fi\/wp-json\/wp\/v2\/product_brand?post=109136"},{"taxonomy":"product_cat","embeddable":true,"href":"https:\/\/stylingagenten.com\/fi\/wp-json\/wp\/v2\/product_cat?post=109136"},{"taxonomy":"product_tag","embeddable":true,"href":"https:\/\/stylingagenten.com\/fi\/wp-json\/wp\/v2\/product_tag?post=109136"},{"taxonomy":"berocket_brand","embeddable":true,"href":"https:\/\/stylingagenten.com\/fi\/wp-json\/wp\/v2\/berocket_brand?post=109136"}],"curies":[{"name":"wp","href":"https:\/\/api.w.org\/{rel}","templated":true}]}}