{"id":109123,"date":"2025-05-18T20:51:03","date_gmt":"2025-05-18T20:51:03","guid":{"rendered":"https:\/\/staging2.stylingagenten.com\/fi\/produkt\/calvin-klein-euphoria-for-men-deostick-75ml\/"},"modified":"2026-04-14T18:08:27","modified_gmt":"2026-04-14T18:08:27","slug":"calvin-klein-euphoria-for-men-deostick-75ml","status":"publish","type":"product","link":"https:\/\/stylingagenten.com\/fi\/tuote\/calvin-klein-euphoria-for-men-deostick-75ml\/","title":{"rendered":"Calvin Klein Euphoria For Men Deostick 75ml"},"content":{"rendered":"<p>Euphoria For Men -tuotteessa on maskuliininen sitke\u00e4 s\u00e4vy, jossa tuoksuu mokkaa, pippuria ja mausteita.<\/p>\n<p><strong>Tuoksutuoksu:<\/strong> pippuri, inkiv\u00e4\u00e4ri, sudachi, setrilehti, salvia, musta basilika, Patchouli, Sequoia, mokka ja meripihka.<\/p>\n","protected":false},"excerpt":{"rendered":"<p>Euphoria For Men -tuotteessa on maskuliininen sitke\u00e4 s\u00e4vy, jossa tuoksuu mokkaa, pippuria ja mausteita. Tuoksutuoksu: pippuri, inkiv\u00e4\u00e4ri, sudachi, setrilehti, salvia, musta basilika, Patchouli, Sequoia, mokka ja meripihka.<\/p>\n","protected":false},"featured_media":109120,"comment_status":"open","ping_status":"closed","template":"","meta":{"_trash_the_other_posts":false},"product_brand":[],"product_cat":[796,720,1000,1003,735],"product_tag":[],"berocket_brand":[1014],"class_list":{"0":"post-109123","1":"product","2":"type-product","3":"status-publish","4":"has-post-thumbnail","6":"product_cat-calvin-klein-euphoria-man","7":"product_cat-deostick-miehet","8":"product_cat-kampanjatarjous-miehelle","9":"product_cat-myydyimmat","10":"product_cat-kampanjamme","11":"pa_brand-calvin-klein","12":"berocket_brand-calvin-klein","14":"first","15":"instock","16":"sale","17":"taxable","18":"shipping-taxable","19":"purchasable","20":"product-type-simple"},"_links":{"self":[{"href":"https:\/\/stylingagenten.com\/fi\/wp-json\/wp\/v2\/product\/109123","targetHints":{"allow":["GET"]}}],"collection":[{"href":"https:\/\/stylingagenten.com\/fi\/wp-json\/wp\/v2\/product"}],"about":[{"href":"https:\/\/stylingagenten.com\/fi\/wp-json\/wp\/v2\/types\/product"}],"replies":[{"embeddable":true,"href":"https:\/\/stylingagenten.com\/fi\/wp-json\/wp\/v2\/comments?post=109123"}],"version-history":[{"count":0,"href":"https:\/\/stylingagenten.com\/fi\/wp-json\/wp\/v2\/product\/109123\/revisions"}],"wp:featuredmedia":[{"embeddable":true,"href":"https:\/\/stylingagenten.com\/fi\/wp-json\/wp\/v2\/media\/109120"}],"wp:attachment":[{"href":"https:\/\/stylingagenten.com\/fi\/wp-json\/wp\/v2\/media?parent=109123"}],"wp:term":[{"taxonomy":"product_brand","embeddable":true,"href":"https:\/\/stylingagenten.com\/fi\/wp-json\/wp\/v2\/product_brand?post=109123"},{"taxonomy":"product_cat","embeddable":true,"href":"https:\/\/stylingagenten.com\/fi\/wp-json\/wp\/v2\/product_cat?post=109123"},{"taxonomy":"product_tag","embeddable":true,"href":"https:\/\/stylingagenten.com\/fi\/wp-json\/wp\/v2\/product_tag?post=109123"},{"taxonomy":"berocket_brand","embeddable":true,"href":"https:\/\/stylingagenten.com\/fi\/wp-json\/wp\/v2\/berocket_brand?post=109123"}],"curies":[{"name":"wp","href":"https:\/\/api.w.org\/{rel}","templated":true}]}}