{"id":109122,"date":"2025-05-18T20:51:03","date_gmt":"2025-05-18T20:51:03","guid":{"rendered":"https:\/\/staging2.stylingagenten.com\/fi\/produkt\/calvin-klein-ck-free-deostick-75ml\/"},"modified":"2026-04-11T15:38:39","modified_gmt":"2026-04-11T15:38:39","slug":"calvin-klein-ck-free-deostick-75ml","status":"publish","type":"product","link":"https:\/\/stylingagenten.com\/fi\/tuote\/calvin-klein-ck-free-deostick-75ml\/","title":{"rendered":"Calvin Klein CK Free Deostick 75ml"},"content":{"rendered":"<p>Calvin Klein CK Free for Men Deostick on aromaattinen, l\u00e4mmin ja puumainen tuoksu, joka tuo kohottavaa raikkautta ja l\u00e4mmint\u00e4 maskuliinisuutta.<\/p>\n<p><strong>Tuoksutuoksu:<\/strong> absintti, jakkipuu, t\u00e4htianis, kataja, buchuruta, mokka, kahvi, tupakanlehti, Costa Rican rautapuu, tammi, patsuli ja setri.<\/p>\n<\/p><\/p>\n","protected":false},"excerpt":{"rendered":"<p>Calvin Klein CK Free for Men Deostick on aromaattinen, l\u00e4mmin ja puumainen tuoksu, joka tuo kohottavaa raikkautta ja l\u00e4mmint\u00e4 maskuliinisuutta. Tuoksutuoksu: absintti, jakkipuu, t\u00e4htianis, kataja, buchuruta, mokka, kahvi, tupakanlehti, Costa Rican rautapuu, tammi, patsuli ja setri.<\/p>\n","protected":false},"featured_media":109121,"comment_status":"open","ping_status":"closed","template":"","meta":{"_trash_the_other_posts":false},"product_brand":[],"product_cat":[720,1000,1003,735],"product_tag":[],"berocket_brand":[1014],"class_list":{"0":"post-109122","1":"product","2":"type-product","3":"status-publish","4":"has-post-thumbnail","6":"product_cat-deostick-miehet","7":"product_cat-kampanjatarjous-miehelle","8":"product_cat-myydyimmat","9":"product_cat-kampanjamme","10":"pa_brand-calvin-klein","11":"berocket_brand-calvin-klein","13":"first","14":"instock","15":"sale","16":"taxable","17":"shipping-taxable","18":"purchasable","19":"product-type-simple"},"_links":{"self":[{"href":"https:\/\/stylingagenten.com\/fi\/wp-json\/wp\/v2\/product\/109122","targetHints":{"allow":["GET"]}}],"collection":[{"href":"https:\/\/stylingagenten.com\/fi\/wp-json\/wp\/v2\/product"}],"about":[{"href":"https:\/\/stylingagenten.com\/fi\/wp-json\/wp\/v2\/types\/product"}],"replies":[{"embeddable":true,"href":"https:\/\/stylingagenten.com\/fi\/wp-json\/wp\/v2\/comments?post=109122"}],"version-history":[{"count":0,"href":"https:\/\/stylingagenten.com\/fi\/wp-json\/wp\/v2\/product\/109122\/revisions"}],"wp:featuredmedia":[{"embeddable":true,"href":"https:\/\/stylingagenten.com\/fi\/wp-json\/wp\/v2\/media\/109121"}],"wp:attachment":[{"href":"https:\/\/stylingagenten.com\/fi\/wp-json\/wp\/v2\/media?parent=109122"}],"wp:term":[{"taxonomy":"product_brand","embeddable":true,"href":"https:\/\/stylingagenten.com\/fi\/wp-json\/wp\/v2\/product_brand?post=109122"},{"taxonomy":"product_cat","embeddable":true,"href":"https:\/\/stylingagenten.com\/fi\/wp-json\/wp\/v2\/product_cat?post=109122"},{"taxonomy":"product_tag","embeddable":true,"href":"https:\/\/stylingagenten.com\/fi\/wp-json\/wp\/v2\/product_tag?post=109122"},{"taxonomy":"berocket_brand","embeddable":true,"href":"https:\/\/stylingagenten.com\/fi\/wp-json\/wp\/v2\/berocket_brand?post=109122"}],"curies":[{"name":"wp","href":"https:\/\/api.w.org\/{rel}","templated":true}]}}