{"id":109113,"date":"2025-05-18T20:50:59","date_gmt":"2025-05-18T20:50:59","guid":{"rendered":"https:\/\/staging2.stylingagenten.com\/fi\/produkt\/hugo-boss-the-scent-deostick-75ml\/"},"modified":"2026-04-14T11:18:28","modified_gmt":"2026-04-14T11:18:28","slug":"hugo-boss-the-scent-deostick-75ml","status":"publish","type":"product","link":"https:\/\/stylingagenten.com\/fi\/tuote\/hugo-boss-the-scent-deostick-75ml\/","title":{"rendered":"Hugo Boss The Scent Deostick 75ml"},"content":{"rendered":"<p>Hugo Boss the Scent Edt lanseerattiin vuonna 2015. Tuoksussa on t\u00e4ydellinen tasapaino itsevarmuuden ja v\u00e4linpit\u00e4m\u00e4tt\u00f6myyden v\u00e4lill\u00e4, ja se kest\u00e4\u00e4 pitk\u00e4\u00e4n.<\/p>\n<p><strong>Tuoksutuoksu:<\/strong> inkiv\u00e4\u00e4ri, laventeli, maninka hedelm\u00e4t &amp; ; nahkaa.<\/p>\n","protected":false},"excerpt":{"rendered":"<p>Hugo Boss the Scent Edt lanseerattiin vuonna 2015. Tuoksussa on t\u00e4ydellinen tasapaino itsevarmuuden ja v\u00e4linpit\u00e4m\u00e4tt\u00f6myyden v\u00e4lill\u00e4, ja se kest\u00e4\u00e4 pitk\u00e4\u00e4n. Tuoksutuoksu: inkiv\u00e4\u00e4ri, laventeli, maninka hedelm\u00e4t &amp; ; nahkaa.<\/p>\n","protected":false},"featured_media":109112,"comment_status":"open","ping_status":"closed","template":"","meta":{"_trash_the_other_posts":false},"product_brand":[],"product_cat":[720,1000,1003,735],"product_tag":[],"berocket_brand":[1339],"class_list":{"0":"post-109113","1":"product","2":"type-product","3":"status-publish","4":"has-post-thumbnail","6":"product_cat-deostick-miehet","7":"product_cat-kampanjatarjous-miehelle","8":"product_cat-myydyimmat","9":"product_cat-kampanjamme","10":"pa_brand-hugo-boss","11":"berocket_brand-hugo-boss","13":"first","14":"instock","15":"sale","16":"taxable","17":"shipping-taxable","18":"purchasable","19":"product-type-simple"},"_links":{"self":[{"href":"https:\/\/stylingagenten.com\/fi\/wp-json\/wp\/v2\/product\/109113","targetHints":{"allow":["GET"]}}],"collection":[{"href":"https:\/\/stylingagenten.com\/fi\/wp-json\/wp\/v2\/product"}],"about":[{"href":"https:\/\/stylingagenten.com\/fi\/wp-json\/wp\/v2\/types\/product"}],"replies":[{"embeddable":true,"href":"https:\/\/stylingagenten.com\/fi\/wp-json\/wp\/v2\/comments?post=109113"}],"version-history":[{"count":0,"href":"https:\/\/stylingagenten.com\/fi\/wp-json\/wp\/v2\/product\/109113\/revisions"}],"wp:featuredmedia":[{"embeddable":true,"href":"https:\/\/stylingagenten.com\/fi\/wp-json\/wp\/v2\/media\/109112"}],"wp:attachment":[{"href":"https:\/\/stylingagenten.com\/fi\/wp-json\/wp\/v2\/media?parent=109113"}],"wp:term":[{"taxonomy":"product_brand","embeddable":true,"href":"https:\/\/stylingagenten.com\/fi\/wp-json\/wp\/v2\/product_brand?post=109113"},{"taxonomy":"product_cat","embeddable":true,"href":"https:\/\/stylingagenten.com\/fi\/wp-json\/wp\/v2\/product_cat?post=109113"},{"taxonomy":"product_tag","embeddable":true,"href":"https:\/\/stylingagenten.com\/fi\/wp-json\/wp\/v2\/product_tag?post=109113"},{"taxonomy":"berocket_brand","embeddable":true,"href":"https:\/\/stylingagenten.com\/fi\/wp-json\/wp\/v2\/berocket_brand?post=109113"}],"curies":[{"name":"wp","href":"https:\/\/api.w.org\/{rel}","templated":true}]}}