{"id":109103,"date":"2025-05-18T20:50:54","date_gmt":"2025-05-18T20:50:54","guid":{"rendered":"https:\/\/staging2.stylingagenten.com\/fi\/produkt\/calvin-klein-eternity-reflections-for-men-edt-100ml\/"},"modified":"2026-04-14T21:08:38","modified_gmt":"2026-04-14T21:08:38","slug":"calvin-klein-eternity-reflections-for-men-edt-100ml","status":"publish","type":"product","link":"https:\/\/stylingagenten.com\/fi\/tuote\/calvin-klein-eternity-reflections-for-men-edt-100ml\/","title":{"rendered":"Calvin Klein Eternity Reflections For Men Edt 100ml"},"content":{"rendered":"<p>Calvin Klein Eternity Reflections Eau de Toilette for Men on aromaattinen foug\u00e8re-hajuvesi, joka avautuu vihreill\u00e4 absintti-nuoteilla. Syd\u00e4men herk\u00e4t suklaanuotit antavat tuoksulle odottamattoman k\u00e4\u00e4nteen. Tammi sammal yhdistyy sensuellin santelipuun kanssa, luoden runsaan rakenteen, joka on avain Eternity-tuoksuille.<\/p>\n<p>100ml<\/p>\n","protected":false},"excerpt":{"rendered":"<p>Calvin Klein Eternity Reflections Eau de Toilette for Men on aromaattinen foug\u00e8re-hajuvesi, joka avautuu vihreill\u00e4 absintti-nuoteilla. Syd\u00e4men herk\u00e4t suklaanuotit antavat tuoksulle odottamattoman k\u00e4\u00e4nteen. Tammi sammal yhdistyy sensuellin santelipuun kanssa, luoden runsaan rakenteen, joka on avain Eternity-tuoksuille. 100ml<\/p>\n","protected":false},"featured_media":109096,"comment_status":"open","ping_status":"closed","template":"","meta":{"_trash_the_other_posts":false},"product_brand":[],"product_cat":[1000,709,735],"product_tag":[],"berocket_brand":[1014],"class_list":{"0":"post-109103","1":"product","2":"type-product","3":"status-publish","4":"has-post-thumbnail","6":"product_cat-kampanjatarjous-miehelle","7":"product_cat-miesten-eau-de-toilette","8":"product_cat-kampanjamme","9":"pa_brand-calvin-klein","10":"berocket_brand-calvin-klein","12":"first","13":"instock","14":"sale","15":"taxable","16":"shipping-taxable","17":"purchasable","18":"product-type-simple"},"_links":{"self":[{"href":"https:\/\/stylingagenten.com\/fi\/wp-json\/wp\/v2\/product\/109103","targetHints":{"allow":["GET"]}}],"collection":[{"href":"https:\/\/stylingagenten.com\/fi\/wp-json\/wp\/v2\/product"}],"about":[{"href":"https:\/\/stylingagenten.com\/fi\/wp-json\/wp\/v2\/types\/product"}],"replies":[{"embeddable":true,"href":"https:\/\/stylingagenten.com\/fi\/wp-json\/wp\/v2\/comments?post=109103"}],"version-history":[{"count":0,"href":"https:\/\/stylingagenten.com\/fi\/wp-json\/wp\/v2\/product\/109103\/revisions"}],"wp:featuredmedia":[{"embeddable":true,"href":"https:\/\/stylingagenten.com\/fi\/wp-json\/wp\/v2\/media\/109096"}],"wp:attachment":[{"href":"https:\/\/stylingagenten.com\/fi\/wp-json\/wp\/v2\/media?parent=109103"}],"wp:term":[{"taxonomy":"product_brand","embeddable":true,"href":"https:\/\/stylingagenten.com\/fi\/wp-json\/wp\/v2\/product_brand?post=109103"},{"taxonomy":"product_cat","embeddable":true,"href":"https:\/\/stylingagenten.com\/fi\/wp-json\/wp\/v2\/product_cat?post=109103"},{"taxonomy":"product_tag","embeddable":true,"href":"https:\/\/stylingagenten.com\/fi\/wp-json\/wp\/v2\/product_tag?post=109103"},{"taxonomy":"berocket_brand","embeddable":true,"href":"https:\/\/stylingagenten.com\/fi\/wp-json\/wp\/v2\/berocket_brand?post=109103"}],"curies":[{"name":"wp","href":"https:\/\/api.w.org\/{rel}","templated":true}]}}