{"id":109101,"date":"2025-05-18T20:50:54","date_gmt":"2025-05-18T20:50:54","guid":{"rendered":"https:\/\/staging2.stylingagenten.com\/fi\/produkt\/acqua-di-parma-colonia-essenza-deo-spray-150ml\/"},"modified":"2026-03-16T09:37:42","modified_gmt":"2026-03-16T09:37:42","slug":"acqua-di-parma-colonia-essenza-deo-spray-150ml","status":"publish","type":"product","link":"https:\/\/stylingagenten.com\/fi\/tuote\/acqua-di-parma-colonia-essenza-deo-spray-150ml\/","title":{"rendered":"Acqua Di Parma Colonia Essenza Deo Spray 150ml"},"content":{"rendered":"<p>Deodorantti, joka hy\u00f6dynt\u00e4\u00e4 Colonia Essenzan tuoksua tuottaakseen raikkauden ja hyvinvoinnin tunteen, joka kest\u00e4\u00e4 koko p\u00e4iv\u00e4n.<br \/>\n<br \/>Tuoksu avautuu raikkailla sitrusvivahteilla, jotka koostuvat italialaisesta sitruunasta, appelsiinista ja bergamotista, ja ne harmonisoituvat kauniisti rosmariinin, liljan ja vetiverin syd\u00e4ntuoksun kanssa. Pohjatuoksut koostuvat puumaisista s\u00e4vyist\u00e4 ja pehme\u00e4st\u00e4 myskist\u00e4, luoden hienostuneen ja pitk\u00e4kestoisen l\u00e4sn\u00e4olon.<br \/>\n<br \/>150ml<\/p>\n","protected":false},"excerpt":{"rendered":"<p>Deodorantti, joka hy\u00f6dynt\u00e4\u00e4 Colonia Essenzan tuoksua tuottaakseen raikkauden ja hyvinvoinnin tunteen, joka kest\u00e4\u00e4 koko p\u00e4iv\u00e4n. Tuoksu avautuu raikkailla sitrusvivahteilla, jotka koostuvat italialaisesta sitruunasta, appelsiinista ja bergamotista, ja ne harmonisoituvat kauniisti rosmariinin, liljan ja vetiverin syd\u00e4ntuoksun kanssa. Pohjatuoksut koostuvat puumaisista s\u00e4vyist\u00e4 ja pehme\u00e4st\u00e4 myskist\u00e4, luoden hienostuneen ja pitk\u00e4kestoisen l\u00e4sn\u00e4olon. 150ml<\/p>\n","protected":false},"featured_media":109099,"comment_status":"open","ping_status":"closed","template":"","meta":{"_trash_the_other_posts":false},"product_brand":[],"product_cat":[722,1000,735],"product_tag":[],"berocket_brand":[1161],"class_list":{"0":"post-109101","1":"product","2":"type-product","3":"status-publish","4":"has-post-thumbnail","6":"product_cat-deo-spray-miehet","7":"product_cat-kampanjatarjous-miehelle","8":"product_cat-kampanjamme","9":"pa_brand-acqua-di-parma","10":"berocket_brand-acqua-di-parma","12":"first","13":"instock","14":"sale","15":"taxable","16":"shipping-taxable","17":"purchasable","18":"product-type-simple"},"_links":{"self":[{"href":"https:\/\/stylingagenten.com\/fi\/wp-json\/wp\/v2\/product\/109101","targetHints":{"allow":["GET"]}}],"collection":[{"href":"https:\/\/stylingagenten.com\/fi\/wp-json\/wp\/v2\/product"}],"about":[{"href":"https:\/\/stylingagenten.com\/fi\/wp-json\/wp\/v2\/types\/product"}],"replies":[{"embeddable":true,"href":"https:\/\/stylingagenten.com\/fi\/wp-json\/wp\/v2\/comments?post=109101"}],"version-history":[{"count":0,"href":"https:\/\/stylingagenten.com\/fi\/wp-json\/wp\/v2\/product\/109101\/revisions"}],"wp:featuredmedia":[{"embeddable":true,"href":"https:\/\/stylingagenten.com\/fi\/wp-json\/wp\/v2\/media\/109099"}],"wp:attachment":[{"href":"https:\/\/stylingagenten.com\/fi\/wp-json\/wp\/v2\/media?parent=109101"}],"wp:term":[{"taxonomy":"product_brand","embeddable":true,"href":"https:\/\/stylingagenten.com\/fi\/wp-json\/wp\/v2\/product_brand?post=109101"},{"taxonomy":"product_cat","embeddable":true,"href":"https:\/\/stylingagenten.com\/fi\/wp-json\/wp\/v2\/product_cat?post=109101"},{"taxonomy":"product_tag","embeddable":true,"href":"https:\/\/stylingagenten.com\/fi\/wp-json\/wp\/v2\/product_tag?post=109101"},{"taxonomy":"berocket_brand","embeddable":true,"href":"https:\/\/stylingagenten.com\/fi\/wp-json\/wp\/v2\/berocket_brand?post=109101"}],"curies":[{"name":"wp","href":"https:\/\/api.w.org\/{rel}","templated":true}]}}