{"id":109078,"date":"2025-05-18T20:50:46","date_gmt":"2025-05-18T20:50:46","guid":{"rendered":"https:\/\/staging2.stylingagenten.com\/fi\/produkt\/diesel-bad-all-over-body-spray-200ml\/"},"modified":"2026-04-13T11:58:29","modified_gmt":"2026-04-13T11:58:29","slug":"diesel-bad-all-over-body-spray-200ml","status":"publish","type":"product","link":"https:\/\/stylingagenten.com\/fi\/tuote\/diesel-bad-all-over-body-spray-200ml\/","title":{"rendered":"Diesel Bad All Over Body Spray 200ml"},"content":{"rendered":"<p>Nyt Diesel BAD tulee uudessa formaatissa, joka on helppo ottaa mukaan ja joka t\u00e4ydellisesti vastaa sen miesten addiktiivista persoonallisuutta, jotka sit\u00e4 k\u00e4ytt\u00e4v\u00e4t. Ilman voimalla toimiva alumiinisuihke v\u00e4hent\u00e4\u00e4 ymp\u00e4rist\u00f6vaikutusta t\u00e4ss\u00e4 siistiss\u00e4 ja modernissa tuotteessa.<\/p>\n<p>Meid\u00e4n virkist\u00e4v\u00e4 BAD Body Spray sis\u00e4lt\u00e4\u00e4 samoja sensuelleja tuoksuvivahteita kuin alkuper\u00e4inen tuoksu. J\u00e4nnitt\u00e4v\u00e4t puu- ja hedelm\u00e4vivahteet on yhdistetty kuumiin mausteisiin t\u00e4ss\u00e4 hedelm\u00e4isess\u00e4 vihre\u00e4ss\u00e4 tuoksussa. Bergamot-akkordien raikkaus avaa tien vastustamattomalle kaviaari-akkordille.<\/p>\n<p>Diesel BAD -tuoksu moderneille seikkailijoille: viettelev\u00e4, addiktiivinen ja mullistava. Eliksiiri pojille, jotka haluavat el\u00e4\u00e4 el\u00e4m\u00e4\u00e4ns\u00e4 t\u00e4ysill\u00e4: K\u00e4yt\u00e4 varoen.<\/p>\n<p>200 ml<\/p>\n","protected":false},"excerpt":{"rendered":"<p>Nyt Diesel BAD tulee uudessa formaatissa, joka on helppo ottaa mukaan ja joka t\u00e4ydellisesti vastaa sen miesten addiktiivista persoonallisuutta, jotka sit\u00e4 k\u00e4ytt\u00e4v\u00e4t. Ilman voimalla toimiva alumiinisuihke v\u00e4hent\u00e4\u00e4 ymp\u00e4rist\u00f6vaikutusta t\u00e4ss\u00e4 siistiss\u00e4 ja modernissa tuotteessa. Meid\u00e4n virkist\u00e4v\u00e4 BAD Body Spray sis\u00e4lt\u00e4\u00e4 samoja sensuelleja tuoksuvivahteita kuin alkuper\u00e4inen tuoksu. J\u00e4nnitt\u00e4v\u00e4t puu- ja hedelm\u00e4vivahteet on yhdistetty kuumiin mausteisiin t\u00e4ss\u00e4 hedelm\u00e4isess\u00e4 [&hellip;]<\/p>\n","protected":false},"featured_media":109069,"comment_status":"open","ping_status":"closed","template":"","meta":{"_trash_the_other_posts":false},"product_brand":[],"product_cat":[722,1000,735],"product_tag":[],"berocket_brand":[1288],"class_list":{"0":"post-109078","1":"product","2":"type-product","3":"status-publish","4":"has-post-thumbnail","6":"product_cat-deo-spray-miehet","7":"product_cat-kampanjatarjous-miehelle","8":"product_cat-kampanjamme","9":"pa_brand-diesel","10":"berocket_brand-diesel","12":"first","13":"instock","14":"sale","15":"taxable","16":"shipping-taxable","17":"purchasable","18":"product-type-simple"},"_links":{"self":[{"href":"https:\/\/stylingagenten.com\/fi\/wp-json\/wp\/v2\/product\/109078","targetHints":{"allow":["GET"]}}],"collection":[{"href":"https:\/\/stylingagenten.com\/fi\/wp-json\/wp\/v2\/product"}],"about":[{"href":"https:\/\/stylingagenten.com\/fi\/wp-json\/wp\/v2\/types\/product"}],"replies":[{"embeddable":true,"href":"https:\/\/stylingagenten.com\/fi\/wp-json\/wp\/v2\/comments?post=109078"}],"version-history":[{"count":0,"href":"https:\/\/stylingagenten.com\/fi\/wp-json\/wp\/v2\/product\/109078\/revisions"}],"wp:featuredmedia":[{"embeddable":true,"href":"https:\/\/stylingagenten.com\/fi\/wp-json\/wp\/v2\/media\/109069"}],"wp:attachment":[{"href":"https:\/\/stylingagenten.com\/fi\/wp-json\/wp\/v2\/media?parent=109078"}],"wp:term":[{"taxonomy":"product_brand","embeddable":true,"href":"https:\/\/stylingagenten.com\/fi\/wp-json\/wp\/v2\/product_brand?post=109078"},{"taxonomy":"product_cat","embeddable":true,"href":"https:\/\/stylingagenten.com\/fi\/wp-json\/wp\/v2\/product_cat?post=109078"},{"taxonomy":"product_tag","embeddable":true,"href":"https:\/\/stylingagenten.com\/fi\/wp-json\/wp\/v2\/product_tag?post=109078"},{"taxonomy":"berocket_brand","embeddable":true,"href":"https:\/\/stylingagenten.com\/fi\/wp-json\/wp\/v2\/berocket_brand?post=109078"}],"curies":[{"name":"wp","href":"https:\/\/api.w.org\/{rel}","templated":true}]}}