{"id":109060,"date":"2025-05-18T20:50:40","date_gmt":"2025-05-18T20:50:40","guid":{"rendered":"https:\/\/staging2.stylingagenten.com\/fi\/produkt\/babor-hyaluronic-cleansing-balm-150ml\/"},"modified":"2026-03-02T20:57:28","modified_gmt":"2026-03-02T20:57:28","slug":"babor-hyaluronic-cleansing-balm-150ml","status":"publish","type":"product","link":"https:\/\/stylingagenten.com\/fi\/tuote\/babor-hyaluronic-cleansing-balm-150ml\/","title":{"rendered":"BABOR Hyaluronic Cleansing Balm 150ml"},"content":{"rendered":"<p>BABOR Hyaluronic Cleansing Balm on puhdistusbalsami, jossa on luonnollisia, vett\u00e4 rakastavia kasvi\u00f6ljyj\u00e4, jotka sulavat kosketuksessa ihon kanssa. Marula-, argan- ja makadamia\u00f6ljyt sitovat ja poistavat veden- ja rasvaliukoisia aineita iholta, tarjoten tehokkaan mutta hell\u00e4varaisen puhdistuksen. Samalla ihon luonnollinen suojabarri\u00e4\u00e4ri s\u00e4ilyy ja mikrobiomi pysyy tasapainossa. Formula sis\u00e4lt\u00e4\u00e4 3D hyaluronihappoa, joka on tunnettu kosteuttavista ja t\u00e4ytt\u00e4vist\u00e4 ominaisuuksistaan. Ravitseva ja kosteutta s\u00e4ilytt\u00e4v\u00e4 puhdistus, joka suojaa ihoa kuivumiselta ja j\u00e4tt\u00e4\u00e4 ihon puhtaaksi ja silkkisen pehme\u00e4ksi. Erityisesti suositellaan kuivalle ja kyps\u00e4lle iholle.<\/p>\n<p>150ml<\/p>\n","protected":false},"excerpt":{"rendered":"<p>BABOR Hyaluronic Cleansing Balm on puhdistusbalsami, jossa on luonnollisia, vett\u00e4 rakastavia kasvi\u00f6ljyj\u00e4, jotka sulavat kosketuksessa ihon kanssa. Marula-, argan- ja makadamia\u00f6ljyt sitovat ja poistavat veden- ja rasvaliukoisia aineita iholta, tarjoten tehokkaan mutta hell\u00e4varaisen puhdistuksen. Samalla ihon luonnollinen suojabarri\u00e4\u00e4ri s\u00e4ilyy ja mikrobiomi pysyy tasapainossa. Formula sis\u00e4lt\u00e4\u00e4 3D hyaluronihappoa, joka on tunnettu kosteuttavista ja t\u00e4ytt\u00e4vist\u00e4 ominaisuuksistaan. Ravitseva [&hellip;]<\/p>\n","protected":false},"featured_media":109051,"comment_status":"open","ping_status":"closed","template":"","meta":{"_trash_the_other_posts":false},"product_brand":[],"product_cat":[1000,999,609,735],"product_tag":[],"berocket_brand":[1987],"class_list":{"0":"post-109060","1":"product","2":"type-product","3":"status-publish","4":"has-post-thumbnail","6":"product_cat-kampanjatarjous-miehelle","7":"product_cat-kampanjatarjous-naiselle","8":"product_cat-kasvojen-puhdistus","9":"product_cat-kampanjamme","10":"pa_brand-babor","11":"berocket_brand-babor","13":"first","14":"instock","15":"sale","16":"taxable","17":"shipping-taxable","18":"purchasable","19":"product-type-simple"},"_links":{"self":[{"href":"https:\/\/stylingagenten.com\/fi\/wp-json\/wp\/v2\/product\/109060","targetHints":{"allow":["GET"]}}],"collection":[{"href":"https:\/\/stylingagenten.com\/fi\/wp-json\/wp\/v2\/product"}],"about":[{"href":"https:\/\/stylingagenten.com\/fi\/wp-json\/wp\/v2\/types\/product"}],"replies":[{"embeddable":true,"href":"https:\/\/stylingagenten.com\/fi\/wp-json\/wp\/v2\/comments?post=109060"}],"version-history":[{"count":0,"href":"https:\/\/stylingagenten.com\/fi\/wp-json\/wp\/v2\/product\/109060\/revisions"}],"wp:featuredmedia":[{"embeddable":true,"href":"https:\/\/stylingagenten.com\/fi\/wp-json\/wp\/v2\/media\/109051"}],"wp:attachment":[{"href":"https:\/\/stylingagenten.com\/fi\/wp-json\/wp\/v2\/media?parent=109060"}],"wp:term":[{"taxonomy":"product_brand","embeddable":true,"href":"https:\/\/stylingagenten.com\/fi\/wp-json\/wp\/v2\/product_brand?post=109060"},{"taxonomy":"product_cat","embeddable":true,"href":"https:\/\/stylingagenten.com\/fi\/wp-json\/wp\/v2\/product_cat?post=109060"},{"taxonomy":"product_tag","embeddable":true,"href":"https:\/\/stylingagenten.com\/fi\/wp-json\/wp\/v2\/product_tag?post=109060"},{"taxonomy":"berocket_brand","embeddable":true,"href":"https:\/\/stylingagenten.com\/fi\/wp-json\/wp\/v2\/berocket_brand?post=109060"}],"curies":[{"name":"wp","href":"https:\/\/api.w.org\/{rel}","templated":true}]}}