{"id":109050,"date":"2025-05-18T20:50:36","date_gmt":"2025-05-18T20:50:36","guid":{"rendered":"https:\/\/staging2.stylingagenten.com\/fi\/produkt\/babor-gentle-cleansing-cream-100ml\/"},"modified":"2026-04-05T20:28:36","modified_gmt":"2026-04-05T20:28:36","slug":"babor-gentle-cleansing-cream-100ml","status":"publish","type":"product","link":"https:\/\/stylingagenten.com\/fi\/tuote\/babor-gentle-cleansing-cream-100ml\/","title":{"rendered":"BABOR Gentle Cleansing Cream 100ml"},"content":{"rendered":"<p>BABOR Gentle Cleansing Cream on mieto, hajusteeton puhdistusvoide, jossa on runsas koostumus ja joka on suunniteltu erityisesti herk\u00e4lle iholle. Koostumus, joka sis\u00e4lt\u00e4\u00e4 valikoituja luonnon\u00f6ljyj\u00e4 ja E-vitamiinia, puhdistaa ihon hell\u00e4varaisesti mutta tehokkaasti ja tukee tasapainoista mikrobiomia. Luonnolliset lipidit ja kaurasta saadut keramidit auttavat s\u00e4ilytt\u00e4m\u00e4\u00e4n ihon luonnollisen suojabarri\u00e4\u00e4rin, ja maissista saadut polysakkaridit tasapainottavat ihon kosteustasoa. Moringansiemenist\u00e4 saatu proteiiniuute suojaa ihoa ymp\u00e4rist\u00f6n aiheuttamalta stressilt\u00e4. Lopputuloksena on t\u00e4ydellisesti puhdistettu ja tasapainoinen iho.<\/p>\n<p>100 ml<\/p>\n","protected":false},"excerpt":{"rendered":"<p>BABOR Gentle Cleansing Cream on mieto, hajusteeton puhdistusvoide, jossa on runsas koostumus ja joka on suunniteltu erityisesti herk\u00e4lle iholle. Koostumus, joka sis\u00e4lt\u00e4\u00e4 valikoituja luonnon\u00f6ljyj\u00e4 ja E-vitamiinia, puhdistaa ihon hell\u00e4varaisesti mutta tehokkaasti ja tukee tasapainoista mikrobiomia. Luonnolliset lipidit ja kaurasta saadut keramidit auttavat s\u00e4ilytt\u00e4m\u00e4\u00e4n ihon luonnollisen suojabarri\u00e4\u00e4rin, ja maissista saadut polysakkaridit tasapainottavat ihon kosteustasoa. Moringansiemenist\u00e4 saatu [&hellip;]<\/p>\n","protected":false},"featured_media":109044,"comment_status":"open","ping_status":"closed","template":"","meta":{"_trash_the_other_posts":false},"product_brand":[],"product_cat":[1000,999,609,735],"product_tag":[],"berocket_brand":[1987],"class_list":{"0":"post-109050","1":"product","2":"type-product","3":"status-publish","4":"has-post-thumbnail","6":"product_cat-kampanjatarjous-miehelle","7":"product_cat-kampanjatarjous-naiselle","8":"product_cat-kasvojen-puhdistus","9":"product_cat-kampanjamme","10":"pa_brand-babor","11":"berocket_brand-babor","13":"first","14":"instock","15":"sale","16":"taxable","17":"shipping-taxable","18":"purchasable","19":"product-type-simple"},"_links":{"self":[{"href":"https:\/\/stylingagenten.com\/fi\/wp-json\/wp\/v2\/product\/109050","targetHints":{"allow":["GET"]}}],"collection":[{"href":"https:\/\/stylingagenten.com\/fi\/wp-json\/wp\/v2\/product"}],"about":[{"href":"https:\/\/stylingagenten.com\/fi\/wp-json\/wp\/v2\/types\/product"}],"replies":[{"embeddable":true,"href":"https:\/\/stylingagenten.com\/fi\/wp-json\/wp\/v2\/comments?post=109050"}],"version-history":[{"count":0,"href":"https:\/\/stylingagenten.com\/fi\/wp-json\/wp\/v2\/product\/109050\/revisions"}],"wp:featuredmedia":[{"embeddable":true,"href":"https:\/\/stylingagenten.com\/fi\/wp-json\/wp\/v2\/media\/109044"}],"wp:attachment":[{"href":"https:\/\/stylingagenten.com\/fi\/wp-json\/wp\/v2\/media?parent=109050"}],"wp:term":[{"taxonomy":"product_brand","embeddable":true,"href":"https:\/\/stylingagenten.com\/fi\/wp-json\/wp\/v2\/product_brand?post=109050"},{"taxonomy":"product_cat","embeddable":true,"href":"https:\/\/stylingagenten.com\/fi\/wp-json\/wp\/v2\/product_cat?post=109050"},{"taxonomy":"product_tag","embeddable":true,"href":"https:\/\/stylingagenten.com\/fi\/wp-json\/wp\/v2\/product_tag?post=109050"},{"taxonomy":"berocket_brand","embeddable":true,"href":"https:\/\/stylingagenten.com\/fi\/wp-json\/wp\/v2\/berocket_brand?post=109050"}],"curies":[{"name":"wp","href":"https:\/\/api.w.org\/{rel}","templated":true}]}}