{"id":109045,"date":"2025-05-18T20:50:35","date_gmt":"2025-05-18T20:50:35","guid":{"rendered":"https:\/\/staging2.stylingagenten.com\/fi\/produkt\/cacharel-amor-amor-deodorant-spray-150ml\/"},"modified":"2025-12-18T21:23:38","modified_gmt":"2025-12-18T21:23:38","slug":"cacharel-amor-amor-deodorant-spray-150ml","status":"publish","type":"product","link":"https:\/\/stylingagenten.com\/fi\/tuote\/cacharel-amor-amor-deodorant-spray-150ml\/","title":{"rendered":"Cacharel Amor Amor Deodorant Spray 150ml"},"content":{"rendered":"<p>Cacharel Amor Amor Deodorant Spray on runsaasti hedelm\u00e4inen, kukkainen tuoksusuihke, joka kehitt\u00e4\u00e4 maagisen vetovoimansa jo ensimm\u00e4isten sekuntien aikana. Se, joka k\u00e4ytt\u00e4\u00e4 t\u00e4t\u00e4, ymp\u00e4r\u00f6i itsens\u00e4 huomaamattomalla, kukkaisella tuoksulla, joka on vastustamattoman viettelev\u00e4 ja harmoninen. Nyt tai ei koskaan. Rakkaus ei salli viivytyksi\u00e4.<br \/>\n<br \/>150ml<\/p>\n","protected":false},"excerpt":{"rendered":"<p>Cacharel Amor Amor Deodorant Spray on runsaasti hedelm\u00e4inen, kukkainen tuoksusuihke, joka kehitt\u00e4\u00e4 maagisen vetovoimansa jo ensimm\u00e4isten sekuntien aikana. Se, joka k\u00e4ytt\u00e4\u00e4 t\u00e4t\u00e4, ymp\u00e4r\u00f6i itsens\u00e4 huomaamattomalla, kukkaisella tuoksulla, joka on vastustamattoman viettelev\u00e4 ja harmoninen. Nyt tai ei koskaan. Rakkaus ei salli viivytyksi\u00e4. 150ml<\/p>\n","protected":false},"featured_media":109041,"comment_status":"open","ping_status":"closed","template":"","meta":{"_trash_the_other_posts":false},"product_brand":[],"product_cat":[721],"product_tag":[],"berocket_brand":[1098],"class_list":{"0":"post-109045","1":"product","2":"type-product","3":"status-publish","4":"has-post-thumbnail","6":"product_cat-deospray-naiset","7":"pa_brand-cacharel","8":"berocket_brand-cacharel","10":"first","11":"outofstock","12":"sale","13":"taxable","14":"shipping-taxable","15":"purchasable","16":"product-type-simple"},"_links":{"self":[{"href":"https:\/\/stylingagenten.com\/fi\/wp-json\/wp\/v2\/product\/109045","targetHints":{"allow":["GET"]}}],"collection":[{"href":"https:\/\/stylingagenten.com\/fi\/wp-json\/wp\/v2\/product"}],"about":[{"href":"https:\/\/stylingagenten.com\/fi\/wp-json\/wp\/v2\/types\/product"}],"replies":[{"embeddable":true,"href":"https:\/\/stylingagenten.com\/fi\/wp-json\/wp\/v2\/comments?post=109045"}],"version-history":[{"count":0,"href":"https:\/\/stylingagenten.com\/fi\/wp-json\/wp\/v2\/product\/109045\/revisions"}],"wp:featuredmedia":[{"embeddable":true,"href":"https:\/\/stylingagenten.com\/fi\/wp-json\/wp\/v2\/media\/109041"}],"wp:attachment":[{"href":"https:\/\/stylingagenten.com\/fi\/wp-json\/wp\/v2\/media?parent=109045"}],"wp:term":[{"taxonomy":"product_brand","embeddable":true,"href":"https:\/\/stylingagenten.com\/fi\/wp-json\/wp\/v2\/product_brand?post=109045"},{"taxonomy":"product_cat","embeddable":true,"href":"https:\/\/stylingagenten.com\/fi\/wp-json\/wp\/v2\/product_cat?post=109045"},{"taxonomy":"product_tag","embeddable":true,"href":"https:\/\/stylingagenten.com\/fi\/wp-json\/wp\/v2\/product_tag?post=109045"},{"taxonomy":"berocket_brand","embeddable":true,"href":"https:\/\/stylingagenten.com\/fi\/wp-json\/wp\/v2\/berocket_brand?post=109045"}],"curies":[{"name":"wp","href":"https:\/\/api.w.org\/{rel}","templated":true}]}}