{"id":109029,"date":"2025-05-18T20:50:31","date_gmt":"2025-05-18T20:50:31","guid":{"rendered":"https:\/\/staging2.stylingagenten.com\/fi\/produkt\/babor-hy-ol-cleanser-200ml\/"},"modified":"2026-04-09T06:39:07","modified_gmt":"2026-04-09T06:39:07","slug":"babor-hy-ol-cleanser-200ml","status":"publish","type":"product","link":"https:\/\/stylingagenten.com\/fi\/tuote\/babor-hy-ol-cleanser-200ml\/","title":{"rendered":"BABOR HY-\u00d6l Cleanser 200ml"},"content":{"rendered":"<p>BABOR HY-\u00d6L Cleanser on ainutlaatuinen 2-vaiheinen puhdistusaine, joka on patentoitu jo vuodesta 1955. Dr. Michael BABOR oli ensimm\u00e4inen, joka l\u00f6ysi \u00f6ljyn ja veden yhdistelm\u00e4n tarjoaman ihanteellisen syv\u00e4puhdistavan vaikutuksen iholle. Hydrofiiliset, vett\u00e4 rakastavat kasvi\u00f6ljyt yhdess\u00e4 Phyto HY-\u00d6L\u00ae Boosterin kanssa sitovat ja poistavat iholta sek\u00e4 vesi- ett\u00e4 rasvaliukoisia ep\u00e4puhtauksia. Tehokas syv\u00e4puhdistus, joka s\u00e4ilytt\u00e4\u00e4 ihon luonnollisen suojabarri\u00e4\u00e4rin. Iho puhdistuu t\u00e4ydellisesti, eik\u00e4 tunnu rasvaiselta tai kire\u00e4lt\u00e4 \u2013 vaan tasapainoiselta ja ennen kaikkea puhtaalta. Sopii kaikille ihotyypeille\/ihotiloille.<\/p>\n<p>200ml<\/p>\n","protected":false},"excerpt":{"rendered":"<p>BABOR HY-\u00d6L Cleanser on ainutlaatuinen 2-vaiheinen puhdistusaine, joka on patentoitu jo vuodesta 1955. Dr. Michael BABOR oli ensimm\u00e4inen, joka l\u00f6ysi \u00f6ljyn ja veden yhdistelm\u00e4n tarjoaman ihanteellisen syv\u00e4puhdistavan vaikutuksen iholle. Hydrofiiliset, vett\u00e4 rakastavat kasvi\u00f6ljyt yhdess\u00e4 Phyto HY-\u00d6L\u00ae Boosterin kanssa sitovat ja poistavat iholta sek\u00e4 vesi- ett\u00e4 rasvaliukoisia ep\u00e4puhtauksia. Tehokas syv\u00e4puhdistus, joka s\u00e4ilytt\u00e4\u00e4 ihon luonnollisen suojabarri\u00e4\u00e4rin. Iho [&hellip;]<\/p>\n","protected":false},"featured_media":109017,"comment_status":"open","ping_status":"closed","template":"","meta":{"_trash_the_other_posts":false},"product_brand":[],"product_cat":[1000,999,609,735],"product_tag":[],"berocket_brand":[1987],"class_list":{"0":"post-109029","1":"product","2":"type-product","3":"status-publish","4":"has-post-thumbnail","6":"product_cat-kampanjatarjous-miehelle","7":"product_cat-kampanjatarjous-naiselle","8":"product_cat-kasvojen-puhdistus","9":"product_cat-kampanjamme","10":"pa_brand-babor","11":"berocket_brand-babor","13":"first","14":"instock","15":"sale","16":"taxable","17":"shipping-taxable","18":"purchasable","19":"product-type-simple"},"_links":{"self":[{"href":"https:\/\/stylingagenten.com\/fi\/wp-json\/wp\/v2\/product\/109029","targetHints":{"allow":["GET"]}}],"collection":[{"href":"https:\/\/stylingagenten.com\/fi\/wp-json\/wp\/v2\/product"}],"about":[{"href":"https:\/\/stylingagenten.com\/fi\/wp-json\/wp\/v2\/types\/product"}],"replies":[{"embeddable":true,"href":"https:\/\/stylingagenten.com\/fi\/wp-json\/wp\/v2\/comments?post=109029"}],"version-history":[{"count":0,"href":"https:\/\/stylingagenten.com\/fi\/wp-json\/wp\/v2\/product\/109029\/revisions"}],"wp:featuredmedia":[{"embeddable":true,"href":"https:\/\/stylingagenten.com\/fi\/wp-json\/wp\/v2\/media\/109017"}],"wp:attachment":[{"href":"https:\/\/stylingagenten.com\/fi\/wp-json\/wp\/v2\/media?parent=109029"}],"wp:term":[{"taxonomy":"product_brand","embeddable":true,"href":"https:\/\/stylingagenten.com\/fi\/wp-json\/wp\/v2\/product_brand?post=109029"},{"taxonomy":"product_cat","embeddable":true,"href":"https:\/\/stylingagenten.com\/fi\/wp-json\/wp\/v2\/product_cat?post=109029"},{"taxonomy":"product_tag","embeddable":true,"href":"https:\/\/stylingagenten.com\/fi\/wp-json\/wp\/v2\/product_tag?post=109029"},{"taxonomy":"berocket_brand","embeddable":true,"href":"https:\/\/stylingagenten.com\/fi\/wp-json\/wp\/v2\/berocket_brand?post=109029"}],"curies":[{"name":"wp","href":"https:\/\/api.w.org\/{rel}","templated":true}]}}