{"id":109010,"date":"2025-05-18T20:50:25","date_gmt":"2025-05-18T20:50:25","guid":{"rendered":"https:\/\/staging2.stylingagenten.com\/fi\/produkt\/babor-gel-tonic-cleanser-200ml\/"},"modified":"2026-03-10T10:57:29","modified_gmt":"2026-03-10T10:57:29","slug":"babor-gel-tonic-cleanser-200ml","status":"publish","type":"product","link":"https:\/\/stylingagenten.com\/fi\/tuote\/babor-gel-tonic-cleanser-200ml\/","title":{"rendered":"BABOR Gel &amp; Tonic Cleanser 200ml"},"content":{"rendered":"<p>BABOR Gel &amp; Tonic Cleanser on \u00f6ljyt\u00f6n puhdistusgeeli ja kasvovesi kahdessa yhdess\u00e4. Tehokas puhdistus, joka ehk\u00e4isee ep\u00e4puhtauksia ja est\u00e4\u00e4 uusien muodostumisen. Sis\u00e4lt\u00e4\u00e4 talin tuotantoa tasapainottavaa sinkki\u00e4 sek\u00e4 inkiv\u00e4\u00e4rin, ryp\u00e4leen ja boswellian uutetta, joilla on supistava vaikutus. Moringansiemenproteiiniuutteet suojaavat ihoa ymp\u00e4rist\u00f6n aiheuttamalta stressilt\u00e4. Nopea ja helppo k\u00e4ytt\u00e4\u00e4, j\u00e4tt\u00e4en ihon puhtaaksi ja mattapintaiseksi. Suositellaan rasvaiselle ja aknealtille iholle.<\/p>\n<p>200ml<\/p>\n","protected":false},"excerpt":{"rendered":"<p>BABOR Gel &amp; Tonic Cleanser on \u00f6ljyt\u00f6n puhdistusgeeli ja kasvovesi kahdessa yhdess\u00e4. Tehokas puhdistus, joka ehk\u00e4isee ep\u00e4puhtauksia ja est\u00e4\u00e4 uusien muodostumisen. Sis\u00e4lt\u00e4\u00e4 talin tuotantoa tasapainottavaa sinkki\u00e4 sek\u00e4 inkiv\u00e4\u00e4rin, ryp\u00e4leen ja boswellian uutetta, joilla on supistava vaikutus. Moringansiemenproteiiniuutteet suojaavat ihoa ymp\u00e4rist\u00f6n aiheuttamalta stressilt\u00e4. Nopea ja helppo k\u00e4ytt\u00e4\u00e4, j\u00e4tt\u00e4en ihon puhtaaksi ja mattapintaiseksi. Suositellaan rasvaiselle ja aknealtille [&hellip;]<\/p>\n","protected":false},"featured_media":109000,"comment_status":"open","ping_status":"closed","template":"","meta":{"_trash_the_other_posts":false},"product_brand":[],"product_cat":[1000,999,609,735],"product_tag":[],"berocket_brand":[1987],"class_list":{"0":"post-109010","1":"product","2":"type-product","3":"status-publish","4":"has-post-thumbnail","6":"product_cat-kampanjatarjous-miehelle","7":"product_cat-kampanjatarjous-naiselle","8":"product_cat-kasvojen-puhdistus","9":"product_cat-kampanjamme","10":"pa_brand-babor","11":"berocket_brand-babor","13":"first","14":"instock","15":"sale","16":"taxable","17":"shipping-taxable","18":"purchasable","19":"product-type-simple"},"_links":{"self":[{"href":"https:\/\/stylingagenten.com\/fi\/wp-json\/wp\/v2\/product\/109010","targetHints":{"allow":["GET"]}}],"collection":[{"href":"https:\/\/stylingagenten.com\/fi\/wp-json\/wp\/v2\/product"}],"about":[{"href":"https:\/\/stylingagenten.com\/fi\/wp-json\/wp\/v2\/types\/product"}],"replies":[{"embeddable":true,"href":"https:\/\/stylingagenten.com\/fi\/wp-json\/wp\/v2\/comments?post=109010"}],"version-history":[{"count":0,"href":"https:\/\/stylingagenten.com\/fi\/wp-json\/wp\/v2\/product\/109010\/revisions"}],"wp:featuredmedia":[{"embeddable":true,"href":"https:\/\/stylingagenten.com\/fi\/wp-json\/wp\/v2\/media\/109000"}],"wp:attachment":[{"href":"https:\/\/stylingagenten.com\/fi\/wp-json\/wp\/v2\/media?parent=109010"}],"wp:term":[{"taxonomy":"product_brand","embeddable":true,"href":"https:\/\/stylingagenten.com\/fi\/wp-json\/wp\/v2\/product_brand?post=109010"},{"taxonomy":"product_cat","embeddable":true,"href":"https:\/\/stylingagenten.com\/fi\/wp-json\/wp\/v2\/product_cat?post=109010"},{"taxonomy":"product_tag","embeddable":true,"href":"https:\/\/stylingagenten.com\/fi\/wp-json\/wp\/v2\/product_tag?post=109010"},{"taxonomy":"berocket_brand","embeddable":true,"href":"https:\/\/stylingagenten.com\/fi\/wp-json\/wp\/v2\/berocket_brand?post=109010"}],"curies":[{"name":"wp","href":"https:\/\/api.w.org\/{rel}","templated":true}]}}