{"id":108996,"date":"2025-05-18T20:50:21","date_gmt":"2025-05-18T20:50:21","guid":{"rendered":"https:\/\/staging2.stylingagenten.com\/fi\/produkt\/babor-gentle-peeling-cream-50ml\/"},"modified":"2026-03-27T06:28:25","modified_gmt":"2026-03-27T06:28:25","slug":"babor-gentle-peeling-cream-50ml","status":"publish","type":"product","link":"https:\/\/stylingagenten.com\/fi\/tuote\/babor-gentle-peeling-cream-50ml\/","title":{"rendered":"BABOR Gentle Peeling Cream 50ml"},"content":{"rendered":"<p>BABOR Gentle Peeling Cream on mieto kasvojen kuorintavoide, jossa on luonnollisen selluloosan ja jojobavahan kuorintahiukkasia, jotka tehokkaasti poistavat kuolleet ihosolut. Ihon uusiutuminen stimuloituu, ihon pinta tasoittuu, ja ihon kyky ime\u00e4 seuraavat tuotteet paranee. Shea-voita ja manteli\u00f6ljy\u00e4 sis\u00e4lt\u00e4v\u00e4 pohja, johon on lis\u00e4tty probiootteja, suojaa ihon rasvahappokalvoa ja yll\u00e4pit\u00e4\u00e4 mikrobiomin tasapainoa. Moringansiemenist\u00e4 per\u00e4isin oleva proteiinieksraatti suojaa ihoa ymp\u00e4rist\u00f6n haitallisilta vaikutuksilta. Antaa n\u00e4kyv\u00e4sti tasaisemman ja raikkaamman ihon luonnollisella hehkulla jo yhdell\u00e4 k\u00e4yt\u00f6ll\u00e4.<\/p>\n<p>50ml<\/p>\n","protected":false},"excerpt":{"rendered":"<p>BABOR Gentle Peeling Cream on mieto kasvojen kuorintavoide, jossa on luonnollisen selluloosan ja jojobavahan kuorintahiukkasia, jotka tehokkaasti poistavat kuolleet ihosolut. Ihon uusiutuminen stimuloituu, ihon pinta tasoittuu, ja ihon kyky ime\u00e4 seuraavat tuotteet paranee. Shea-voita ja manteli\u00f6ljy\u00e4 sis\u00e4lt\u00e4v\u00e4 pohja, johon on lis\u00e4tty probiootteja, suojaa ihon rasvahappokalvoa ja yll\u00e4pit\u00e4\u00e4 mikrobiomin tasapainoa. Moringansiemenist\u00e4 per\u00e4isin oleva proteiinieksraatti suojaa ihoa [&hellip;]<\/p>\n","protected":false},"featured_media":108992,"comment_status":"open","ping_status":"closed","template":"","meta":{"_trash_the_other_posts":false},"product_brand":[],"product_cat":[1000,999,619,735],"product_tag":[],"berocket_brand":[1987],"class_list":{"0":"post-108996","1":"product","2":"type-product","3":"status-publish","4":"has-post-thumbnail","6":"product_cat-kampanjatarjous-miehelle","7":"product_cat-kampanjatarjous-naiselle","8":"product_cat-kasvojen-kuorinta","9":"product_cat-kampanjamme","10":"pa_brand-babor","11":"berocket_brand-babor","13":"first","14":"instock","15":"sale","16":"taxable","17":"shipping-taxable","18":"purchasable","19":"product-type-simple"},"_links":{"self":[{"href":"https:\/\/stylingagenten.com\/fi\/wp-json\/wp\/v2\/product\/108996","targetHints":{"allow":["GET"]}}],"collection":[{"href":"https:\/\/stylingagenten.com\/fi\/wp-json\/wp\/v2\/product"}],"about":[{"href":"https:\/\/stylingagenten.com\/fi\/wp-json\/wp\/v2\/types\/product"}],"replies":[{"embeddable":true,"href":"https:\/\/stylingagenten.com\/fi\/wp-json\/wp\/v2\/comments?post=108996"}],"version-history":[{"count":0,"href":"https:\/\/stylingagenten.com\/fi\/wp-json\/wp\/v2\/product\/108996\/revisions"}],"wp:featuredmedia":[{"embeddable":true,"href":"https:\/\/stylingagenten.com\/fi\/wp-json\/wp\/v2\/media\/108992"}],"wp:attachment":[{"href":"https:\/\/stylingagenten.com\/fi\/wp-json\/wp\/v2\/media?parent=108996"}],"wp:term":[{"taxonomy":"product_brand","embeddable":true,"href":"https:\/\/stylingagenten.com\/fi\/wp-json\/wp\/v2\/product_brand?post=108996"},{"taxonomy":"product_cat","embeddable":true,"href":"https:\/\/stylingagenten.com\/fi\/wp-json\/wp\/v2\/product_cat?post=108996"},{"taxonomy":"product_tag","embeddable":true,"href":"https:\/\/stylingagenten.com\/fi\/wp-json\/wp\/v2\/product_tag?post=108996"},{"taxonomy":"berocket_brand","embeddable":true,"href":"https:\/\/stylingagenten.com\/fi\/wp-json\/wp\/v2\/berocket_brand?post=108996"}],"curies":[{"name":"wp","href":"https:\/\/api.w.org\/{rel}","templated":true}]}}