{"id":108990,"date":"2025-05-18T20:50:20","date_gmt":"2025-05-18T20:50:20","guid":{"rendered":"https:\/\/staging2.stylingagenten.com\/fi\/produkt\/3-pack-calvin-klein-ck-one-deostick-75ml\/"},"modified":"2026-04-14T12:08:30","modified_gmt":"2026-04-14T12:08:30","slug":"3-pack-calvin-klein-ck-one-deostick-75ml","status":"publish","type":"product","link":"https:\/\/stylingagenten.com\/fi\/tuote\/3-pack-calvin-klein-ck-one-deostick-75ml\/","title":{"rendered":"3-pack Calvin Klein CK One Deostick 75ml"},"content":{"rendered":"<p><strong>3-pakkaus Calvin Klein CK One Deostick 75ml<\/strong><br \/>Deodoranttipuikko samalla hyv\u00e4ll\u00e4 tuoksussa kuin hajuvesi.<\/p>\n<p>Calvin Klein CK One on ajaton unisex-hajuvesi, jossa on raikas raikas ja hedelm\u00e4inen tuoksu.<br \/>Tuoksutuoksu: bergamotti, mandariini, kardemumma, jasmiini, ananas, papaija, meripihka, muskottip\u00e4hkin\u00e4, santelipuu; ja vihre\u00e4\u00e4 teet\u00e4.<\/p>\n","protected":false},"excerpt":{"rendered":"<p>3-pakkaus Calvin Klein CK One Deostick 75mlDeodoranttipuikko samalla hyv\u00e4ll\u00e4 tuoksussa kuin hajuvesi. Calvin Klein CK One on ajaton unisex-hajuvesi, jossa on raikas raikas ja hedelm\u00e4inen tuoksu.Tuoksutuoksu: bergamotti, mandariini, kardemumma, jasmiini, ananas, papaija, meripihka, muskottip\u00e4hkin\u00e4, santelipuu; ja vihre\u00e4\u00e4 teet\u00e4.<\/p>\n","protected":false},"featured_media":108989,"comment_status":"open","ping_status":"closed","template":"","meta":{"_trash_the_other_posts":false},"product_brand":[],"product_cat":[749,1000,999,670,1003,735],"product_tag":[],"berocket_brand":[1014],"class_list":{"0":"post-108990","1":"product","2":"type-product","3":"status-publish","4":"has-post-thumbnail","6":"product_cat-calvin-klein-ck-one","7":"product_cat-kampanjatarjous-miehelle","8":"product_cat-kampanjatarjous-naiselle","9":"product_cat-monipakkausdeodorantti","10":"product_cat-myydyimmat","11":"product_cat-kampanjamme","12":"pa_brand-calvin-klein","13":"berocket_brand-calvin-klein","15":"first","16":"instock","17":"sale","18":"taxable","19":"shipping-taxable","20":"purchasable","21":"product-type-simple"},"_links":{"self":[{"href":"https:\/\/stylingagenten.com\/fi\/wp-json\/wp\/v2\/product\/108990","targetHints":{"allow":["GET"]}}],"collection":[{"href":"https:\/\/stylingagenten.com\/fi\/wp-json\/wp\/v2\/product"}],"about":[{"href":"https:\/\/stylingagenten.com\/fi\/wp-json\/wp\/v2\/types\/product"}],"replies":[{"embeddable":true,"href":"https:\/\/stylingagenten.com\/fi\/wp-json\/wp\/v2\/comments?post=108990"}],"version-history":[{"count":0,"href":"https:\/\/stylingagenten.com\/fi\/wp-json\/wp\/v2\/product\/108990\/revisions"}],"wp:featuredmedia":[{"embeddable":true,"href":"https:\/\/stylingagenten.com\/fi\/wp-json\/wp\/v2\/media\/108989"}],"wp:attachment":[{"href":"https:\/\/stylingagenten.com\/fi\/wp-json\/wp\/v2\/media?parent=108990"}],"wp:term":[{"taxonomy":"product_brand","embeddable":true,"href":"https:\/\/stylingagenten.com\/fi\/wp-json\/wp\/v2\/product_brand?post=108990"},{"taxonomy":"product_cat","embeddable":true,"href":"https:\/\/stylingagenten.com\/fi\/wp-json\/wp\/v2\/product_cat?post=108990"},{"taxonomy":"product_tag","embeddable":true,"href":"https:\/\/stylingagenten.com\/fi\/wp-json\/wp\/v2\/product_tag?post=108990"},{"taxonomy":"berocket_brand","embeddable":true,"href":"https:\/\/stylingagenten.com\/fi\/wp-json\/wp\/v2\/berocket_brand?post=108990"}],"curies":[{"name":"wp","href":"https:\/\/api.w.org\/{rel}","templated":true}]}}