{"id":108988,"date":"2025-05-18T20:50:19","date_gmt":"2025-05-18T20:50:19","guid":{"rendered":"https:\/\/staging2.stylingagenten.com\/fi\/produkt\/2-pack-calvin-klein-ck-free-deostick-75ml\/"},"modified":"2026-04-14T12:18:26","modified_gmt":"2026-04-14T12:18:26","slug":"2-pack-calvin-klein-ck-free-deostick-75ml","status":"publish","type":"product","link":"https:\/\/stylingagenten.com\/fi\/tuote\/2-pack-calvin-klein-ck-free-deostick-75ml\/","title":{"rendered":"2-pack Calvin Klein CK Free Deostick 75ml"},"content":{"rendered":"<p>Calvin Klein CK Free for Men Deostick on aromaattinen, l\u00e4mmin ja viipyv\u00e4 tuoksu, jossa on kohottavaa raikkautta ja l\u00e4mmint\u00e4 maskuliinisuutta.<\/p>\n<p><strong>Tuoksutuoksu:<\/strong> absintti, jakkipuu, t\u00e4htianis, kataja, buchuruta, mokka, kahvi, tupakanlehti, Costa Rican m\u00e4nty, tammi, patsuli ja setripuu.<\/p>\n<p>&nbsp;<\/p>\n<p> &nbsp;<\/p>\n<p>&nbsp;<\/p>\n","protected":false},"excerpt":{"rendered":"<p>Calvin Klein CK Free for Men Deostick on aromaattinen, l\u00e4mmin ja viipyv\u00e4 tuoksu, jossa on kohottavaa raikkautta ja l\u00e4mmint\u00e4 maskuliinisuutta. Tuoksutuoksu: absintti, jakkipuu, t\u00e4htianis, kataja, buchuruta, mokka, kahvi, tupakanlehti, Costa Rican m\u00e4nty, tammi, patsuli ja setripuu. &nbsp; &nbsp; &nbsp;<\/p>\n","protected":false},"featured_media":108987,"comment_status":"open","ping_status":"closed","template":"","meta":{"_trash_the_other_posts":false},"product_brand":[],"product_cat":[1000,999,670,1003,735],"product_tag":[],"berocket_brand":[1014],"class_list":{"0":"post-108988","1":"product","2":"type-product","3":"status-publish","4":"has-post-thumbnail","6":"product_cat-kampanjatarjous-miehelle","7":"product_cat-kampanjatarjous-naiselle","8":"product_cat-monipakkausdeodorantti","9":"product_cat-myydyimmat","10":"product_cat-kampanjamme","11":"pa_brand-calvin-klein","12":"berocket_brand-calvin-klein","14":"first","15":"instock","16":"sale","17":"taxable","18":"shipping-taxable","19":"purchasable","20":"product-type-simple"},"_links":{"self":[{"href":"https:\/\/stylingagenten.com\/fi\/wp-json\/wp\/v2\/product\/108988","targetHints":{"allow":["GET"]}}],"collection":[{"href":"https:\/\/stylingagenten.com\/fi\/wp-json\/wp\/v2\/product"}],"about":[{"href":"https:\/\/stylingagenten.com\/fi\/wp-json\/wp\/v2\/types\/product"}],"replies":[{"embeddable":true,"href":"https:\/\/stylingagenten.com\/fi\/wp-json\/wp\/v2\/comments?post=108988"}],"version-history":[{"count":0,"href":"https:\/\/stylingagenten.com\/fi\/wp-json\/wp\/v2\/product\/108988\/revisions"}],"wp:featuredmedia":[{"embeddable":true,"href":"https:\/\/stylingagenten.com\/fi\/wp-json\/wp\/v2\/media\/108987"}],"wp:attachment":[{"href":"https:\/\/stylingagenten.com\/fi\/wp-json\/wp\/v2\/media?parent=108988"}],"wp:term":[{"taxonomy":"product_brand","embeddable":true,"href":"https:\/\/stylingagenten.com\/fi\/wp-json\/wp\/v2\/product_brand?post=108988"},{"taxonomy":"product_cat","embeddable":true,"href":"https:\/\/stylingagenten.com\/fi\/wp-json\/wp\/v2\/product_cat?post=108988"},{"taxonomy":"product_tag","embeddable":true,"href":"https:\/\/stylingagenten.com\/fi\/wp-json\/wp\/v2\/product_tag?post=108988"},{"taxonomy":"berocket_brand","embeddable":true,"href":"https:\/\/stylingagenten.com\/fi\/wp-json\/wp\/v2\/berocket_brand?post=108988"}],"curies":[{"name":"wp","href":"https:\/\/api.w.org\/{rel}","templated":true}]}}