{"id":108979,"date":"2025-05-18T20:50:16","date_gmt":"2025-05-18T20:50:16","guid":{"rendered":"https:\/\/staging2.stylingagenten.com\/fi\/produkt\/2-pack-calvin-klein-ck-one-ck-be-deostick-75ml\/"},"modified":"2026-03-25T11:38:37","modified_gmt":"2026-03-25T11:38:37","slug":"2-pack-calvin-klein-ck-one-ck-be-deostick-75ml","status":"publish","type":"product","link":"https:\/\/stylingagenten.com\/fi\/tuote\/2-pack-calvin-klein-ck-one-ck-be-deostick-75ml\/","title":{"rendered":"2-pack Calvin Klein CK One + CK Be Deostick 75ml"},"content":{"rendered":"<p><strong>2 kpl Calvin Klein CK One &amp; CK Be Deostick&nbsp;<\/strong><br \/>Deodoranttipuikko, jolla on sama tuoksu kuin hajuvedet.<\/p>\n<p><strong>Calvin Klein CK One<\/strong> on ajaton unisex-hajuvesi, jossa on fr&auml; raikas ja hedelm\u00e4inen tuoksu.<br \/>Tuoksutuoksu: bergamotti, mandariini, kardemumma, jasmiini, ananas, papaija, meripihka, muskottip\u00e4hkin\u00e4, santelipuu&auml; ja vihre\u00e4\u00e4 teet\u00e4.<\/p>\n<p><strong>Calvin Klein CK Be<\/strong> on klassinen unisex-tuoksu, joka on hieman t\u00e4ytel\u00e4isempi ja it\u00e4maisempi kuin CK One.<br \/> Tuoksut:<strong>&nbsp;<\/strong>bergamotti, mandariini, kataja, minttu, magnolia, persikka, mausteet, meripihka, santelipuu; ja tonkab&ouml;na.<\/p>\n","protected":false},"excerpt":{"rendered":"<p>2 kpl Calvin Klein CK One &amp; CK Be Deostick&nbsp;Deodoranttipuikko, jolla on sama tuoksu kuin hajuvedet. Calvin Klein CK One on ajaton unisex-hajuvesi, jossa on fr&auml; raikas ja hedelm\u00e4inen tuoksu.Tuoksutuoksu: bergamotti, mandariini, kardemumma, jasmiini, ananas, papaija, meripihka, muskottip\u00e4hkin\u00e4, santelipuu&auml; ja vihre\u00e4\u00e4 teet\u00e4. Calvin Klein CK Be on klassinen unisex-tuoksu, joka on hieman t\u00e4ytel\u00e4isempi ja it\u00e4maisempi [&hellip;]<\/p>\n","protected":false},"featured_media":108978,"comment_status":"open","ping_status":"closed","template":"","meta":{"_trash_the_other_posts":false},"product_brand":[],"product_cat":[1000,999,670,1003,735],"product_tag":[],"berocket_brand":[1014],"class_list":{"0":"post-108979","1":"product","2":"type-product","3":"status-publish","4":"has-post-thumbnail","6":"product_cat-kampanjatarjous-miehelle","7":"product_cat-kampanjatarjous-naiselle","8":"product_cat-monipakkausdeodorantti","9":"product_cat-myydyimmat","10":"product_cat-kampanjamme","11":"pa_brand-calvin-klein","12":"berocket_brand-calvin-klein","14":"first","15":"instock","16":"sale","17":"taxable","18":"shipping-taxable","19":"purchasable","20":"product-type-simple"},"_links":{"self":[{"href":"https:\/\/stylingagenten.com\/fi\/wp-json\/wp\/v2\/product\/108979","targetHints":{"allow":["GET"]}}],"collection":[{"href":"https:\/\/stylingagenten.com\/fi\/wp-json\/wp\/v2\/product"}],"about":[{"href":"https:\/\/stylingagenten.com\/fi\/wp-json\/wp\/v2\/types\/product"}],"replies":[{"embeddable":true,"href":"https:\/\/stylingagenten.com\/fi\/wp-json\/wp\/v2\/comments?post=108979"}],"version-history":[{"count":0,"href":"https:\/\/stylingagenten.com\/fi\/wp-json\/wp\/v2\/product\/108979\/revisions"}],"wp:featuredmedia":[{"embeddable":true,"href":"https:\/\/stylingagenten.com\/fi\/wp-json\/wp\/v2\/media\/108978"}],"wp:attachment":[{"href":"https:\/\/stylingagenten.com\/fi\/wp-json\/wp\/v2\/media?parent=108979"}],"wp:term":[{"taxonomy":"product_brand","embeddable":true,"href":"https:\/\/stylingagenten.com\/fi\/wp-json\/wp\/v2\/product_brand?post=108979"},{"taxonomy":"product_cat","embeddable":true,"href":"https:\/\/stylingagenten.com\/fi\/wp-json\/wp\/v2\/product_cat?post=108979"},{"taxonomy":"product_tag","embeddable":true,"href":"https:\/\/stylingagenten.com\/fi\/wp-json\/wp\/v2\/product_tag?post=108979"},{"taxonomy":"berocket_brand","embeddable":true,"href":"https:\/\/stylingagenten.com\/fi\/wp-json\/wp\/v2\/berocket_brand?post=108979"}],"curies":[{"name":"wp","href":"https:\/\/api.w.org\/{rel}","templated":true}]}}