{"id":108975,"date":"2025-05-18T20:50:14","date_gmt":"2025-05-18T20:50:14","guid":{"rendered":"https:\/\/staging2.stylingagenten.com\/fi\/produkt\/3-pack-calvin-klein-deostick-eternity-ck-one-ck-be-75ml\/"},"modified":"2026-04-13T12:35:36","modified_gmt":"2026-04-13T12:35:36","slug":"3-pack-calvin-klein-deostick-eternity-ck-one-ck-be-75ml","status":"publish","type":"product","link":"https:\/\/stylingagenten.com\/fi\/tuote\/3-pack-calvin-klein-deostick-eternity-ck-one-ck-be-75ml\/","title":{"rendered":"3-pack Calvin Klein Deostick (Eternity + CK One + CK Be 75ml)"},"content":{"rendered":"<p><strong>3-pakkaus Calvin Klein Deostick &#8211; Eternity, CK One, CK Be<\/strong><br \/>Deodoranttipuikko, joka tuoksuu samalla tavalla kuin hajuvedet.<\/p>\n<p><strong>Calvin Klein Eternity for Men<\/strong> on l\u00e4mmin, maskuliininen ja aromaattinen tuoksu.<br \/>Tuoksutuoksu<strong>:<\/strong> bergamotti, laventeli, sitruuna, appelsiinin kukka, korianteri, salvia, kataja, lilja, santelipuu, ruusupuu ; , meripihkaa ja myski.<\/p>\n<p><strong>Calvin Klein CK One<\/strong> on vuodenaikojen unisex-hajuvesi, jossa on raikas raikas ja hedelm\u00e4inen tuoksu.<br \/>Tuoksutuoksu: bergamotti, mandariini, kardemumma, jasmiini, ananas, papaija, meripihka, muskottip\u00e4hkin\u00e4, santelipuu&auml; ja vihre\u00e4\u00e4 teet\u00e4.<\/p>\n<p><strong>Calvin Klein CK Be<\/strong> on klassinen unisex-tuoksu, joka on hieman t\u00e4ytel\u00e4isempi ja it\u00e4maisempi kuin CK One.<br \/> Tuoksut:<strong>&nbsp;<\/strong>bergamotti, mandariini, kataja, minttu, magnolia, persikka, mausteet, meripihka, santelipuu; ja tonkab&ouml;na.<\/p>\n","protected":false},"excerpt":{"rendered":"<p>3-pakkaus Calvin Klein Deostick &#8211; Eternity, CK One, CK BeDeodoranttipuikko, joka tuoksuu samalla tavalla kuin hajuvedet. Calvin Klein Eternity for Men on l\u00e4mmin, maskuliininen ja aromaattinen tuoksu.Tuoksutuoksu: bergamotti, laventeli, sitruuna, appelsiinin kukka, korianteri, salvia, kataja, lilja, santelipuu, ruusupuu ; , meripihkaa ja myski. Calvin Klein CK One on vuodenaikojen unisex-hajuvesi, jossa on raikas raikas ja [&hellip;]<\/p>\n","protected":false},"featured_media":108973,"comment_status":"open","ping_status":"closed","template":"","meta":{"_trash_the_other_posts":false},"product_brand":[],"product_cat":[748,749,793,1000,999,670,1003,735],"product_tag":[],"berocket_brand":[1014],"class_list":{"0":"post-108975","1":"product","2":"type-product","3":"status-publish","4":"has-post-thumbnail","6":"product_cat-calvin-klein-ck-be","7":"product_cat-calvin-klein-ck-one","8":"product_cat-calvin-klein-eternity-for-men","9":"product_cat-kampanjatarjous-miehelle","10":"product_cat-kampanjatarjous-naiselle","11":"product_cat-monipakkausdeodorantti","12":"product_cat-myydyimmat","13":"product_cat-kampanjamme","14":"pa_brand-calvin-klein","15":"berocket_brand-calvin-klein","17":"first","18":"instock","19":"sale","20":"taxable","21":"shipping-taxable","22":"purchasable","23":"product-type-simple"},"_links":{"self":[{"href":"https:\/\/stylingagenten.com\/fi\/wp-json\/wp\/v2\/product\/108975","targetHints":{"allow":["GET"]}}],"collection":[{"href":"https:\/\/stylingagenten.com\/fi\/wp-json\/wp\/v2\/product"}],"about":[{"href":"https:\/\/stylingagenten.com\/fi\/wp-json\/wp\/v2\/types\/product"}],"replies":[{"embeddable":true,"href":"https:\/\/stylingagenten.com\/fi\/wp-json\/wp\/v2\/comments?post=108975"}],"version-history":[{"count":0,"href":"https:\/\/stylingagenten.com\/fi\/wp-json\/wp\/v2\/product\/108975\/revisions"}],"wp:featuredmedia":[{"embeddable":true,"href":"https:\/\/stylingagenten.com\/fi\/wp-json\/wp\/v2\/media\/108973"}],"wp:attachment":[{"href":"https:\/\/stylingagenten.com\/fi\/wp-json\/wp\/v2\/media?parent=108975"}],"wp:term":[{"taxonomy":"product_brand","embeddable":true,"href":"https:\/\/stylingagenten.com\/fi\/wp-json\/wp\/v2\/product_brand?post=108975"},{"taxonomy":"product_cat","embeddable":true,"href":"https:\/\/stylingagenten.com\/fi\/wp-json\/wp\/v2\/product_cat?post=108975"},{"taxonomy":"product_tag","embeddable":true,"href":"https:\/\/stylingagenten.com\/fi\/wp-json\/wp\/v2\/product_tag?post=108975"},{"taxonomy":"berocket_brand","embeddable":true,"href":"https:\/\/stylingagenten.com\/fi\/wp-json\/wp\/v2\/berocket_brand?post=108975"}],"curies":[{"name":"wp","href":"https:\/\/api.w.org\/{rel}","templated":true}]}}