{"id":108950,"date":"2025-05-18T20:50:06","date_gmt":"2025-05-18T20:50:06","guid":{"rendered":"https:\/\/staging2.stylingagenten.com\/fi\/produkt\/voluspa-decorative-tin-candle-panjore-lychee-113g\/"},"modified":"2026-03-11T21:47:07","modified_gmt":"2026-03-11T21:47:07","slug":"voluspa-decorative-tin-candle-panjore-lychee-113g","status":"publish","type":"product","link":"https:\/\/stylingagenten.com\/fi\/tuote\/voluspa-decorative-tin-candle-panjore-lychee-113g\/","title":{"rendered":"Voluspa Decorative Tin Candle Panjore Lychee 113g"},"content":{"rendered":"<p>Voluspa koristeellinen tinakynttil\u00e4 Panjore Lychee 113g tuoksuu litsihedelmist\u00e4, jossa on vivahteita p\u00e4\u00e4ryn\u00e4st\u00e4 ja vaniljasta.<\/p>\n<p>T\u00e4ss\u00e4 kokoelmassa on japanilaistyylinen muotoilu, joka on yht\u00e4 lumoava kuin tuoksu itse.<\/p>\n<p> p&gt;<\/p>\n<p>Paloaika noin 25 tuntia.<\/p>\n","protected":false},"excerpt":{"rendered":"<p>Voluspa koristeellinen tinakynttil\u00e4 Panjore Lychee 113g tuoksuu litsihedelmist\u00e4, jossa on vivahteita p\u00e4\u00e4ryn\u00e4st\u00e4 ja vaniljasta. T\u00e4ss\u00e4 kokoelmassa on japanilaistyylinen muotoilu, joka on yht\u00e4 lumoava kuin tuoksu itse. p&gt; Paloaika noin 25 tuntia.<\/p>\n","protected":false},"featured_media":108941,"comment_status":"open","ping_status":"closed","template":"","meta":{"_trash_the_other_posts":false},"product_brand":[],"product_cat":[1000,999,1005,735,540],"product_tag":[],"berocket_brand":[1208],"class_list":{"0":"post-108950","1":"product","2":"type-product","3":"status-publish","4":"has-post-thumbnail","6":"product_cat-kampanjatarjous-miehelle","7":"product_cat-kampanjatarjous-naiselle","8":"product_cat-outlet","9":"product_cat-kampanjamme","10":"product_cat-duftende-stearinlys","11":"pa_brand-voluspa","12":"berocket_brand-voluspa","14":"first","15":"instock","16":"sale","17":"taxable","18":"shipping-taxable","19":"purchasable","20":"product-type-simple"},"_links":{"self":[{"href":"https:\/\/stylingagenten.com\/fi\/wp-json\/wp\/v2\/product\/108950","targetHints":{"allow":["GET"]}}],"collection":[{"href":"https:\/\/stylingagenten.com\/fi\/wp-json\/wp\/v2\/product"}],"about":[{"href":"https:\/\/stylingagenten.com\/fi\/wp-json\/wp\/v2\/types\/product"}],"replies":[{"embeddable":true,"href":"https:\/\/stylingagenten.com\/fi\/wp-json\/wp\/v2\/comments?post=108950"}],"version-history":[{"count":0,"href":"https:\/\/stylingagenten.com\/fi\/wp-json\/wp\/v2\/product\/108950\/revisions"}],"wp:featuredmedia":[{"embeddable":true,"href":"https:\/\/stylingagenten.com\/fi\/wp-json\/wp\/v2\/media\/108941"}],"wp:attachment":[{"href":"https:\/\/stylingagenten.com\/fi\/wp-json\/wp\/v2\/media?parent=108950"}],"wp:term":[{"taxonomy":"product_brand","embeddable":true,"href":"https:\/\/stylingagenten.com\/fi\/wp-json\/wp\/v2\/product_brand?post=108950"},{"taxonomy":"product_cat","embeddable":true,"href":"https:\/\/stylingagenten.com\/fi\/wp-json\/wp\/v2\/product_cat?post=108950"},{"taxonomy":"product_tag","embeddable":true,"href":"https:\/\/stylingagenten.com\/fi\/wp-json\/wp\/v2\/product_tag?post=108950"},{"taxonomy":"berocket_brand","embeddable":true,"href":"https:\/\/stylingagenten.com\/fi\/wp-json\/wp\/v2\/berocket_brand?post=108950"}],"curies":[{"name":"wp","href":"https:\/\/api.w.org\/{rel}","templated":true}]}}