{"id":108918,"date":"2025-05-18T20:49:58","date_gmt":"2025-05-18T20:49:58","guid":{"rendered":"https:\/\/staging2.stylingagenten.com\/fi\/produkt\/voluspa-3-wick-candle-decorative-tin-panjore-lychee-340g\/"},"modified":"2026-03-16T15:55:29","modified_gmt":"2026-03-16T15:55:29","slug":"voluspa-3-wick-candle-decorative-tin-panjore-lychee-340g","status":"publish","type":"product","link":"https:\/\/stylingagenten.com\/fi\/tuote\/voluspa-3-wick-candle-decorative-tin-panjore-lychee-340g\/","title":{"rendered":"Voluspa 3-Wick Candle Decorative Tin Panjore Lychee 340g"},"content":{"rendered":"<p>Voluspa 3-Wick kynttil\u00e4n koristeellinen tina Panjore Lychee tuoksuu litsihedelmist\u00e4, jossa on aavistus p\u00e4\u00e4ryn\u00e4\u00e4 ja vaniljaa.<\/p>\n<p>Paloaika noin 40 tuntia.<\/p>\n","protected":false},"excerpt":{"rendered":"<p>Voluspa 3-Wick kynttil\u00e4n koristeellinen tina Panjore Lychee tuoksuu litsihedelmist\u00e4, jossa on aavistus p\u00e4\u00e4ryn\u00e4\u00e4 ja vaniljaa. Paloaika noin 40 tuntia.<\/p>\n","protected":false},"featured_media":108913,"comment_status":"open","ping_status":"closed","template":"","meta":{"_trash_the_other_posts":false},"product_brand":[],"product_cat":[1000,999,1005,735,540],"product_tag":[],"berocket_brand":[1208],"class_list":{"0":"post-108918","1":"product","2":"type-product","3":"status-publish","4":"has-post-thumbnail","6":"product_cat-kampanjatarjous-miehelle","7":"product_cat-kampanjatarjous-naiselle","8":"product_cat-outlet","9":"product_cat-kampanjamme","10":"product_cat-duftende-stearinlys","11":"pa_brand-voluspa","12":"berocket_brand-voluspa","14":"first","15":"instock","16":"sale","17":"taxable","18":"shipping-taxable","19":"purchasable","20":"product-type-simple"},"_links":{"self":[{"href":"https:\/\/stylingagenten.com\/fi\/wp-json\/wp\/v2\/product\/108918","targetHints":{"allow":["GET"]}}],"collection":[{"href":"https:\/\/stylingagenten.com\/fi\/wp-json\/wp\/v2\/product"}],"about":[{"href":"https:\/\/stylingagenten.com\/fi\/wp-json\/wp\/v2\/types\/product"}],"replies":[{"embeddable":true,"href":"https:\/\/stylingagenten.com\/fi\/wp-json\/wp\/v2\/comments?post=108918"}],"version-history":[{"count":0,"href":"https:\/\/stylingagenten.com\/fi\/wp-json\/wp\/v2\/product\/108918\/revisions"}],"wp:featuredmedia":[{"embeddable":true,"href":"https:\/\/stylingagenten.com\/fi\/wp-json\/wp\/v2\/media\/108913"}],"wp:attachment":[{"href":"https:\/\/stylingagenten.com\/fi\/wp-json\/wp\/v2\/media?parent=108918"}],"wp:term":[{"taxonomy":"product_brand","embeddable":true,"href":"https:\/\/stylingagenten.com\/fi\/wp-json\/wp\/v2\/product_brand?post=108918"},{"taxonomy":"product_cat","embeddable":true,"href":"https:\/\/stylingagenten.com\/fi\/wp-json\/wp\/v2\/product_cat?post=108918"},{"taxonomy":"product_tag","embeddable":true,"href":"https:\/\/stylingagenten.com\/fi\/wp-json\/wp\/v2\/product_tag?post=108918"},{"taxonomy":"berocket_brand","embeddable":true,"href":"https:\/\/stylingagenten.com\/fi\/wp-json\/wp\/v2\/berocket_brand?post=108918"}],"curies":[{"name":"wp","href":"https:\/\/api.w.org\/{rel}","templated":true}]}}