{"id":108591,"date":"2025-05-18T20:48:09","date_gmt":"2025-05-18T20:48:09","guid":{"rendered":"https:\/\/staging2.stylingagenten.com\/fi\/produkt\/voluspa-classic-boxed-candle-bourbon-vanille-255g\/"},"modified":"2026-03-16T15:56:33","modified_gmt":"2026-03-16T15:56:33","slug":"voluspa-classic-boxed-candle-bourbon-vanille-255g","status":"publish","type":"product","link":"https:\/\/stylingagenten.com\/fi\/tuote\/voluspa-classic-boxed-candle-bourbon-vanille-255g\/","title":{"rendered":"Voluspa Classic Boxed Candle Bourbon Vanille 255g"},"content":{"rendered":"<p>Voluspa Classic Boxed Candle Bourbon Vanille -kynttil\u00e4ss\u00e4 on pehme\u00e4 ja kermaisa tuoksu bourbon-vaniljapapujen.<\/p>\n<p>Palamisaika noin 60 tuntia.<\/p>\n<p>255g<\/p>\n","protected":false},"excerpt":{"rendered":"<p>Voluspa Classic Boxed Candle Bourbon Vanille -kynttil\u00e4ss\u00e4 on pehme\u00e4 ja kermaisa tuoksu bourbon-vaniljapapujen. Palamisaika noin 60 tuntia. 255g<\/p>\n","protected":false},"featured_media":108587,"comment_status":"open","ping_status":"closed","template":"","meta":{"_trash_the_other_posts":false},"product_brand":[],"product_cat":[1000,999,735,540],"product_tag":[],"berocket_brand":[1208],"class_list":{"0":"post-108591","1":"product","2":"type-product","3":"status-publish","4":"has-post-thumbnail","6":"product_cat-kampanjatarjous-miehelle","7":"product_cat-kampanjatarjous-naiselle","8":"product_cat-kampanjamme","9":"product_cat-duftende-stearinlys","10":"pa_brand-voluspa","11":"berocket_brand-voluspa","13":"first","14":"instock","15":"sale","16":"taxable","17":"shipping-taxable","18":"purchasable","19":"product-type-simple"},"_links":{"self":[{"href":"https:\/\/stylingagenten.com\/fi\/wp-json\/wp\/v2\/product\/108591","targetHints":{"allow":["GET"]}}],"collection":[{"href":"https:\/\/stylingagenten.com\/fi\/wp-json\/wp\/v2\/product"}],"about":[{"href":"https:\/\/stylingagenten.com\/fi\/wp-json\/wp\/v2\/types\/product"}],"replies":[{"embeddable":true,"href":"https:\/\/stylingagenten.com\/fi\/wp-json\/wp\/v2\/comments?post=108591"}],"version-history":[{"count":0,"href":"https:\/\/stylingagenten.com\/fi\/wp-json\/wp\/v2\/product\/108591\/revisions"}],"wp:featuredmedia":[{"embeddable":true,"href":"https:\/\/stylingagenten.com\/fi\/wp-json\/wp\/v2\/media\/108587"}],"wp:attachment":[{"href":"https:\/\/stylingagenten.com\/fi\/wp-json\/wp\/v2\/media?parent=108591"}],"wp:term":[{"taxonomy":"product_brand","embeddable":true,"href":"https:\/\/stylingagenten.com\/fi\/wp-json\/wp\/v2\/product_brand?post=108591"},{"taxonomy":"product_cat","embeddable":true,"href":"https:\/\/stylingagenten.com\/fi\/wp-json\/wp\/v2\/product_cat?post=108591"},{"taxonomy":"product_tag","embeddable":true,"href":"https:\/\/stylingagenten.com\/fi\/wp-json\/wp\/v2\/product_tag?post=108591"},{"taxonomy":"berocket_brand","embeddable":true,"href":"https:\/\/stylingagenten.com\/fi\/wp-json\/wp\/v2\/berocket_brand?post=108591"}],"curies":[{"name":"wp","href":"https:\/\/api.w.org\/{rel}","templated":true}]}}