{"id":108579,"date":"2025-05-18T20:48:01","date_gmt":"2025-05-18T20:48:01","guid":{"rendered":"https:\/\/staging2.stylingagenten.com\/fi\/produkt\/woodwick-large-antiquarium\/"},"modified":"2026-03-11T21:58:51","modified_gmt":"2026-03-11T21:58:51","slug":"woodwick-large-antiquarium","status":"publish","type":"product","link":"https:\/\/stylingagenten.com\/fi\/tuote\/woodwick-large-antiquarium\/","title":{"rendered":"WoodWick Large &#8211; Antiquarium"},"content":{"rendered":"<p>WoodWick Large &#8211; Antiquarium<\/p>\n<p>Historiallinen kartano menneilt\u00e4 ajoilta, jolloin tarut ja kertomukset her\u00e4siv\u00e4t eloon. Vaatimattoman kirjahyllyn takana piilee kirjasto, jossa salaseurat kokoontuivat. Valkoisen kardemumman, tupakkalehtien ja puupaneelien tuoksut her\u00e4tt\u00e4v\u00e4t henkiin huoneen tuoksun, t\u00e4ynn\u00e4 mystiikkaa ja historian havinaa.<\/p>\n<p>Alkutuoksu: Kanelinkuori, Valkoinen kardemumma<br \/>\n<br \/>Syd\u00e4ntuoksu: Kashmir, Porkkanansiemen, Tupakkalehti<br \/>\n<br \/>Pohjatuoksu: Meripihka, Setripuu, Puupaneelit, Vaniljajauhe<\/p>\n<p>Palamisaika: Noin 130 tuntia.<\/p>\n","protected":false},"excerpt":{"rendered":"<p>WoodWick Large &#8211; Antiquarium Historiallinen kartano menneilt\u00e4 ajoilta, jolloin tarut ja kertomukset her\u00e4siv\u00e4t eloon. Vaatimattoman kirjahyllyn takana piilee kirjasto, jossa salaseurat kokoontuivat. Valkoisen kardemumman, tupakkalehtien ja puupaneelien tuoksut her\u00e4tt\u00e4v\u00e4t henkiin huoneen tuoksun, t\u00e4ynn\u00e4 mystiikkaa ja historian havinaa. Alkutuoksu: Kanelinkuori, Valkoinen kardemumma Syd\u00e4ntuoksu: Kashmir, Porkkanansiemen, Tupakkalehti Pohjatuoksu: Meripihka, Setripuu, Puupaneelit, Vaniljajauhe Palamisaika: Noin 130 tuntia.<\/p>\n","protected":false},"featured_media":108577,"comment_status":"open","ping_status":"closed","template":"","meta":{"_trash_the_other_posts":false},"product_brand":[],"product_cat":[1000,999,735,540],"product_tag":[],"berocket_brand":[1375],"class_list":{"0":"post-108579","1":"product","2":"type-product","3":"status-publish","4":"has-post-thumbnail","6":"product_cat-kampanjatarjous-miehelle","7":"product_cat-kampanjatarjous-naiselle","8":"product_cat-kampanjamme","9":"product_cat-duftende-stearinlys","10":"pa_brand-woodwick","11":"berocket_brand-woodwick","13":"first","14":"instock","15":"sale","16":"taxable","17":"shipping-taxable","18":"purchasable","19":"product-type-simple"},"_links":{"self":[{"href":"https:\/\/stylingagenten.com\/fi\/wp-json\/wp\/v2\/product\/108579","targetHints":{"allow":["GET"]}}],"collection":[{"href":"https:\/\/stylingagenten.com\/fi\/wp-json\/wp\/v2\/product"}],"about":[{"href":"https:\/\/stylingagenten.com\/fi\/wp-json\/wp\/v2\/types\/product"}],"replies":[{"embeddable":true,"href":"https:\/\/stylingagenten.com\/fi\/wp-json\/wp\/v2\/comments?post=108579"}],"version-history":[{"count":0,"href":"https:\/\/stylingagenten.com\/fi\/wp-json\/wp\/v2\/product\/108579\/revisions"}],"wp:featuredmedia":[{"embeddable":true,"href":"https:\/\/stylingagenten.com\/fi\/wp-json\/wp\/v2\/media\/108577"}],"wp:attachment":[{"href":"https:\/\/stylingagenten.com\/fi\/wp-json\/wp\/v2\/media?parent=108579"}],"wp:term":[{"taxonomy":"product_brand","embeddable":true,"href":"https:\/\/stylingagenten.com\/fi\/wp-json\/wp\/v2\/product_brand?post=108579"},{"taxonomy":"product_cat","embeddable":true,"href":"https:\/\/stylingagenten.com\/fi\/wp-json\/wp\/v2\/product_cat?post=108579"},{"taxonomy":"product_tag","embeddable":true,"href":"https:\/\/stylingagenten.com\/fi\/wp-json\/wp\/v2\/product_tag?post=108579"},{"taxonomy":"berocket_brand","embeddable":true,"href":"https:\/\/stylingagenten.com\/fi\/wp-json\/wp\/v2\/berocket_brand?post=108579"}],"curies":[{"name":"wp","href":"https:\/\/api.w.org\/{rel}","templated":true}]}}