{"id":108576,"date":"2025-05-18T20:47:58","date_gmt":"2025-05-18T20:47:58","guid":{"rendered":"https:\/\/staging2.stylingagenten.com\/fi\/produkt\/woodwick-ellipse-phantom-cherry\/"},"modified":"2026-03-11T21:58:04","modified_gmt":"2026-03-11T21:58:04","slug":"woodwick-ellipse-phantom-cherry","status":"publish","type":"product","link":"https:\/\/stylingagenten.com\/fi\/tuote\/woodwick-ellipse-phantom-cherry\/","title":{"rendered":"WoodWick Ellipse &#8211; Phantom Cherry"},"content":{"rendered":"<p>WoodWick Ellipse &#8211; Phantom Cherry<br \/>\n<br \/>Syv\u00e4ll\u00e4 Schwarzwaldin mets\u00e4ss\u00e4 ilma t\u00e4yttyy ylellisell\u00e4 makeudella. Tummien kirsikoiden, meripihkapuun, kashmirin ja savustetun vaniljan tuoksut luovat tiiviin, mystisen ja ylellisen tunnelman.<\/p>\n<p>Alkutuoksu: Vadelma, Tummat kirsikat, Raparperi<br \/>\n<br \/>Syd\u00e4ntuoksu: Meripihkapuu, Murskattu neilikka, Sammal, Tonkapapu<br \/>\n<br \/>Pohjatuoksu: Kashmir, Maitomainen myski, Savustettu ja kermainen vanilja, Santelipuu<\/p>\n<p>Ellipse-palamisaika: Noin 50 tuntia.<\/p>\n","protected":false},"excerpt":{"rendered":"<p>WoodWick Ellipse &#8211; Phantom Cherry Syv\u00e4ll\u00e4 Schwarzwaldin mets\u00e4ss\u00e4 ilma t\u00e4yttyy ylellisell\u00e4 makeudella. Tummien kirsikoiden, meripihkapuun, kashmirin ja savustetun vaniljan tuoksut luovat tiiviin, mystisen ja ylellisen tunnelman. Alkutuoksu: Vadelma, Tummat kirsikat, Raparperi Syd\u00e4ntuoksu: Meripihkapuu, Murskattu neilikka, Sammal, Tonkapapu Pohjatuoksu: Kashmir, Maitomainen myski, Savustettu ja kermainen vanilja, Santelipuu Ellipse-palamisaika: Noin 50 tuntia.<\/p>\n","protected":false},"featured_media":108572,"comment_status":"open","ping_status":"closed","template":"","meta":{"_trash_the_other_posts":false},"product_brand":[],"product_cat":[1000,999,735,540],"product_tag":[],"berocket_brand":[1375],"class_list":{"0":"post-108576","1":"product","2":"type-product","3":"status-publish","4":"has-post-thumbnail","6":"product_cat-kampanjatarjous-miehelle","7":"product_cat-kampanjatarjous-naiselle","8":"product_cat-kampanjamme","9":"product_cat-duftende-stearinlys","10":"pa_brand-woodwick","11":"berocket_brand-woodwick","13":"first","14":"instock","15":"sale","16":"taxable","17":"shipping-taxable","18":"purchasable","19":"product-type-simple"},"_links":{"self":[{"href":"https:\/\/stylingagenten.com\/fi\/wp-json\/wp\/v2\/product\/108576","targetHints":{"allow":["GET"]}}],"collection":[{"href":"https:\/\/stylingagenten.com\/fi\/wp-json\/wp\/v2\/product"}],"about":[{"href":"https:\/\/stylingagenten.com\/fi\/wp-json\/wp\/v2\/types\/product"}],"replies":[{"embeddable":true,"href":"https:\/\/stylingagenten.com\/fi\/wp-json\/wp\/v2\/comments?post=108576"}],"version-history":[{"count":0,"href":"https:\/\/stylingagenten.com\/fi\/wp-json\/wp\/v2\/product\/108576\/revisions"}],"wp:featuredmedia":[{"embeddable":true,"href":"https:\/\/stylingagenten.com\/fi\/wp-json\/wp\/v2\/media\/108572"}],"wp:attachment":[{"href":"https:\/\/stylingagenten.com\/fi\/wp-json\/wp\/v2\/media?parent=108576"}],"wp:term":[{"taxonomy":"product_brand","embeddable":true,"href":"https:\/\/stylingagenten.com\/fi\/wp-json\/wp\/v2\/product_brand?post=108576"},{"taxonomy":"product_cat","embeddable":true,"href":"https:\/\/stylingagenten.com\/fi\/wp-json\/wp\/v2\/product_cat?post=108576"},{"taxonomy":"product_tag","embeddable":true,"href":"https:\/\/stylingagenten.com\/fi\/wp-json\/wp\/v2\/product_tag?post=108576"},{"taxonomy":"berocket_brand","embeddable":true,"href":"https:\/\/stylingagenten.com\/fi\/wp-json\/wp\/v2\/berocket_brand?post=108576"}],"curies":[{"name":"wp","href":"https:\/\/api.w.org\/{rel}","templated":true}]}}