{"id":108548,"date":"2025-05-18T20:47:40","date_gmt":"2025-05-18T20:47:40","guid":{"rendered":"https:\/\/staging2.stylingagenten.com\/fi\/produkt\/woodwick-medium-gilded-sands\/"},"modified":"2026-03-11T21:54:44","modified_gmt":"2026-03-11T21:54:44","slug":"woodwick-medium-gilded-sands","status":"publish","type":"product","link":"https:\/\/stylingagenten.com\/fi\/tuote\/woodwick-medium-gilded-sands\/","title":{"rendered":"WoodWick Medium &#8211; Gilded Sands"},"content":{"rendered":"<p>WoodWick Medium \u2013 Gilded Sands<\/p>\n<p>Tuoksu, joka vie sinut Egyptin pyramidien k\u00e4tkettyjen aarteiden luo. Yll\u00e4tt\u00e4v\u00e4 ylellisyyden ja ylt\u00e4kyll\u00e4isyyden tunne kuivassa hiekan t\u00e4ytt\u00e4m\u00e4ss\u00e4 maisemassa. L\u00e4mmin autiomaailma sekoittuu viikunapuun ja guajakkipuun aromeihin \u2013 yhdess\u00e4 ne ilment\u00e4v\u00e4t mystiikkaa, jota vain historialliset ymp\u00e4rist\u00f6t voivat tarjota.<\/p>\n<p>Alkutuoksu: Bergamotti, Viikuna, Pippuri<br \/>\n<br \/>Syd\u00e4ntuoksu: Jasmiininkukka, Autiomaailma, Vetiverhein\u00e4<br \/>\n<br \/>Pohjatuoksu: Meripihkahiekka, Elemihunaja, Guajakkipuu<\/p>\n<p>Palamisaika: Noin 60 tuntia.<\/p>\n","protected":false},"excerpt":{"rendered":"<p>WoodWick Medium \u2013 Gilded Sands Tuoksu, joka vie sinut Egyptin pyramidien k\u00e4tkettyjen aarteiden luo. Yll\u00e4tt\u00e4v\u00e4 ylellisyyden ja ylt\u00e4kyll\u00e4isyyden tunne kuivassa hiekan t\u00e4ytt\u00e4m\u00e4ss\u00e4 maisemassa. L\u00e4mmin autiomaailma sekoittuu viikunapuun ja guajakkipuun aromeihin \u2013 yhdess\u00e4 ne ilment\u00e4v\u00e4t mystiikkaa, jota vain historialliset ymp\u00e4rist\u00f6t voivat tarjota. Alkutuoksu: Bergamotti, Viikuna, Pippuri Syd\u00e4ntuoksu: Jasmiininkukka, Autiomaailma, Vetiverhein\u00e4 Pohjatuoksu: Meripihkahiekka, Elemihunaja, Guajakkipuu Palamisaika: Noin [&hellip;]<\/p>\n","protected":false},"featured_media":108547,"comment_status":"open","ping_status":"closed","template":"","meta":{"_trash_the_other_posts":false},"product_brand":[],"product_cat":[1000,999,735,540],"product_tag":[],"berocket_brand":[1375],"class_list":{"0":"post-108548","1":"product","2":"type-product","3":"status-publish","4":"has-post-thumbnail","6":"product_cat-kampanjatarjous-miehelle","7":"product_cat-kampanjatarjous-naiselle","8":"product_cat-kampanjamme","9":"product_cat-duftende-stearinlys","10":"pa_brand-woodwick","11":"berocket_brand-woodwick","13":"first","14":"instock","15":"sale","16":"taxable","17":"shipping-taxable","18":"purchasable","19":"product-type-simple"},"_links":{"self":[{"href":"https:\/\/stylingagenten.com\/fi\/wp-json\/wp\/v2\/product\/108548","targetHints":{"allow":["GET"]}}],"collection":[{"href":"https:\/\/stylingagenten.com\/fi\/wp-json\/wp\/v2\/product"}],"about":[{"href":"https:\/\/stylingagenten.com\/fi\/wp-json\/wp\/v2\/types\/product"}],"replies":[{"embeddable":true,"href":"https:\/\/stylingagenten.com\/fi\/wp-json\/wp\/v2\/comments?post=108548"}],"version-history":[{"count":0,"href":"https:\/\/stylingagenten.com\/fi\/wp-json\/wp\/v2\/product\/108548\/revisions"}],"wp:featuredmedia":[{"embeddable":true,"href":"https:\/\/stylingagenten.com\/fi\/wp-json\/wp\/v2\/media\/108547"}],"wp:attachment":[{"href":"https:\/\/stylingagenten.com\/fi\/wp-json\/wp\/v2\/media?parent=108548"}],"wp:term":[{"taxonomy":"product_brand","embeddable":true,"href":"https:\/\/stylingagenten.com\/fi\/wp-json\/wp\/v2\/product_brand?post=108548"},{"taxonomy":"product_cat","embeddable":true,"href":"https:\/\/stylingagenten.com\/fi\/wp-json\/wp\/v2\/product_cat?post=108548"},{"taxonomy":"product_tag","embeddable":true,"href":"https:\/\/stylingagenten.com\/fi\/wp-json\/wp\/v2\/product_tag?post=108548"},{"taxonomy":"berocket_brand","embeddable":true,"href":"https:\/\/stylingagenten.com\/fi\/wp-json\/wp\/v2\/berocket_brand?post=108548"}],"curies":[{"name":"wp","href":"https:\/\/api.w.org\/{rel}","templated":true}]}}