{"id":108534,"date":"2025-05-18T20:47:30","date_gmt":"2025-05-18T20:47:30","guid":{"rendered":"https:\/\/staging2.stylingagenten.com\/fi\/produkt\/woodwick-medium-hypnoflora\/"},"modified":"2026-03-11T21:56:51","modified_gmt":"2026-03-11T21:56:51","slug":"woodwick-medium-hypnoflora","status":"publish","type":"product","link":"https:\/\/stylingagenten.com\/fi\/tuote\/woodwick-medium-hypnoflora\/","title":{"rendered":"WoodWick Medium &#8211; Hypnoflora"},"content":{"rendered":"<p>WoodWick Medium &#8211; Hypnoflora<br \/>\n<br \/>On olemassa harvinainen, kaunis ja mystinen valkoinen kukka, joka kukkii vain t\u00e4ysikuun aikana. Siin\u00e4 on hypnotisoiva ja lumouksellinen voima. Anna itsesi vied\u00e4 t\u00e4m\u00e4n kiehtovan tuoksun mukana, jossa on s\u00e4vyj\u00e4 y\u00f6n jasmiinista, p\u00e4\u00e4ryn\u00e4st\u00e4 ja tonkapavusta.<\/p>\n<p>Alkutuoksu: Bergamotti, Mandariini, P\u00e4\u00e4ryn\u00e4<br \/>\n<br \/>Syd\u00e4ntuoksu: Omenankukka, Kuun kukka, Y\u00f6n jasmiini, Neroli<br \/>\n<br \/>Pohjatuoksu: Meripihka h\u00e4m\u00e4r\u00e4ss\u00e4, Tonkapapu, Vanilja<\/p>\n<p>Palamisaika: Noin 60 tuntia.<\/p>\n","protected":false},"excerpt":{"rendered":"<p>WoodWick Medium &#8211; Hypnoflora On olemassa harvinainen, kaunis ja mystinen valkoinen kukka, joka kukkii vain t\u00e4ysikuun aikana. Siin\u00e4 on hypnotisoiva ja lumouksellinen voima. Anna itsesi vied\u00e4 t\u00e4m\u00e4n kiehtovan tuoksun mukana, jossa on s\u00e4vyj\u00e4 y\u00f6n jasmiinista, p\u00e4\u00e4ryn\u00e4st\u00e4 ja tonkapavusta. Alkutuoksu: Bergamotti, Mandariini, P\u00e4\u00e4ryn\u00e4 Syd\u00e4ntuoksu: Omenankukka, Kuun kukka, Y\u00f6n jasmiini, Neroli Pohjatuoksu: Meripihka h\u00e4m\u00e4r\u00e4ss\u00e4, Tonkapapu, Vanilja Palamisaika: [&hellip;]<\/p>\n","protected":false},"featured_media":108533,"comment_status":"open","ping_status":"closed","template":"","meta":{"_trash_the_other_posts":false},"product_brand":[],"product_cat":[1000,999,735,540],"product_tag":[],"berocket_brand":[1375],"class_list":{"0":"post-108534","1":"product","2":"type-product","3":"status-publish","4":"has-post-thumbnail","6":"product_cat-kampanjatarjous-miehelle","7":"product_cat-kampanjatarjous-naiselle","8":"product_cat-kampanjamme","9":"product_cat-duftende-stearinlys","10":"pa_brand-woodwick","11":"berocket_brand-woodwick","13":"first","14":"instock","15":"sale","16":"taxable","17":"shipping-taxable","18":"purchasable","19":"product-type-simple"},"_links":{"self":[{"href":"https:\/\/stylingagenten.com\/fi\/wp-json\/wp\/v2\/product\/108534","targetHints":{"allow":["GET"]}}],"collection":[{"href":"https:\/\/stylingagenten.com\/fi\/wp-json\/wp\/v2\/product"}],"about":[{"href":"https:\/\/stylingagenten.com\/fi\/wp-json\/wp\/v2\/types\/product"}],"replies":[{"embeddable":true,"href":"https:\/\/stylingagenten.com\/fi\/wp-json\/wp\/v2\/comments?post=108534"}],"version-history":[{"count":0,"href":"https:\/\/stylingagenten.com\/fi\/wp-json\/wp\/v2\/product\/108534\/revisions"}],"wp:featuredmedia":[{"embeddable":true,"href":"https:\/\/stylingagenten.com\/fi\/wp-json\/wp\/v2\/media\/108533"}],"wp:attachment":[{"href":"https:\/\/stylingagenten.com\/fi\/wp-json\/wp\/v2\/media?parent=108534"}],"wp:term":[{"taxonomy":"product_brand","embeddable":true,"href":"https:\/\/stylingagenten.com\/fi\/wp-json\/wp\/v2\/product_brand?post=108534"},{"taxonomy":"product_cat","embeddable":true,"href":"https:\/\/stylingagenten.com\/fi\/wp-json\/wp\/v2\/product_cat?post=108534"},{"taxonomy":"product_tag","embeddable":true,"href":"https:\/\/stylingagenten.com\/fi\/wp-json\/wp\/v2\/product_tag?post=108534"},{"taxonomy":"berocket_brand","embeddable":true,"href":"https:\/\/stylingagenten.com\/fi\/wp-json\/wp\/v2\/berocket_brand?post=108534"}],"curies":[{"name":"wp","href":"https:\/\/api.w.org\/{rel}","templated":true}]}}