{"id":108509,"date":"2025-05-18T20:47:08","date_gmt":"2025-05-18T20:47:08","guid":{"rendered":"https:\/\/staging2.stylingagenten.com\/fi\/produkt\/voluspa-decorative-tin-candle-foraged-wildberry-113g\/"},"modified":"2026-03-11T21:46:58","modified_gmt":"2026-03-11T21:46:58","slug":"voluspa-decorative-tin-candle-foraged-wildberry-113g","status":"publish","type":"product","link":"https:\/\/stylingagenten.com\/fi\/tuote\/voluspa-decorative-tin-candle-foraged-wildberry-113g\/","title":{"rendered":"Voluspa Decorative Tin Candle Foraged Wildberry 113g"},"content":{"rendered":"<p>Voluspa Decorative Tin Candle Foraged Wildberry sis\u00e4lt\u00e4\u00e4 t\u00e4ytel\u00e4isen tuoksun pudonneista lehdist\u00e4, kultaisesta meripihkasta ja kypsist\u00e4 marjoista.<\/p>\n<p>113g<\/p>\n","protected":false},"excerpt":{"rendered":"<p>Voluspa Decorative Tin Candle Foraged Wildberry sis\u00e4lt\u00e4\u00e4 t\u00e4ytel\u00e4isen tuoksun pudonneista lehdist\u00e4, kultaisesta meripihkasta ja kypsist\u00e4 marjoista. 113g<\/p>\n","protected":false},"featured_media":108504,"comment_status":"open","ping_status":"closed","template":"","meta":{"_trash_the_other_posts":false},"product_brand":[],"product_cat":[1000,999,735,540],"product_tag":[],"berocket_brand":[1208],"class_list":{"0":"post-108509","1":"product","2":"type-product","3":"status-publish","4":"has-post-thumbnail","6":"product_cat-kampanjatarjous-miehelle","7":"product_cat-kampanjatarjous-naiselle","8":"product_cat-kampanjamme","9":"product_cat-duftende-stearinlys","10":"pa_brand-voluspa","11":"berocket_brand-voluspa","13":"first","14":"instock","15":"sale","16":"taxable","17":"shipping-taxable","18":"purchasable","19":"product-type-simple"},"_links":{"self":[{"href":"https:\/\/stylingagenten.com\/fi\/wp-json\/wp\/v2\/product\/108509","targetHints":{"allow":["GET"]}}],"collection":[{"href":"https:\/\/stylingagenten.com\/fi\/wp-json\/wp\/v2\/product"}],"about":[{"href":"https:\/\/stylingagenten.com\/fi\/wp-json\/wp\/v2\/types\/product"}],"replies":[{"embeddable":true,"href":"https:\/\/stylingagenten.com\/fi\/wp-json\/wp\/v2\/comments?post=108509"}],"version-history":[{"count":0,"href":"https:\/\/stylingagenten.com\/fi\/wp-json\/wp\/v2\/product\/108509\/revisions"}],"wp:featuredmedia":[{"embeddable":true,"href":"https:\/\/stylingagenten.com\/fi\/wp-json\/wp\/v2\/media\/108504"}],"wp:attachment":[{"href":"https:\/\/stylingagenten.com\/fi\/wp-json\/wp\/v2\/media?parent=108509"}],"wp:term":[{"taxonomy":"product_brand","embeddable":true,"href":"https:\/\/stylingagenten.com\/fi\/wp-json\/wp\/v2\/product_brand?post=108509"},{"taxonomy":"product_cat","embeddable":true,"href":"https:\/\/stylingagenten.com\/fi\/wp-json\/wp\/v2\/product_cat?post=108509"},{"taxonomy":"product_tag","embeddable":true,"href":"https:\/\/stylingagenten.com\/fi\/wp-json\/wp\/v2\/product_tag?post=108509"},{"taxonomy":"berocket_brand","embeddable":true,"href":"https:\/\/stylingagenten.com\/fi\/wp-json\/wp\/v2\/berocket_brand?post=108509"}],"curies":[{"name":"wp","href":"https:\/\/api.w.org\/{rel}","templated":true}]}}