{"id":108481,"date":"2025-05-18T20:46:40","date_gmt":"2025-05-18T20:46:40","guid":{"rendered":"https:\/\/staging2.stylingagenten.com\/fi\/produkt\/babor-skinovage-calming-cream-50ml\/"},"modified":"2026-04-15T07:49:39","modified_gmt":"2026-04-15T07:49:39","slug":"babor-skinovage-calming-cream-50ml","status":"publish","type":"product","link":"https:\/\/stylingagenten.com\/fi\/tuote\/babor-skinovage-calming-cream-50ml\/","title":{"rendered":"BABOR Skinovage Calming Cream 50ml"},"content":{"rendered":"<p>BABOR Skinovage Calming Cream on kasvojen voide, joka sis\u00e4lt\u00e4\u00e4 erityist\u00e4 INTENSE CALM -uutetta yhdistettyn\u00e4 allantoiiniin ja pantenteeniin, jotka yhdess\u00e4 v\u00e4hent\u00e4v\u00e4t \u00e4rsytyst\u00e4, kireyden tunnetta ja stressiin liittyv\u00e4\u00e4 punoitusta*. Iho rauhoittuu ja tulee kest\u00e4v\u00e4mm\u00e4ksi stressi\u00e4 vastaan, ja ihon luonnollinen suojabarri\u00e4\u00e4ri vahvistuu*. Ilman hajusteita ja v\u00e4riaineita. Calming Cream perustuu my\u00f6s tutkimustuloksiin ja sis\u00e4lt\u00e4\u00e4 erityisen power-peptidin, joka parantaa ihon uudistumisprosesseja tasaisemman ja elinvoimaisemman ihon saavuttamiseksi.<\/p>\n<p>*Tehokkuustutkimuksia CALMING CREAM -tuotteesta yhdess\u00e4 CALMING SERUM -tuotteen kanssa.<\/p>\n<p>Sopii herk\u00e4lle iholle.<\/p>\n<p>50ml<\/p>\n","protected":false},"excerpt":{"rendered":"<p>BABOR Skinovage Calming Cream on kasvojen voide, joka sis\u00e4lt\u00e4\u00e4 erityist\u00e4 INTENSE CALM -uutetta yhdistettyn\u00e4 allantoiiniin ja pantenteeniin, jotka yhdess\u00e4 v\u00e4hent\u00e4v\u00e4t \u00e4rsytyst\u00e4, kireyden tunnetta ja stressiin liittyv\u00e4\u00e4 punoitusta*. Iho rauhoittuu ja tulee kest\u00e4v\u00e4mm\u00e4ksi stressi\u00e4 vastaan, ja ihon luonnollinen suojabarri\u00e4\u00e4ri vahvistuu*. Ilman hajusteita ja v\u00e4riaineita. Calming Cream perustuu my\u00f6s tutkimustuloksiin ja sis\u00e4lt\u00e4\u00e4 erityisen power-peptidin, joka parantaa ihon [&hellip;]<\/p>\n","protected":false},"featured_media":108478,"comment_status":"open","ping_status":"closed","template":"","meta":{"_trash_the_other_posts":false},"product_brand":[],"product_cat":[1000,999,559,735],"product_tag":[],"berocket_brand":[1987],"class_list":{"0":"post-108481","1":"product","2":"type-product","3":"status-publish","4":"has-post-thumbnail","6":"product_cat-kampanjatarjous-miehelle","7":"product_cat-kampanjatarjous-naiselle","8":"product_cat-ansiktskrem","9":"product_cat-kampanjamme","10":"pa_brand-babor","11":"berocket_brand-babor","13":"first","14":"instock","15":"sale","16":"taxable","17":"shipping-taxable","18":"purchasable","19":"product-type-simple"},"_links":{"self":[{"href":"https:\/\/stylingagenten.com\/fi\/wp-json\/wp\/v2\/product\/108481","targetHints":{"allow":["GET"]}}],"collection":[{"href":"https:\/\/stylingagenten.com\/fi\/wp-json\/wp\/v2\/product"}],"about":[{"href":"https:\/\/stylingagenten.com\/fi\/wp-json\/wp\/v2\/types\/product"}],"replies":[{"embeddable":true,"href":"https:\/\/stylingagenten.com\/fi\/wp-json\/wp\/v2\/comments?post=108481"}],"version-history":[{"count":0,"href":"https:\/\/stylingagenten.com\/fi\/wp-json\/wp\/v2\/product\/108481\/revisions"}],"wp:featuredmedia":[{"embeddable":true,"href":"https:\/\/stylingagenten.com\/fi\/wp-json\/wp\/v2\/media\/108478"}],"wp:attachment":[{"href":"https:\/\/stylingagenten.com\/fi\/wp-json\/wp\/v2\/media?parent=108481"}],"wp:term":[{"taxonomy":"product_brand","embeddable":true,"href":"https:\/\/stylingagenten.com\/fi\/wp-json\/wp\/v2\/product_brand?post=108481"},{"taxonomy":"product_cat","embeddable":true,"href":"https:\/\/stylingagenten.com\/fi\/wp-json\/wp\/v2\/product_cat?post=108481"},{"taxonomy":"product_tag","embeddable":true,"href":"https:\/\/stylingagenten.com\/fi\/wp-json\/wp\/v2\/product_tag?post=108481"},{"taxonomy":"berocket_brand","embeddable":true,"href":"https:\/\/stylingagenten.com\/fi\/wp-json\/wp\/v2\/berocket_brand?post=108481"}],"curies":[{"name":"wp","href":"https:\/\/api.w.org\/{rel}","templated":true}]}}