{"id":444526,"date":"2026-01-23T12:08:40","date_gmt":"2026-01-23T12:08:40","guid":{"rendered":"https:\/\/stylingagenten.com\/da\/produkt\/toppik-hairline-optimizer\/"},"modified":"2026-04-13T19:17:39","modified_gmt":"2026-04-13T19:17:39","slug":"toppik-hairline-optimizer","status":"publish","type":"product","link":"https:\/\/stylingagenten.com\/da\/produkt\/toppik-hairline-optimizer\/","title":{"rendered":"Toppik Hairline Optimizer"},"content":{"rendered":"<p>Toppik Hairline Optimizer er unikt designet med uregelm\u00e6ssige t\u00e6nder for at hj\u00e6lpe dig med at genskabe en naturlig h\u00e5rgr\u00e6nse, n\u00e5r du p\u00e5f\u00f8rer Toppik Hair Fibers.<\/p>\n<p>S\u00c5DAN VIRKER DEN<\/p>\n<p>Fungerer sammen med Hair Fibers for at fjerne unaturlige lige linjer langs h\u00e5rgr\u00e6nsen<\/p>\n<p>Giver et bl\u00f8dt, naturligt udseende<\/p>\n<p>Forhindrer, at Hair Fibers falder ned p\u00e5 panden<\/p>\n","protected":false},"excerpt":{"rendered":"<p>Toppik Hairline Optimizer er unikt designet med uregelm\u00e6ssige t\u00e6nder for at hj\u00e6lpe dig med at genskabe en naturlig h\u00e5rgr\u00e6nse, n\u00e5r du p\u00e5f\u00f8rer Toppik Hair Fibers. S\u00c5DAN VIRKER DEN Fungerer sammen med Hair Fibers for at fjerne unaturlige lige linjer langs h\u00e5rgr\u00e6nsen Giver et bl\u00f8dt, naturligt udseende Forhindrer, at Hair Fibers falder ned p\u00e5 panden<\/p>\n","protected":false},"featured_media":444525,"comment_status":"open","ping_status":"closed","template":"","meta":{"_trash_the_other_posts":false},"product_brand":[],"product_cat":[640],"product_tag":[],"berocket_brand":[],"class_list":{"0":"post-444526","1":"product","2":"type-product","3":"status-publish","4":"has-post-thumbnail","6":"product_cat-roddaekke","7":"pa_brand-toppik","9":"first","10":"instock","11":"sale","12":"taxable","13":"shipping-taxable","14":"purchasable","15":"product-type-simple"},"_links":{"self":[{"href":"https:\/\/stylingagenten.com\/da\/wp-json\/wp\/v2\/product\/444526","targetHints":{"allow":["GET"]}}],"collection":[{"href":"https:\/\/stylingagenten.com\/da\/wp-json\/wp\/v2\/product"}],"about":[{"href":"https:\/\/stylingagenten.com\/da\/wp-json\/wp\/v2\/types\/product"}],"replies":[{"embeddable":true,"href":"https:\/\/stylingagenten.com\/da\/wp-json\/wp\/v2\/comments?post=444526"}],"version-history":[{"count":0,"href":"https:\/\/stylingagenten.com\/da\/wp-json\/wp\/v2\/product\/444526\/revisions"}],"wp:featuredmedia":[{"embeddable":true,"href":"https:\/\/stylingagenten.com\/da\/wp-json\/wp\/v2\/media\/444525"}],"wp:attachment":[{"href":"https:\/\/stylingagenten.com\/da\/wp-json\/wp\/v2\/media?parent=444526"}],"wp:term":[{"taxonomy":"product_brand","embeddable":true,"href":"https:\/\/stylingagenten.com\/da\/wp-json\/wp\/v2\/product_brand?post=444526"},{"taxonomy":"product_cat","embeddable":true,"href":"https:\/\/stylingagenten.com\/da\/wp-json\/wp\/v2\/product_cat?post=444526"},{"taxonomy":"product_tag","embeddable":true,"href":"https:\/\/stylingagenten.com\/da\/wp-json\/wp\/v2\/product_tag?post=444526"},{"taxonomy":"berocket_brand","embeddable":true,"href":"https:\/\/stylingagenten.com\/da\/wp-json\/wp\/v2\/berocket_brand?post=444526"}],"curies":[{"name":"wp","href":"https:\/\/api.w.org\/{rel}","templated":true}]}}