{"id":444255,"date":"2026-01-21T14:45:37","date_gmt":"2026-01-21T14:45:37","guid":{"rendered":"https:\/\/stylingagenten.com\/da\/produkt\/le-couvent-parfums-remarquables-porto-bello-edp-50ml\/"},"modified":"2026-03-26T21:32:10","modified_gmt":"2026-03-26T21:32:10","slug":"le-couvent-parfums-remarquables-porto-bello-edp-50ml","status":"publish","type":"product","link":"https:\/\/stylingagenten.com\/da\/produkt\/le-couvent-parfums-remarquables-porto-bello-edp-50ml\/","title":{"rendered":"Le Couvent Parfums Remarquables &#8211; Porto Bello Edp 50ml"},"content":{"rendered":"<p>Le Couvent Parfums Remarquables &#8211; Porto Bello EDP har et uds\u00f8gt duftspor af tr\u00e6, s\u00f8d appelsin, krydderier og olibanum, der fremkalder Panamabugtens sensuelle og f\u00e6ngslende dufte.<br \/>En unik skabelse udviklet i hjertet af den franske parfume-kunst, baseret p\u00e5 \u00e6dle, fjerne essenser inspireret af botanikeren Louis Feuill\u00e9es rejser.<br \/>100 % vegansk.<\/p>\n<p>Top: Appelsin<br \/>Hjerte: Davana<br \/>Base: R\u00f8gelse<\/p>\n<p>50ml<\/p>\n","protected":false},"excerpt":{"rendered":"<p>Le Couvent Parfums Remarquables &#8211; Porto Bello EDP har et uds\u00f8gt duftspor af tr\u00e6, s\u00f8d appelsin, krydderier og olibanum, der fremkalder Panamabugtens sensuelle og f\u00e6ngslende dufte.En unik skabelse udviklet i hjertet af den franske parfume-kunst, baseret p\u00e5 \u00e6dle, fjerne essenser inspireret af botanikeren Louis Feuill\u00e9es rejser.100 % vegansk. Top: AppelsinHjerte: DavanaBase: R\u00f8gelse 50ml<\/p>\n","protected":false},"featured_media":444251,"comment_status":"open","ping_status":"closed","template":"","meta":{"_trash_the_other_posts":false},"product_brand":[],"product_cat":[729,735,1000],"product_tag":[],"berocket_brand":[],"class_list":{"0":"post-444255","1":"product","2":"type-product","3":"status-publish","4":"has-post-thumbnail","6":"product_cat-eau-de-parfum-unisex","7":"product_cat-kampagne","8":"product_cat-kampagnetilbud-til-ham","9":"pa_brand-le-couvent","11":"first","12":"instock","13":"sale","14":"taxable","15":"shipping-taxable","16":"purchasable","17":"product-type-simple"},"_links":{"self":[{"href":"https:\/\/stylingagenten.com\/da\/wp-json\/wp\/v2\/product\/444255","targetHints":{"allow":["GET"]}}],"collection":[{"href":"https:\/\/stylingagenten.com\/da\/wp-json\/wp\/v2\/product"}],"about":[{"href":"https:\/\/stylingagenten.com\/da\/wp-json\/wp\/v2\/types\/product"}],"replies":[{"embeddable":true,"href":"https:\/\/stylingagenten.com\/da\/wp-json\/wp\/v2\/comments?post=444255"}],"version-history":[{"count":0,"href":"https:\/\/stylingagenten.com\/da\/wp-json\/wp\/v2\/product\/444255\/revisions"}],"wp:featuredmedia":[{"embeddable":true,"href":"https:\/\/stylingagenten.com\/da\/wp-json\/wp\/v2\/media\/444251"}],"wp:attachment":[{"href":"https:\/\/stylingagenten.com\/da\/wp-json\/wp\/v2\/media?parent=444255"}],"wp:term":[{"taxonomy":"product_brand","embeddable":true,"href":"https:\/\/stylingagenten.com\/da\/wp-json\/wp\/v2\/product_brand?post=444255"},{"taxonomy":"product_cat","embeddable":true,"href":"https:\/\/stylingagenten.com\/da\/wp-json\/wp\/v2\/product_cat?post=444255"},{"taxonomy":"product_tag","embeddable":true,"href":"https:\/\/stylingagenten.com\/da\/wp-json\/wp\/v2\/product_tag?post=444255"},{"taxonomy":"berocket_brand","embeddable":true,"href":"https:\/\/stylingagenten.com\/da\/wp-json\/wp\/v2\/berocket_brand?post=444255"}],"curies":[{"name":"wp","href":"https:\/\/api.w.org\/{rel}","templated":true}]}}