{"id":444231,"date":"2026-01-21T14:41:15","date_gmt":"2026-01-21T14:41:15","guid":{"rendered":"https:\/\/stylingagenten.com\/da\/produkt\/le-couvent-cologne-botanique-aqua-palmaris-edt-50ml\/"},"modified":"2026-04-02T08:48:42","modified_gmt":"2026-04-02T08:48:42","slug":"le-couvent-cologne-botanique-aqua-palmaris-edt-50ml","status":"publish","type":"product","link":"https:\/\/stylingagenten.com\/da\/produkt\/le-couvent-cologne-botanique-aqua-palmaris-edt-50ml\/","title":{"rendered":"Le Couvent Cologne Botanique &#8211; Aqua Palmaris Edt 50ml"},"content":{"rendered":"<p>Le Couvent Cologne Botanique &#8211; Aqua Palmaris EDT \u2013 De andalusiske vidundere, Alhambras haver med deres frugthaver, fanges i det str\u00e5lende lys fra den stigende solen, n\u00e5r daggryet bryder horisonten. En buket af blomster og blomstrende neroli \u00e5bner op mod en bl\u00f8d, pudret blomsterduft, der indfanger f\u00f8lelsen af h\u00f8jlandet.<\/p>\n<p>Topnoter: Pomerans, Appelsin<br \/>Hjertenoter: Neroli Essence<br \/>Basnoter: Appelsinblomst, Vanilje, Hvid Musk<\/p>\n<p>50ml<\/p>\n","protected":false},"excerpt":{"rendered":"<p>Le Couvent Cologne Botanique &#8211; Aqua Palmaris EDT \u2013 De andalusiske vidundere, Alhambras haver med deres frugthaver, fanges i det str\u00e5lende lys fra den stigende solen, n\u00e5r daggryet bryder horisonten. En buket af blomster og blomstrende neroli \u00e5bner op mod en bl\u00f8d, pudret blomsterduft, der indfanger f\u00f8lelsen af h\u00f8jlandet. Topnoter: Pomerans, AppelsinHjertenoter: Neroli EssenceBasnoter: Appelsinblomst, [&hellip;]<\/p>\n","protected":false},"featured_media":444228,"comment_status":"open","ping_status":"closed","template":"","meta":{"_trash_the_other_posts":false},"product_brand":[],"product_cat":[730,735,999],"product_tag":[],"berocket_brand":[],"class_list":{"0":"post-444231","1":"product","2":"type-product","3":"status-publish","4":"has-post-thumbnail","6":"product_cat-eau-de-toilette-unisex","7":"product_cat-kampagne","8":"product_cat-kampagnetilbud-til-hende","9":"pa_brand-le-couvent","11":"first","12":"instock","13":"sale","14":"taxable","15":"shipping-taxable","16":"purchasable","17":"product-type-simple"},"_links":{"self":[{"href":"https:\/\/stylingagenten.com\/da\/wp-json\/wp\/v2\/product\/444231","targetHints":{"allow":["GET"]}}],"collection":[{"href":"https:\/\/stylingagenten.com\/da\/wp-json\/wp\/v2\/product"}],"about":[{"href":"https:\/\/stylingagenten.com\/da\/wp-json\/wp\/v2\/types\/product"}],"replies":[{"embeddable":true,"href":"https:\/\/stylingagenten.com\/da\/wp-json\/wp\/v2\/comments?post=444231"}],"version-history":[{"count":0,"href":"https:\/\/stylingagenten.com\/da\/wp-json\/wp\/v2\/product\/444231\/revisions"}],"wp:featuredmedia":[{"embeddable":true,"href":"https:\/\/stylingagenten.com\/da\/wp-json\/wp\/v2\/media\/444228"}],"wp:attachment":[{"href":"https:\/\/stylingagenten.com\/da\/wp-json\/wp\/v2\/media?parent=444231"}],"wp:term":[{"taxonomy":"product_brand","embeddable":true,"href":"https:\/\/stylingagenten.com\/da\/wp-json\/wp\/v2\/product_brand?post=444231"},{"taxonomy":"product_cat","embeddable":true,"href":"https:\/\/stylingagenten.com\/da\/wp-json\/wp\/v2\/product_cat?post=444231"},{"taxonomy":"product_tag","embeddable":true,"href":"https:\/\/stylingagenten.com\/da\/wp-json\/wp\/v2\/product_tag?post=444231"},{"taxonomy":"berocket_brand","embeddable":true,"href":"https:\/\/stylingagenten.com\/da\/wp-json\/wp\/v2\/berocket_brand?post=444231"}],"curies":[{"name":"wp","href":"https:\/\/api.w.org\/{rel}","templated":true}]}}