{"id":444163,"date":"2026-01-21T10:31:32","date_gmt":"2026-01-21T10:31:32","guid":{"rendered":"https:\/\/stylingagenten.com\/da\/produkt\/vera-wang-princess-edt-30ml\/"},"modified":"2026-04-14T17:48:30","modified_gmt":"2026-04-14T17:48:30","slug":"vera-wang-princess-edt-30ml","status":"publish","type":"product","link":"https:\/\/stylingagenten.com\/da\/produkt\/vera-wang-princess-edt-30ml\/","title":{"rendered":"Vera Wang Princess Edt 30ml"},"content":{"rendered":"<p>Vera Wang Princess Edt\u2019s sensuelle aroma vil f\u00f8re dig til en charmerende orientalisk have med blomstrende blomster.<\/p>\n<p>Topnoter: \u00c6ble, N\u00e6seblomst, Mandarin, Abrikos<br \/>Hjertenoter: Chokolade, Guava, Tuberose<br \/>Basenoter: Tr\u00e6, Amber, Vanilje<\/p>\n<p>100ml<\/p>\n","protected":false},"excerpt":{"rendered":"<p>Vera Wang Princess Edt\u2019s sensuelle aroma vil f\u00f8re dig til en charmerende orientalisk have med blomstrende blomster. Topnoter: \u00c6ble, N\u00e6seblomst, Mandarin, AbrikosHjertenoter: Chokolade, Guava, TuberoseBasenoter: Tr\u00e6, Amber, Vanilje 100ml<\/p>\n","protected":false},"featured_media":444159,"comment_status":"open","ping_status":"closed","template":"","meta":{"_trash_the_other_posts":false},"product_brand":[],"product_cat":[707,735,999],"product_tag":[],"berocket_brand":[],"class_list":{"0":"post-444163","1":"product","2":"type-product","3":"status-publish","4":"has-post-thumbnail","6":"product_cat-eau-de-toilette-dame","7":"product_cat-kampagne","8":"product_cat-kampagnetilbud-til-hende","9":"pa_brand-vera-wang","11":"first","12":"instock","13":"sale","14":"taxable","15":"shipping-taxable","16":"purchasable","17":"product-type-simple"},"_links":{"self":[{"href":"https:\/\/stylingagenten.com\/da\/wp-json\/wp\/v2\/product\/444163","targetHints":{"allow":["GET"]}}],"collection":[{"href":"https:\/\/stylingagenten.com\/da\/wp-json\/wp\/v2\/product"}],"about":[{"href":"https:\/\/stylingagenten.com\/da\/wp-json\/wp\/v2\/types\/product"}],"replies":[{"embeddable":true,"href":"https:\/\/stylingagenten.com\/da\/wp-json\/wp\/v2\/comments?post=444163"}],"version-history":[{"count":0,"href":"https:\/\/stylingagenten.com\/da\/wp-json\/wp\/v2\/product\/444163\/revisions"}],"wp:featuredmedia":[{"embeddable":true,"href":"https:\/\/stylingagenten.com\/da\/wp-json\/wp\/v2\/media\/444159"}],"wp:attachment":[{"href":"https:\/\/stylingagenten.com\/da\/wp-json\/wp\/v2\/media?parent=444163"}],"wp:term":[{"taxonomy":"product_brand","embeddable":true,"href":"https:\/\/stylingagenten.com\/da\/wp-json\/wp\/v2\/product_brand?post=444163"},{"taxonomy":"product_cat","embeddable":true,"href":"https:\/\/stylingagenten.com\/da\/wp-json\/wp\/v2\/product_cat?post=444163"},{"taxonomy":"product_tag","embeddable":true,"href":"https:\/\/stylingagenten.com\/da\/wp-json\/wp\/v2\/product_tag?post=444163"},{"taxonomy":"berocket_brand","embeddable":true,"href":"https:\/\/stylingagenten.com\/da\/wp-json\/wp\/v2\/berocket_brand?post=444163"}],"curies":[{"name":"wp","href":"https:\/\/api.w.org\/{rel}","templated":true}]}}