{"id":442625,"date":"2025-12-16T20:07:13","date_gmt":"2025-12-16T20:07:13","guid":{"rendered":"https:\/\/stylingagenten.com\/da\/produkt\/yves-saint-laurent-l-homme-deostick-75g\/"},"modified":"2026-03-26T18:25:03","modified_gmt":"2026-03-26T18:25:03","slug":"yves-saint-laurent-l-homme-deostick-75g","status":"publish","type":"product","link":"https:\/\/stylingagenten.com\/da\/produkt\/yves-saint-laurent-l-homme-deostick-75g\/","title":{"rendered":"Yves Saint Laurent L Homme Deostick 75g"},"content":{"rendered":"<p>Yves Saint Laurent L&#8217;Homme er en luksuri\u00f8s, karismatisk og varm duft. Den dufter maskulint af citrus, basilikum og tonkab\u00f8nner og passer til den selvsikre mand.<br \/><strong><br \/>Duftnoter:&nbsp;<\/strong>citrusskal, ingef\u00e6r, basilikumblomster, violblade, hvid peber , vetiver, sandeltr\u00e6, cedertr\u00e6 &amp; tonkab&ouml;na.<\/p>\n","protected":false},"excerpt":{"rendered":"<p>Yves Saint Laurent L&#8217;Homme er en luksuri\u00f8s, karismatisk og varm duft. Den dufter maskulint af citrus, basilikum og tonkab\u00f8nner og passer til den selvsikre mand.Duftnoter:&nbsp;citrusskal, ingef\u00e6r, basilikumblomster, violblade, hvid peber , vetiver, sandeltr\u00e6, cedertr\u00e6 &amp; tonkab&ouml;na.<\/p>\n","protected":false},"featured_media":442624,"comment_status":"open","ping_status":"closed","template":"","meta":{"_trash_the_other_posts":false},"product_brand":[],"product_cat":[720,735,1000],"product_tag":[],"berocket_brand":[],"class_list":{"0":"post-442625","1":"product","2":"type-product","3":"status-publish","4":"has-post-thumbnail","6":"product_cat-deostick-herre","7":"product_cat-kampagne","8":"product_cat-kampagnetilbud-til-ham","9":"pa_brand-yves-saint-laurent","11":"first","12":"instock","13":"sale","14":"taxable","15":"shipping-taxable","16":"purchasable","17":"product-type-simple"},"_links":{"self":[{"href":"https:\/\/stylingagenten.com\/da\/wp-json\/wp\/v2\/product\/442625","targetHints":{"allow":["GET"]}}],"collection":[{"href":"https:\/\/stylingagenten.com\/da\/wp-json\/wp\/v2\/product"}],"about":[{"href":"https:\/\/stylingagenten.com\/da\/wp-json\/wp\/v2\/types\/product"}],"replies":[{"embeddable":true,"href":"https:\/\/stylingagenten.com\/da\/wp-json\/wp\/v2\/comments?post=442625"}],"version-history":[{"count":0,"href":"https:\/\/stylingagenten.com\/da\/wp-json\/wp\/v2\/product\/442625\/revisions"}],"wp:featuredmedia":[{"embeddable":true,"href":"https:\/\/stylingagenten.com\/da\/wp-json\/wp\/v2\/media\/442624"}],"wp:attachment":[{"href":"https:\/\/stylingagenten.com\/da\/wp-json\/wp\/v2\/media?parent=442625"}],"wp:term":[{"taxonomy":"product_brand","embeddable":true,"href":"https:\/\/stylingagenten.com\/da\/wp-json\/wp\/v2\/product_brand?post=442625"},{"taxonomy":"product_cat","embeddable":true,"href":"https:\/\/stylingagenten.com\/da\/wp-json\/wp\/v2\/product_cat?post=442625"},{"taxonomy":"product_tag","embeddable":true,"href":"https:\/\/stylingagenten.com\/da\/wp-json\/wp\/v2\/product_tag?post=442625"},{"taxonomy":"berocket_brand","embeddable":true,"href":"https:\/\/stylingagenten.com\/da\/wp-json\/wp\/v2\/berocket_brand?post=442625"}],"curies":[{"name":"wp","href":"https:\/\/api.w.org\/{rel}","templated":true}]}}