{"id":442343,"date":"2025-12-11T11:16:24","date_gmt":"2025-12-11T11:16:24","guid":{"rendered":"https:\/\/stylingagenten.com\/da\/produkt\/bumble-and-bumble-semisumo-styling-pomade-50ml\/"},"modified":"2026-04-08T15:32:21","modified_gmt":"2026-04-08T15:32:21","slug":"bumble-and-bumble-semisumo-styling-pomade-50ml","status":"publish","type":"product","link":"https:\/\/stylingagenten.com\/da\/produkt\/bumble-and-bumble-semisumo-styling-pomade-50ml\/","title":{"rendered":"Bumble and bumble Semisumo Styling Pomade 50ml"},"content":{"rendered":"<p>Bumble and bumble Semisumo Styling Pomade \u2013 Denne elegante pomade giver kraftig glans og let hold med seks enkle ingredienser (og en fantastisk duft).<\/p>\n<p>Hvem: Passer til alle h\u00e5rtyper, is\u00e6r medium til kraftige. Velegnet til farvet eller kemisk behandlet h\u00e5r.<br \/>Hvorn\u00e5r: Som base f\u00f8r h\u00e5rpudder (t\u00f8rshampoo) for bedre greb og en mat effekt, eller som lag over grundl\u00e6ggende produkter (Styling Lotion, Thickening Hairspray, Styling Creme) for ekstra kontrol. Brug i medium til langt h\u00e5r efter f\u00f8nt\u00f8rring for at glatte, reducere frizz og f\u00e5 kontrol. Ogs\u00e5 god til at udj\u00e6vne en ops\u00e6tning for ekstra glans og definition. Brug i kort h\u00e5r til detaljer.<\/p>\n<p>50 ml<\/p>\n","protected":false},"excerpt":{"rendered":"<p>Bumble and bumble Semisumo Styling Pomade \u2013 Denne elegante pomade giver kraftig glans og let hold med seks enkle ingredienser (og en fantastisk duft). Hvem: Passer til alle h\u00e5rtyper, is\u00e6r medium til kraftige. Velegnet til farvet eller kemisk behandlet h\u00e5r.Hvorn\u00e5r: Som base f\u00f8r h\u00e5rpudder (t\u00f8rshampoo) for bedre greb og en mat effekt, eller som lag [&hellip;]<\/p>\n","protected":false},"featured_media":442339,"comment_status":"open","ping_status":"closed","template":"","meta":{"_trash_the_other_posts":false},"product_brand":[],"product_cat":[703],"product_tag":[],"berocket_brand":[6711],"class_list":{"0":"post-442343","1":"product","2":"type-product","3":"status-publish","4":"has-post-thumbnail","6":"product_cat-pomade","7":"pa_brand-bumble-and-bumble","8":"berocket_brand-bumble-and-bumble","10":"first","11":"instock","12":"sale","13":"taxable","14":"shipping-taxable","15":"purchasable","16":"product-type-simple"},"_links":{"self":[{"href":"https:\/\/stylingagenten.com\/da\/wp-json\/wp\/v2\/product\/442343","targetHints":{"allow":["GET"]}}],"collection":[{"href":"https:\/\/stylingagenten.com\/da\/wp-json\/wp\/v2\/product"}],"about":[{"href":"https:\/\/stylingagenten.com\/da\/wp-json\/wp\/v2\/types\/product"}],"replies":[{"embeddable":true,"href":"https:\/\/stylingagenten.com\/da\/wp-json\/wp\/v2\/comments?post=442343"}],"version-history":[{"count":0,"href":"https:\/\/stylingagenten.com\/da\/wp-json\/wp\/v2\/product\/442343\/revisions"}],"wp:featuredmedia":[{"embeddable":true,"href":"https:\/\/stylingagenten.com\/da\/wp-json\/wp\/v2\/media\/442339"}],"wp:attachment":[{"href":"https:\/\/stylingagenten.com\/da\/wp-json\/wp\/v2\/media?parent=442343"}],"wp:term":[{"taxonomy":"product_brand","embeddable":true,"href":"https:\/\/stylingagenten.com\/da\/wp-json\/wp\/v2\/product_brand?post=442343"},{"taxonomy":"product_cat","embeddable":true,"href":"https:\/\/stylingagenten.com\/da\/wp-json\/wp\/v2\/product_cat?post=442343"},{"taxonomy":"product_tag","embeddable":true,"href":"https:\/\/stylingagenten.com\/da\/wp-json\/wp\/v2\/product_tag?post=442343"},{"taxonomy":"berocket_brand","embeddable":true,"href":"https:\/\/stylingagenten.com\/da\/wp-json\/wp\/v2\/berocket_brand?post=442343"}],"curies":[{"name":"wp","href":"https:\/\/api.w.org\/{rel}","templated":true}]}}