{"id":441642,"date":"2025-12-03T13:36:31","date_gmt":"2025-12-03T13:36:31","guid":{"rendered":"https:\/\/stylingagenten.com\/da\/produkt\/montblanc-lady-emblem-elixir-edp-75ml\/"},"modified":"2026-03-26T18:24:15","modified_gmt":"2026-03-26T18:24:15","slug":"montblanc-lady-emblem-elixir-edp-75ml","status":"publish","type":"product","link":"https:\/\/stylingagenten.com\/da\/produkt\/montblanc-lady-emblem-elixir-edp-75ml\/","title":{"rendered":"Montblanc Lady Emblem Elixir Edp 75ml"},"content":{"rendered":"<p>Lady Emblem Elixir er skabt til den unikke, sofistikerede og st\u00e6rke kvinde. Topnoter af damaskroser spredt af en b\u00f8lge af honning og krydderier legemligg\u00f8r denne nye definition af femininitet. Duftens base afsl\u00f8rer en intens tr\u00e6agtig signatur med patchouli og vanilje.<\/p>\n","protected":false},"excerpt":{"rendered":"<p>Lady Emblem Elixir er skabt til den unikke, sofistikerede og st\u00e6rke kvinde. Topnoter af damaskroser spredt af en b\u00f8lge af honning og krydderier legemligg\u00f8r denne nye definition af femininitet. Duftens base afsl\u00f8rer en intens tr\u00e6agtig signatur med patchouli og vanilje.<\/p>\n","protected":false},"featured_media":441640,"comment_status":"open","ping_status":"closed","template":"","meta":{"_trash_the_other_posts":false},"product_brand":[],"product_cat":[706,735,999],"product_tag":[],"berocket_brand":[1079],"class_list":{"0":"post-441642","1":"product","2":"type-product","3":"status-publish","4":"has-post-thumbnail","6":"product_cat-eau-de-parfum-dame","7":"product_cat-kampagne","8":"product_cat-kampagnetilbud-til-hende","9":"pa_brand-mont-blanc","10":"berocket_brand-mont-blanc","12":"first","13":"instock","14":"sale","15":"taxable","16":"shipping-taxable","17":"purchasable","18":"product-type-simple"},"_links":{"self":[{"href":"https:\/\/stylingagenten.com\/da\/wp-json\/wp\/v2\/product\/441642","targetHints":{"allow":["GET"]}}],"collection":[{"href":"https:\/\/stylingagenten.com\/da\/wp-json\/wp\/v2\/product"}],"about":[{"href":"https:\/\/stylingagenten.com\/da\/wp-json\/wp\/v2\/types\/product"}],"replies":[{"embeddable":true,"href":"https:\/\/stylingagenten.com\/da\/wp-json\/wp\/v2\/comments?post=441642"}],"version-history":[{"count":0,"href":"https:\/\/stylingagenten.com\/da\/wp-json\/wp\/v2\/product\/441642\/revisions"}],"wp:featuredmedia":[{"embeddable":true,"href":"https:\/\/stylingagenten.com\/da\/wp-json\/wp\/v2\/media\/441640"}],"wp:attachment":[{"href":"https:\/\/stylingagenten.com\/da\/wp-json\/wp\/v2\/media?parent=441642"}],"wp:term":[{"taxonomy":"product_brand","embeddable":true,"href":"https:\/\/stylingagenten.com\/da\/wp-json\/wp\/v2\/product_brand?post=441642"},{"taxonomy":"product_cat","embeddable":true,"href":"https:\/\/stylingagenten.com\/da\/wp-json\/wp\/v2\/product_cat?post=441642"},{"taxonomy":"product_tag","embeddable":true,"href":"https:\/\/stylingagenten.com\/da\/wp-json\/wp\/v2\/product_tag?post=441642"},{"taxonomy":"berocket_brand","embeddable":true,"href":"https:\/\/stylingagenten.com\/da\/wp-json\/wp\/v2\/berocket_brand?post=441642"}],"curies":[{"name":"wp","href":"https:\/\/api.w.org\/{rel}","templated":true}]}}