{"id":431224,"date":"2025-11-04T09:19:02","date_gmt":"2025-11-04T09:19:02","guid":{"rendered":"https:\/\/stylingagenten.com\/da\/produkt\/bjork-tamja-hair-oil-50ml\/"},"modified":"2026-03-31T04:18:50","modified_gmt":"2026-03-31T04:18:50","slug":"bjork-tamja-hair-oil-50ml","status":"publish","type":"product","link":"https:\/\/stylingagenten.com\/da\/produkt\/bjork-tamja-hair-oil-50ml\/","title":{"rendered":"Bj\u00f6rk T\u00c4MJA Hair Oil 50ml"},"content":{"rendered":"<p>Bj\u00f6rk T\u00c4MJA Hair Oil er en n\u00e6rende h\u00e5rolie beriget med sheasm\u00f8r, solsikke- og jojobaolie, der fugter, bl\u00f8dg\u00f8r og t\u00e6mmer krus. Indeholder ogs\u00e5 havreolie, som er rig p\u00e5 ceramider \u2013 hvilket forebygger slid og giver glans. Olien har UV- og varmebeskyttelse, beskytter mod luftfugtighed og indeholder E-vitamin og rosmarinbladekstrakt for st\u00e6rkere h\u00e5r mod ydre forurening.<\/p>\n<p>50 ml<\/p>\n","protected":false},"excerpt":{"rendered":"<p>Bj\u00f6rk T\u00c4MJA Hair Oil er en n\u00e6rende h\u00e5rolie beriget med sheasm\u00f8r, solsikke- og jojobaolie, der fugter, bl\u00f8dg\u00f8r og t\u00e6mmer krus. Indeholder ogs\u00e5 havreolie, som er rig p\u00e5 ceramider \u2013 hvilket forebygger slid og giver glans. Olien har UV- og varmebeskyttelse, beskytter mod luftfugtighed og indeholder E-vitamin og rosmarinbladekstrakt for st\u00e6rkere h\u00e5r mod ydre forurening. 50 [&hellip;]<\/p>\n","protected":false},"featured_media":431223,"comment_status":"open","ping_status":"closed","template":"","meta":{"_trash_the_other_posts":false},"product_brand":[],"product_cat":[610],"product_tag":[],"berocket_brand":[1418],"class_list":{"0":"post-431224","1":"product","2":"type-product","3":"status-publish","4":"has-post-thumbnail","6":"product_cat-har-olie","7":"pa_brand-bjork","8":"berocket_brand-bjork","10":"first","11":"instock","12":"sale","13":"taxable","14":"shipping-taxable","15":"purchasable","16":"product-type-simple"},"_links":{"self":[{"href":"https:\/\/stylingagenten.com\/da\/wp-json\/wp\/v2\/product\/431224","targetHints":{"allow":["GET"]}}],"collection":[{"href":"https:\/\/stylingagenten.com\/da\/wp-json\/wp\/v2\/product"}],"about":[{"href":"https:\/\/stylingagenten.com\/da\/wp-json\/wp\/v2\/types\/product"}],"replies":[{"embeddable":true,"href":"https:\/\/stylingagenten.com\/da\/wp-json\/wp\/v2\/comments?post=431224"}],"version-history":[{"count":0,"href":"https:\/\/stylingagenten.com\/da\/wp-json\/wp\/v2\/product\/431224\/revisions"}],"wp:featuredmedia":[{"embeddable":true,"href":"https:\/\/stylingagenten.com\/da\/wp-json\/wp\/v2\/media\/431223"}],"wp:attachment":[{"href":"https:\/\/stylingagenten.com\/da\/wp-json\/wp\/v2\/media?parent=431224"}],"wp:term":[{"taxonomy":"product_brand","embeddable":true,"href":"https:\/\/stylingagenten.com\/da\/wp-json\/wp\/v2\/product_brand?post=431224"},{"taxonomy":"product_cat","embeddable":true,"href":"https:\/\/stylingagenten.com\/da\/wp-json\/wp\/v2\/product_cat?post=431224"},{"taxonomy":"product_tag","embeddable":true,"href":"https:\/\/stylingagenten.com\/da\/wp-json\/wp\/v2\/product_tag?post=431224"},{"taxonomy":"berocket_brand","embeddable":true,"href":"https:\/\/stylingagenten.com\/da\/wp-json\/wp\/v2\/berocket_brand?post=431224"}],"curies":[{"name":"wp","href":"https:\/\/api.w.org\/{rel}","templated":true}]}}