{"id":431091,"date":"2025-11-03T14:25:28","date_gmt":"2025-11-03T14:25:28","guid":{"rendered":"https:\/\/stylingagenten.com\/da\/produkt\/acqua-di-parma-colonia-pura-edc-50ml\/"},"modified":"2026-03-26T21:32:05","modified_gmt":"2026-03-26T21:32:05","slug":"acqua-di-parma-colonia-pura-edc-50ml","status":"publish","type":"product","link":"https:\/\/stylingagenten.com\/da\/produkt\/acqua-di-parma-colonia-pura-edc-50ml\/","title":{"rendered":"Acqua di Parma Colonia Pura Edc 50ml"},"content":{"rendered":"<p>En Eau de Cologne med en moderne lethed, fyldt med frisk og ungdommelig energi. Colonia Pura indfanger den ikoniske italienske f\u00f8lelse af raffineret nydelse, uds\u00f8gt stil og sans for detaljer. Duftens akvatiske sensualitet v\u00e6kkes til live med spr\u00f8de og solrige topnoter af lys bergamot, kombineret med saftig appelsin og delikat petitgrain. Disse giver plads til den vitale energi i hjertet, der best\u00e5r af jasmin sambac absolute og narcissus absolute. Duften udvikler sig derefter til en uventet kombination af krydrede noter af koriander, som forenes harmonisk med de varme og sofistikerede noter af patchouli, cedertr\u00e6 og moskus i basen. Klassisk, men samtidig moderne \u2013 resultatet er en str\u00e5lende dynamik, der hylder livet, inspirerer og giver en f\u00f8lelse af diskret elegance med fokus p\u00e5 det essentielle.<\/p>\n<p>50ml<\/p>\n","protected":false},"excerpt":{"rendered":"<p>En Eau de Cologne med en moderne lethed, fyldt med frisk og ungdommelig energi. Colonia Pura indfanger den ikoniske italienske f\u00f8lelse af raffineret nydelse, uds\u00f8gt stil og sans for detaljer. Duftens akvatiske sensualitet v\u00e6kkes til live med spr\u00f8de og solrige topnoter af lys bergamot, kombineret med saftig appelsin og delikat petitgrain. Disse giver plads til [&hellip;]<\/p>\n","protected":false},"featured_media":431088,"comment_status":"open","ping_status":"closed","template":"","meta":{"_trash_the_other_posts":false},"product_brand":[],"product_cat":[710,735,1000],"product_tag":[],"berocket_brand":[1161],"class_list":{"0":"post-431091","1":"product","2":"type-product","3":"status-publish","4":"has-post-thumbnail","6":"product_cat-eau-de-cologne-mister","7":"product_cat-kampagne","8":"product_cat-kampagnetilbud-til-ham","9":"pa_brand-acqua-di-parma","10":"berocket_brand-acqua-di-parma","12":"first","13":"instock","14":"sale","15":"taxable","16":"shipping-taxable","17":"purchasable","18":"product-type-simple"},"_links":{"self":[{"href":"https:\/\/stylingagenten.com\/da\/wp-json\/wp\/v2\/product\/431091","targetHints":{"allow":["GET"]}}],"collection":[{"href":"https:\/\/stylingagenten.com\/da\/wp-json\/wp\/v2\/product"}],"about":[{"href":"https:\/\/stylingagenten.com\/da\/wp-json\/wp\/v2\/types\/product"}],"replies":[{"embeddable":true,"href":"https:\/\/stylingagenten.com\/da\/wp-json\/wp\/v2\/comments?post=431091"}],"version-history":[{"count":0,"href":"https:\/\/stylingagenten.com\/da\/wp-json\/wp\/v2\/product\/431091\/revisions"}],"wp:featuredmedia":[{"embeddable":true,"href":"https:\/\/stylingagenten.com\/da\/wp-json\/wp\/v2\/media\/431088"}],"wp:attachment":[{"href":"https:\/\/stylingagenten.com\/da\/wp-json\/wp\/v2\/media?parent=431091"}],"wp:term":[{"taxonomy":"product_brand","embeddable":true,"href":"https:\/\/stylingagenten.com\/da\/wp-json\/wp\/v2\/product_brand?post=431091"},{"taxonomy":"product_cat","embeddable":true,"href":"https:\/\/stylingagenten.com\/da\/wp-json\/wp\/v2\/product_cat?post=431091"},{"taxonomy":"product_tag","embeddable":true,"href":"https:\/\/stylingagenten.com\/da\/wp-json\/wp\/v2\/product_tag?post=431091"},{"taxonomy":"berocket_brand","embeddable":true,"href":"https:\/\/stylingagenten.com\/da\/wp-json\/wp\/v2\/berocket_brand?post=431091"}],"curies":[{"name":"wp","href":"https:\/\/api.w.org\/{rel}","templated":true}]}}