{"id":431079,"date":"2025-11-03T14:24:57","date_gmt":"2025-11-03T14:24:57","guid":{"rendered":"https:\/\/stylingagenten.com\/da\/produkt\/ralph-lauren-polo-sport-fresh-edt-125ml\/"},"modified":"2026-04-11T13:38:30","modified_gmt":"2026-04-11T13:38:30","slug":"ralph-lauren-polo-sport-fresh-edt-125ml","status":"publish","type":"product","link":"https:\/\/stylingagenten.com\/da\/produkt\/ralph-lauren-polo-sport-fresh-edt-125ml\/","title":{"rendered":"Ralph Lauren Polo Sport Fresh Edt 125ml"},"content":{"rendered":"<p>Ralph Lauren Polo Sport Fresh Eau de Toilette er en aromatisk unisexduft, der giver ny energi til den ikoniske Polo Sport-klassiker. Denne forfriskende citrusduft \u00e5bner med en glitrende eksplosion af saftig mandarin, g\u00e5r over i kraftfulde irisnoter og afsluttes med en intens akkord af frostet tr\u00e6 med mynte. Perfekt til dig, der vil opleve styrken af en moderne fortolkning af en tidl\u00f8s favorit. En EdT, der passer lige godt til hverdag som til s\u00e6rlige lejligheder.<\/p>\n<p>125ml<\/p>\n","protected":false},"excerpt":{"rendered":"<p>Ralph Lauren Polo Sport Fresh Eau de Toilette er en aromatisk unisexduft, der giver ny energi til den ikoniske Polo Sport-klassiker. Denne forfriskende citrusduft \u00e5bner med en glitrende eksplosion af saftig mandarin, g\u00e5r over i kraftfulde irisnoter og afsluttes med en intens akkord af frostet tr\u00e6 med mynte. Perfekt til dig, der vil opleve styrken [&hellip;]<\/p>\n","protected":false},"featured_media":431076,"comment_status":"open","ping_status":"closed","template":"","meta":{"_trash_the_other_posts":false},"product_brand":[],"product_cat":[730,735,1000],"product_tag":[],"berocket_brand":[1015],"class_list":{"0":"post-431079","1":"product","2":"type-product","3":"status-publish","4":"has-post-thumbnail","6":"product_cat-eau-de-toilette-unisex","7":"product_cat-kampagne","8":"product_cat-kampagnetilbud-til-ham","9":"pa_brand-ralph-lauren","10":"berocket_brand-ralph-lauren","12":"first","13":"instock","14":"sale","15":"taxable","16":"shipping-taxable","17":"purchasable","18":"product-type-simple"},"_links":{"self":[{"href":"https:\/\/stylingagenten.com\/da\/wp-json\/wp\/v2\/product\/431079","targetHints":{"allow":["GET"]}}],"collection":[{"href":"https:\/\/stylingagenten.com\/da\/wp-json\/wp\/v2\/product"}],"about":[{"href":"https:\/\/stylingagenten.com\/da\/wp-json\/wp\/v2\/types\/product"}],"replies":[{"embeddable":true,"href":"https:\/\/stylingagenten.com\/da\/wp-json\/wp\/v2\/comments?post=431079"}],"version-history":[{"count":0,"href":"https:\/\/stylingagenten.com\/da\/wp-json\/wp\/v2\/product\/431079\/revisions"}],"wp:featuredmedia":[{"embeddable":true,"href":"https:\/\/stylingagenten.com\/da\/wp-json\/wp\/v2\/media\/431076"}],"wp:attachment":[{"href":"https:\/\/stylingagenten.com\/da\/wp-json\/wp\/v2\/media?parent=431079"}],"wp:term":[{"taxonomy":"product_brand","embeddable":true,"href":"https:\/\/stylingagenten.com\/da\/wp-json\/wp\/v2\/product_brand?post=431079"},{"taxonomy":"product_cat","embeddable":true,"href":"https:\/\/stylingagenten.com\/da\/wp-json\/wp\/v2\/product_cat?post=431079"},{"taxonomy":"product_tag","embeddable":true,"href":"https:\/\/stylingagenten.com\/da\/wp-json\/wp\/v2\/product_tag?post=431079"},{"taxonomy":"berocket_brand","embeddable":true,"href":"https:\/\/stylingagenten.com\/da\/wp-json\/wp\/v2\/berocket_brand?post=431079"}],"curies":[{"name":"wp","href":"https:\/\/api.w.org\/{rel}","templated":true}]}}