{"id":428953,"date":"2025-09-30T12:08:44","date_gmt":"2025-09-30T12:08:44","guid":{"rendered":"https:\/\/stylingagenten.com\/da\/produkt\/giftset-adidas-team-force-edt-50ml-after-shave-100ml-bag\/"},"modified":"2026-04-15T01:58:36","modified_gmt":"2026-04-15T01:58:36","slug":"giftset-adidas-team-force-edt-50ml-after-shave-100ml-bag","status":"publish","type":"product","link":"https:\/\/stylingagenten.com\/da\/produkt\/giftset-adidas-team-force-edt-50ml-after-shave-100ml-bag\/","title":{"rendered":"Giftset Adidas Team Force Edt 50ml + After Shave 100ml + Bag"},"content":{"rendered":"<p>Opdag Team Force-gaves\u00e6ttet til m\u00e6nd, det perfekte valg for at udtrykke beslutsomhed og styrke i din atletiske \u00e5nd.<\/p>\n<p>S\u00e6ttet indeholder en 50 ml Eau de Toilette, 100 ml After Shave og en toilettaske.<\/p>\n<p>Team Force er en duft med intense citrus- og tr\u00e6noter, som giver en f\u00f8lelse af fornyelse og selvtillid. Den er egnet til daglig brug og s\u00e6rligt designet til m\u00e6nd, der lever livet med passion og energi.<\/p>\n","protected":false},"excerpt":{"rendered":"<p>Opdag Team Force-gaves\u00e6ttet til m\u00e6nd, det perfekte valg for at udtrykke beslutsomhed og styrke i din atletiske \u00e5nd. S\u00e6ttet indeholder en 50 ml Eau de Toilette, 100 ml After Shave og en toilettaske. Team Force er en duft med intense citrus- og tr\u00e6noter, som giver en f\u00f8lelse af fornyelse og selvtillid. Den er egnet til [&hellip;]<\/p>\n","protected":false},"featured_media":428952,"comment_status":"open","ping_status":"closed","template":"","meta":{"_trash_the_other_posts":false},"product_brand":[],"product_cat":[548,735,1000],"product_tag":[],"berocket_brand":[1197],"class_list":{"0":"post-428953","1":"product","2":"type-product","3":"status-publish","4":"has-post-thumbnail","6":"product_cat-gavesaet-parfume-maend","7":"product_cat-kampagne","8":"product_cat-kampagnetilbud-til-ham","9":"pa_brand-adidas","10":"berocket_brand-adidas","12":"first","13":"instock","14":"sale","15":"taxable","16":"shipping-taxable","17":"purchasable","18":"product-type-simple"},"_links":{"self":[{"href":"https:\/\/stylingagenten.com\/da\/wp-json\/wp\/v2\/product\/428953","targetHints":{"allow":["GET"]}}],"collection":[{"href":"https:\/\/stylingagenten.com\/da\/wp-json\/wp\/v2\/product"}],"about":[{"href":"https:\/\/stylingagenten.com\/da\/wp-json\/wp\/v2\/types\/product"}],"replies":[{"embeddable":true,"href":"https:\/\/stylingagenten.com\/da\/wp-json\/wp\/v2\/comments?post=428953"}],"version-history":[{"count":0,"href":"https:\/\/stylingagenten.com\/da\/wp-json\/wp\/v2\/product\/428953\/revisions"}],"wp:featuredmedia":[{"embeddable":true,"href":"https:\/\/stylingagenten.com\/da\/wp-json\/wp\/v2\/media\/428952"}],"wp:attachment":[{"href":"https:\/\/stylingagenten.com\/da\/wp-json\/wp\/v2\/media?parent=428953"}],"wp:term":[{"taxonomy":"product_brand","embeddable":true,"href":"https:\/\/stylingagenten.com\/da\/wp-json\/wp\/v2\/product_brand?post=428953"},{"taxonomy":"product_cat","embeddable":true,"href":"https:\/\/stylingagenten.com\/da\/wp-json\/wp\/v2\/product_cat?post=428953"},{"taxonomy":"product_tag","embeddable":true,"href":"https:\/\/stylingagenten.com\/da\/wp-json\/wp\/v2\/product_tag?post=428953"},{"taxonomy":"berocket_brand","embeddable":true,"href":"https:\/\/stylingagenten.com\/da\/wp-json\/wp\/v2\/berocket_brand?post=428953"}],"curies":[{"name":"wp","href":"https:\/\/api.w.org\/{rel}","templated":true}]}}