{"id":428937,"date":"2025-09-30T11:37:40","date_gmt":"2025-09-30T11:37:40","guid":{"rendered":"https:\/\/stylingagenten.com\/da\/produkt\/lanza-keratin-healing-oil-rapid-bond-reconstructur-100ml\/"},"modified":"2026-04-08T15:31:19","modified_gmt":"2026-04-08T15:31:19","slug":"lanza-keratin-healing-oil-rapid-bond-reconstructur-100ml","status":"publish","type":"product","link":"https:\/\/stylingagenten.com\/da\/produkt\/lanza-keratin-healing-oil-rapid-bond-reconstructur-100ml\/","title":{"rendered":"L&#8217;anza Keratin Healing Oil Rapid Bond Reconstructur 100ml"},"content":{"rendered":"<p>Lanza Rapid Bond Reconstructor er en kraftfuld, styrkende h\u00e5rkur. P\u00e5 blot f\u00e5 minutter genopbygger, styrker og beskytter den h\u00e5rets bindinger med en avanceret bond-building-teknologi. Sammens\u00e6tningen af ingredienser gendanner h\u00e5rets styrke og elasticitet, modvirker spaltede spidser og giver beskyttelse mod varme, UV samt mekaniske og kemiske p\u00e5virkninger. Rapid Bond Reconstructor giver dit h\u00e5r de bedste foruds\u00e6tninger og l\u00f8fter det til et helt nyt niveau.<\/p>\n<p>100ml<\/p>\n","protected":false},"excerpt":{"rendered":"<p>Lanza Rapid Bond Reconstructor er en kraftfuld, styrkende h\u00e5rkur. P\u00e5 blot f\u00e5 minutter genopbygger, styrker og beskytter den h\u00e5rets bindinger med en avanceret bond-building-teknologi. Sammens\u00e6tningen af ingredienser gendanner h\u00e5rets styrke og elasticitet, modvirker spaltede spidser og giver beskyttelse mod varme, UV samt mekaniske og kemiske p\u00e5virkninger. Rapid Bond Reconstructor giver dit h\u00e5r de bedste foruds\u00e6tninger [&hellip;]<\/p>\n","protected":false},"featured_media":428935,"comment_status":"open","ping_status":"closed","template":"","meta":{"_trash_the_other_posts":false},"product_brand":[],"product_cat":[610],"product_tag":[],"berocket_brand":[1082],"class_list":{"0":"post-428937","1":"product","2":"type-product","3":"status-publish","4":"has-post-thumbnail","6":"product_cat-har-olie","7":"pa_brand-lanza","8":"berocket_brand-lanza","10":"first","11":"instock","12":"sale","13":"taxable","14":"shipping-taxable","15":"purchasable","16":"product-type-simple"},"_links":{"self":[{"href":"https:\/\/stylingagenten.com\/da\/wp-json\/wp\/v2\/product\/428937","targetHints":{"allow":["GET"]}}],"collection":[{"href":"https:\/\/stylingagenten.com\/da\/wp-json\/wp\/v2\/product"}],"about":[{"href":"https:\/\/stylingagenten.com\/da\/wp-json\/wp\/v2\/types\/product"}],"replies":[{"embeddable":true,"href":"https:\/\/stylingagenten.com\/da\/wp-json\/wp\/v2\/comments?post=428937"}],"version-history":[{"count":0,"href":"https:\/\/stylingagenten.com\/da\/wp-json\/wp\/v2\/product\/428937\/revisions"}],"wp:featuredmedia":[{"embeddable":true,"href":"https:\/\/stylingagenten.com\/da\/wp-json\/wp\/v2\/media\/428935"}],"wp:attachment":[{"href":"https:\/\/stylingagenten.com\/da\/wp-json\/wp\/v2\/media?parent=428937"}],"wp:term":[{"taxonomy":"product_brand","embeddable":true,"href":"https:\/\/stylingagenten.com\/da\/wp-json\/wp\/v2\/product_brand?post=428937"},{"taxonomy":"product_cat","embeddable":true,"href":"https:\/\/stylingagenten.com\/da\/wp-json\/wp\/v2\/product_cat?post=428937"},{"taxonomy":"product_tag","embeddable":true,"href":"https:\/\/stylingagenten.com\/da\/wp-json\/wp\/v2\/product_tag?post=428937"},{"taxonomy":"berocket_brand","embeddable":true,"href":"https:\/\/stylingagenten.com\/da\/wp-json\/wp\/v2\/berocket_brand?post=428937"}],"curies":[{"name":"wp","href":"https:\/\/api.w.org\/{rel}","templated":true}]}}